{"id":1918,"date":"2015-02-22T19:55:57","date_gmt":"2015-02-22T18:55:57","guid":{"rendered":"https:\/\/wildanger.hu\/?page_id=1918"},"modified":"2026-02-17T08:09:41","modified_gmt":"2026-02-17T07:09:41","slug":"startseite","status":"publish","type":"page","link":"https:\/\/wildanger.hu\/de\/","title":{"rendered":"Startseite"},"content":{"rendered":"\n<style type=\"text\/css\" data-created_by=\"avia_inline_auto\" id=\"style-css-av-wutpam-7e5e5d52ac7ca573646e3d67605f9b9e\">\n.avia-section.av-wutpam-7e5e5d52ac7ca573646e3d67605f9b9e{\nbackground-repeat:no-repeat;\nbackground-image:url(https:\/\/wildanger.hu\/wp-content\/uploads\/Kezdolap-boritokep-1030x687.png);\nbackground-position:50% 50%;\nbackground-attachment:scroll;\n}\n.avia-section.av-wutpam-7e5e5d52ac7ca573646e3d67605f9b9e .av-section-color-overlay{\nopacity:0.2;\nbackground-color:#2b1a08;\n}\n<\/style>\n<div id='av_section_1'  class='avia-section av-wutpam-7e5e5d52ac7ca573646e3d67605f9b9e main_color avia-section-default avia-no-border-styling  avia-builder-el-0  el_before_av_section  avia-builder-el-first  avia-full-stretch avia-bg-style-scroll av-section-color-overlay-active av-minimum-height av-minimum-height-100 av-height-100  container_wrap fullsize'  data-section-bg-repeat='stretch' data-av_minimum_height_pc='100' data-av_min_height_opt='100'><div class=\"av-section-color-overlay-wrap\"><div class=\"av-section-color-overlay\"><\/div><a href='#next-section' title='' class='scroll-down-link  avia-svg-icon avia-font-svg_entypo-fontello' data-av_svg_icon='down-open-mini' data-av_iconset='svg_entypo-fontello'><svg version=\"1.1\" xmlns=\"http:\/\/www.w3.org\/2000\/svg\" width=\"15\" height=\"32\" viewBox=\"0 0 15 32\" preserveAspectRatio=\"xMidYMid meet\" aria-labelledby='av-svg-title-1' aria-describedby='av-svg-desc-1' role=\"graphics-symbol\" aria-hidden=\"true\">\n<title id='av-svg-title-1'>Scroll to next section<\/title>\n<desc id='av-svg-desc-1'>Scroll to next section<\/desc>\n<path d=\"M12.96 12.16q0.704-0.832 1.536 0 0.832 0.704 0 1.536l-6.272 6.144q-0.704 0.704-1.536 0l-6.272-6.144q-0.832-0.832 0-1.536 0.768-0.768 1.6 0l5.44 4.992z\"><\/path>\n<\/svg><\/a><div class='container av-section-cont-open' ><main  role=\"main\" itemprop=\"mainContentOfPage\"  class='template-page content  av-content-full alpha units'><div class='post-entry post-entry-type-page post-entry-1918'><div class='entry-content-wrapper clearfix'>\n<div  class='flex_column av-u3s13i-de5a217172979108538cb65921b80c58 av_one_full  avia-builder-el-1  avia-builder-el-no-sibling  first flex_column_div  '     ><p>\n<style type=\"text\/css\" data-created_by=\"avia_inline_auto\" id=\"style-css-av-tpq77y-e0ebf77ec9cbd9190055052f4e4e580d\">\n#top .av-special-heading.av-tpq77y-e0ebf77ec9cbd9190055052f4e4e580d{\npadding-bottom:10px;\ncolor:#ffffff;\n}\nbody .av-special-heading.av-tpq77y-e0ebf77ec9cbd9190055052f4e4e580d .av-special-heading-tag .heading-char{\nfont-size:25px;\n}\n.av-special-heading.av-tpq77y-e0ebf77ec9cbd9190055052f4e4e580d .special-heading-inner-border{\nborder-color:#ffffff;\n}\n.av-special-heading.av-tpq77y-e0ebf77ec9cbd9190055052f4e4e580d .av-subheading{\nfont-size:15px;\n}\n<\/style>\n<div  class='av-special-heading av-tpq77y-e0ebf77ec9cbd9190055052f4e4e580d av-special-heading-h1 custom-color-heading blockquote modern-quote  avia-builder-el-2  el_before_av_hr  avia-builder-el-first '><h1 class='av-special-heading-tag '  itemprop=\"headline\"  >Willkommen in unserer Werkstatt f\u00fcr M\u00f6belbau und Drechselarbeiten!<\/h1><div class=\"special-heading-border\"><div class=\"special-heading-inner-border\"><\/div><\/div><\/div><br \/>\n\n<style type=\"text\/css\" data-created_by=\"avia_inline_auto\" id=\"style-css-av-rl92ke-72006f08115f6af99445ac6f5f6c55cd\">\n#top .hr.av-rl92ke-72006f08115f6af99445ac6f5f6c55cd{\nmargin-top:40px;\nmargin-bottom:40px;\n}\n.hr.av-rl92ke-72006f08115f6af99445ac6f5f6c55cd .hr-inner{\nwidth:50px;\nborder-color:#ffffff;\n}\n<\/style>\n<div  class='hr av-rl92ke-72006f08115f6af99445ac6f5f6c55cd hr-custom  avia-builder-el-3  el_after_av_heading  avia-builder-el-last  hr-left hr-icon-no'><span class='hr-inner inner-border-av-border-fat'><span class=\"hr-inner-style\"><\/span><\/span><\/div><\/p><\/div>\n\n<\/div><\/div><\/main><!-- close content main element --><\/div><\/div><\/div><div id='av_section_2'  class='avia-section av-2kg8am-407aa0b45bc9c99c7d83c691a59dd24b main_color avia-section-huge avia-no-border-styling  avia-builder-el-4  el_after_av_section  el_before_av_section  avia-bg-style-scroll container_wrap fullsize'  ><div class='container av-section-cont-open' ><div class='template-page content  av-content-full alpha units'><div class='post-entry post-entry-type-page post-entry-1918'><div class='entry-content-wrapper clearfix'>\n<div  class='flex_column av-2fsu26-03ec6178161a7287766567f894adcc0c av_one_full  avia-builder-el-5  el_before_av_one_half  avia-builder-el-first  first flex_column_div  '     ><p>\n<style type=\"text\/css\" data-created_by=\"avia_inline_auto\" id=\"style-css-av-n1bsku-597c2a051a870119f876e7692d59dca4\">\n#top .av-special-heading.av-n1bsku-597c2a051a870119f876e7692d59dca4{\nmargin:0 0 0 0;\npadding-bottom:0;\n}\nbody .av-special-heading.av-n1bsku-597c2a051a870119f876e7692d59dca4 .av-special-heading-tag .heading-char{\nfont-size:25px;\n}\n#top #wrap_all .av-special-heading.av-n1bsku-597c2a051a870119f876e7692d59dca4 .av-special-heading-tag{\npadding:0 0 0 0;\n}\n.av-special-heading.av-n1bsku-597c2a051a870119f876e7692d59dca4 .av-subheading{\nfont-size:15px;\n}\n<\/style>\n<div  class='av-special-heading av-n1bsku-597c2a051a870119f876e7692d59dca4 av-special-heading-h2 blockquote modern-quote  avia-builder-el-6  el_before_av_heading  avia-builder-el-first '><h2 class='av-special-heading-tag '  itemprop=\"headline\"  >W\u00e4hlen Sie den Bereich, der Sie interessiert, und entdecken Sie unsere individuellen Arbeiten!<\/h2><div class=\"special-heading-border\"><div class=\"special-heading-inner-border\"><\/div><\/div><\/div><br \/>\n\n<style type=\"text\/css\" data-created_by=\"avia_inline_auto\" id=\"style-css-av-kyw6j2-a1a71e2d0922ce921be536edd806265a\">\n#top .av-special-heading.av-kyw6j2-a1a71e2d0922ce921be536edd806265a{\nmargin:0 0 0 0;\npadding-bottom:10px;\n}\nbody .av-special-heading.av-kyw6j2-a1a71e2d0922ce921be536edd806265a .av-special-heading-tag .heading-char{\nfont-size:25px;\n}\n#top #wrap_all .av-special-heading.av-kyw6j2-a1a71e2d0922ce921be536edd806265a .av-special-heading-tag{\npadding:0 0 0 0;\n}\n.av-special-heading.av-kyw6j2-a1a71e2d0922ce921be536edd806265a .av-subheading{\nfont-size:15px;\n}\n<\/style>\n<div  class='av-special-heading av-kyw6j2-a1a71e2d0922ce921be536edd806265a av-special-heading-h3 blockquote modern-quote  avia-builder-el-7  el_after_av_heading  avia-builder-el-last '><h3 class='av-special-heading-tag '  itemprop=\"headline\"  > \u2013 von M\u00f6beln bis zu besonderen Drechselst\u00fccken.<\/h3><div class=\"special-heading-border\"><div class=\"special-heading-inner-border\"><\/div><\/div><\/div><\/p><\/div><div class='flex_column_table av-jmrxf2-4f62b21b7b1d20ac60f6d3df7eac67fc sc-av_one_half av-equal-height-column-flextable'>\n<style type=\"text\/css\" data-created_by=\"avia_inline_auto\" id=\"style-css-av-jmrxf2-4f62b21b7b1d20ac60f6d3df7eac67fc\">\n@keyframes av_boxShadowEffect_av-jmrxf2-4f62b21b7b1d20ac60f6d3df7eac67fc-column {\n0%   { box-shadow:  0 0 0 0 #c6c6c6; opacity: 1; }\n100% { box-shadow:  0 0 20px 0 #c6c6c6; opacity: 1; }\n}\n.flex_column.av-jmrxf2-4f62b21b7b1d20ac60f6d3df7eac67fc{\nwidth:48.5%;\nmargin-left:0;\nbox-shadow: 0 0 20px 0 #c6c6c6;\nborder-radius:15px 15px 15px 15px;\nheight:500px;\nbackground:url(https:\/\/wildanger.hu\/wp-content\/uploads\/faesztergalas-1030x579.jpg) 50% 50% no-repeat scroll ;\n}\n#top .flex_column_table.av-equal-height-column-flextable.av-jmrxf2-4f62b21b7b1d20ac60f6d3df7eac67fc .av-flex-placeholder{\nwidth:3%;\n}\n<\/style>\n<div  class='flex_column av-jmrxf2-4f62b21b7b1d20ac60f6d3df7eac67fc av_one_half  avia-builder-el-8  el_after_av_one_full  el_before_av_one_half  first flex_column_table_cell av-equal-height-column av-align-middle shadow-not-animated avia-full-stretch avia-link-column av-column-link  column-top-margin'    data-link-column-url=\"https:\/\/wildanger.hu\/de\/drechslerei\/\"   ><a class=\"av-screen-reader-only\" href=https:\/\/wildanger.hu\/de\/drechslerei\/ >Link zu: Drechslerei<\/a><style type=\"text\/css\" data-created_by=\"avia_inline_auto\" id=\"style-css-av-h2nqpa-4d7dc57418d3cc4d53ec4dbe14ac324e\">\n#top .av-special-heading.av-h2nqpa-4d7dc57418d3cc4d53ec4dbe14ac324e{\npadding-bottom:10px;\n}\nbody .av-special-heading.av-h2nqpa-4d7dc57418d3cc4d53ec4dbe14ac324e .av-special-heading-tag .heading-char{\nfont-size:25px;\n}\n.av-special-heading.av-h2nqpa-4d7dc57418d3cc4d53ec4dbe14ac324e .av-subheading{\nfont-size:15px;\n}\n<\/style>\n<div  class='av-special-heading av-h2nqpa-4d7dc57418d3cc4d53ec4dbe14ac324e av-special-heading-h3 blockquote modern-quote modern-centered  avia-builder-el-9  avia-builder-el-no-sibling  kezdo-kiem'><h3 class='av-special-heading-tag '  itemprop=\"headline\"  >Drechslerei<\/h3><div class=\"special-heading-border\"><div class=\"special-heading-inner-border\"><\/div><\/div><\/div><\/div><div class='av-flex-placeholder'><\/div>\n<style type=\"text\/css\" data-created_by=\"avia_inline_auto\" id=\"style-css-av-fiukge-476c1dbf5ee357d2392084dfd63a56cb\">\n@keyframes av_boxShadowEffect_av-fiukge-476c1dbf5ee357d2392084dfd63a56cb-column {\n0%   { box-shadow:  0 0 0 0 #c6c6c6; opacity: 1; }\n100% { box-shadow:  0 0 20px 0 #c6c6c6; opacity: 1; }\n}\n.flex_column.av-fiukge-476c1dbf5ee357d2392084dfd63a56cb{\nwidth:48.5%;\nmargin-left:0;\nbox-shadow: 0 0 20px 0 #c6c6c6;\nborder-radius:15px 15px 15px 15px;\nheight:500px;\nbackground:url(https:\/\/wildanger.hu\/wp-content\/uploads\/Butorgyartas-gomb-1030x464.jpg) 50% 50% no-repeat scroll ;\n}\n#top .flex_column_table.av-equal-height-column-flextable.av-fiukge-476c1dbf5ee357d2392084dfd63a56cb .av-flex-placeholder{\nwidth:3%;\n}\n<\/style>\n<div  class='flex_column av-fiukge-476c1dbf5ee357d2392084dfd63a56cb av_one_half  avia-builder-el-10  el_after_av_one_half  avia-builder-el-last  flex_column_table_cell av-equal-height-column av-align-middle shadow-not-animated avia-full-stretch avia-link-column av-column-link  column-top-margin'    data-link-column-url=\"https:\/\/wildanger.hu\/de\/tischlerei\/\"   ><a class=\"av-screen-reader-only\" href=https:\/\/wildanger.hu\/de\/tischlerei\/ >Link zu: Tischlerei<\/a><style type=\"text\/css\" data-created_by=\"avia_inline_auto\" id=\"style-css-av-dj4wn2-1e25d9f4f55d9c3dac91985be602152a\">\n#top .av-special-heading.av-dj4wn2-1e25d9f4f55d9c3dac91985be602152a{\npadding-bottom:10px;\n}\nbody .av-special-heading.av-dj4wn2-1e25d9f4f55d9c3dac91985be602152a .av-special-heading-tag .heading-char{\nfont-size:25px;\n}\n.av-special-heading.av-dj4wn2-1e25d9f4f55d9c3dac91985be602152a .av-subheading{\nfont-size:15px;\n}\n<\/style>\n<div  class='av-special-heading av-dj4wn2-1e25d9f4f55d9c3dac91985be602152a av-special-heading-h3 blockquote modern-quote modern-centered  avia-builder-el-11  avia-builder-el-no-sibling  kezdo-kiem'><h3 class='av-special-heading-tag '  itemprop=\"headline\"  >Tischlerei<\/h3><div class=\"special-heading-border\"><div class=\"special-heading-inner-border\"><\/div><\/div><\/div><\/div><\/div><!--close column table wrapper. Autoclose: 1 -->\n\n<\/div><\/div><\/div><!-- close content main div --><\/div><\/div><div id='av_section_3'  class='avia-section av-19qrvy-7e3d0666b8e5b52ba52bd6db39d5a22e footer_color avia-section-default avia-no-border-styling  avia-builder-el-12  el_after_av_section  avia-builder-el-last  avia-bg-style-scroll av-minimum-height av-minimum-height-custom av-height-custom  container_wrap fullsize'   data-av_minimum_height_px='141'><div class='container av-section-cont-open' style='height:141px'><div class='template-page content  av-content-full alpha units'><div class='post-entry post-entry-type-page post-entry-1918'><div class='entry-content-wrapper clearfix'>\n<div class='flex_column_table av-aikxwu-fa34c68a4ac4dfdc9ce7eb8ba8781d21 sc-av_one_fourth av-equal-height-column-flextable'><div  class='flex_column av-aikxwu-fa34c68a4ac4dfdc9ce7eb8ba8781d21 av_one_fourth  avia-builder-el-13  el_before_av_one_half  avia-builder-el-first  first flex_column_table_cell av-equal-height-column av-align-top  '     ><style type=\"text\/css\" data-created_by=\"avia_inline_auto\" id=\"style-css-av-xoylq-b9526c80639fcf4f2eada7fc3941d8b3\">\n.avia-image-container.av-xoylq-b9526c80639fcf4f2eada7fc3941d8b3 img.avia_image{\nbox-shadow:none;\n}\n.avia-image-container.av-xoylq-b9526c80639fcf4f2eada7fc3941d8b3 .av-image-caption-overlay-center{\ncolor:#ffffff;\n}\n<\/style>\n<div  class='avia-image-container av-xoylq-b9526c80639fcf4f2eada7fc3941d8b3 av-styling- avia-align-center  avia-builder-el-14  avia-builder-el-no-sibling '   itemprop=\"image\" itemscope=\"itemscope\" itemtype=\"https:\/\/schema.org\/ImageObject\" ><div class=\"avia-image-container-inner\"><div class=\"avia-image-overlay-wrap\"><img decoding=\"async\" fetchpriority=\"high\" class='wp-image-1776 avia-img-lazy-loading-not-1776 avia_image ' src=\"https:\/\/wildanger.hu\/wp-content\/uploads\/DSP_logo_vector.svg\" alt='' title='DSP_logo_vector'  height=\"276\" width=\"500\"  itemprop=\"thumbnailUrl\"  \/><\/div><\/div><\/div><\/div><div class='av-flex-placeholder'><\/div><div  class='flex_column av-796oum-4819f76e9fc1baf66c588acd905c9e92 av_one_half  avia-builder-el-15  el_after_av_one_fourth  el_before_av_one_fourth  flex_column_table_cell av-equal-height-column av-align-top  '     ><style type=\"text\/css\" data-created_by=\"avia_inline_auto\" id=\"style-css-av-6dln7i-8f2cb3fbfe905b0d948e2ca4afcbadcf\">\n#top .av_textblock_section.av-6dln7i-8f2cb3fbfe905b0d948e2ca4afcbadcf .avia_textblock{\nfont-size:18px;\n}\n<\/style>\n<section  class='av_textblock_section av-6dln7i-8f2cb3fbfe905b0d948e2ca4afcbadcf '   itemscope=\"itemscope\" itemtype=\"https:\/\/schema.org\/CreativeWork\" ><div class='avia_textblock demjan'  itemprop=\"text\" ><p style=\"text-align: center;\">Die Website wurde im Rahmen und mit Unterst\u00fctzung des Programms von S\u00e1ndor Demj\u00e1n erstellt.<\/p>\n<\/div><\/section><\/div><div class='av-flex-placeholder'><\/div><div  class='flex_column av-3lx93y-379ebd6567e34c805c8ac94cd5847ae1 av_one_fourth  avia-builder-el-17  el_after_av_one_half  avia-builder-el-last  flex_column_table_cell av-equal-height-column av-align-top  '     ><style type=\"text\/css\" data-created_by=\"avia_inline_auto\" id=\"style-css-av-8c3y6-e896f9125e096d89dde48cc89dca51e6\">\n.avia-image-container.av-8c3y6-e896f9125e096d89dde48cc89dca51e6 img.avia_image{\nbox-shadow:none;\n}\n.avia-image-container.av-8c3y6-e896f9125e096d89dde48cc89dca51e6 .av-image-caption-overlay-center{\ncolor:#ffffff;\n}\n<\/style>\n<div  class='avia-image-container av-8c3y6-e896f9125e096d89dde48cc89dca51e6 av-styling- avia-align-center  avia-builder-el-18  avia-builder-el-no-sibling '   itemprop=\"image\" itemscope=\"itemscope\" itemtype=\"https:\/\/schema.org\/ImageObject\" ><div class=\"avia-image-container-inner\"><div class=\"avia-image-overlay-wrap\"><img decoding=\"async\" fetchpriority=\"high\" class='wp-image-1777 avia-img-lazy-loading-not-1777 avia_image ' src=\"https:\/\/wildanger.hu\/wp-content\/uploads\/NEUM_logo_vector.svg\" alt='' title='NEUM_logo_vector'  height=\"176\" width=\"500\"  itemprop=\"thumbnailUrl\"  \/><\/div><\/div><\/div><\/div><\/div><!--close column table wrapper. Autoclose: 1 -->\n\n","protected":false},"excerpt":{"rendered":"","protected":false},"author":1,"featured_media":0,"parent":0,"menu_order":0,"comment_status":"open","ping_status":"closed","template":"","meta":{"footnotes":""},"class_list":["post-1918","page","type-page","status-publish","hentry"],"yoast_head":"<!-- This site is optimized with the Yoast SEO Premium plugin v26.9 (Yoast SEO v26.9) - https:\/\/yoast.com\/product\/yoast-seo-premium-wordpress\/ -->\n<title>Startseite - Wildanger<\/title>\n<meta name=\"robots\" content=\"index, follow, max-snippet:-1, max-image-preview:large, max-video-preview:-1\" \/>\n<link rel=\"canonical\" href=\"https:\/\/wildanger.hu\/de\/startseite\/\" \/>\n<meta property=\"og:locale\" content=\"de_DE\" \/>\n<meta property=\"og:type\" content=\"article\" \/>\n<meta property=\"og:title\" content=\"Startseite\" \/>\n<meta property=\"og:url\" content=\"https:\/\/wildanger.hu\/de\/startseite\/\" \/>\n<meta property=\"og:site_name\" content=\"Wildanger\" \/>\n<meta property=\"article:modified_time\" content=\"2026-02-17T07:09:41+00:00\" \/>\n<meta name=\"twitter:card\" content=\"summary_large_image\" \/>\n<meta name=\"twitter:label1\" content=\"Gesch\u00e4tzte Lesezeit\" \/>\n\t<meta name=\"twitter:data1\" content=\"1\u00a0Minute\" \/>\n<script type=\"application\/ld+json\" class=\"yoast-schema-graph\">{\"@context\":\"https:\/\/schema.org\",\"@graph\":[{\"@type\":\"WebPage\",\"@id\":\"https:\/\/wildanger.hu\/de\/startseite\/\",\"url\":\"https:\/\/wildanger.hu\/de\/startseite\/\",\"name\":\"Startseite - Wildanger\",\"isPartOf\":{\"@id\":\"https:\/\/wildanger.hu\/#website\"},\"datePublished\":\"2015-02-22T18:55:57+00:00\",\"dateModified\":\"2026-02-17T07:09:41+00:00\",\"breadcrumb\":{\"@id\":\"https:\/\/wildanger.hu\/de\/startseite\/#breadcrumb\"},\"inLanguage\":\"de\",\"potentialAction\":[{\"@type\":\"ReadAction\",\"target\":[\"https:\/\/wildanger.hu\/de\/startseite\/\"]}]},{\"@type\":\"BreadcrumbList\",\"@id\":\"https:\/\/wildanger.hu\/de\/startseite\/#breadcrumb\",\"itemListElement\":[{\"@type\":\"ListItem\",\"position\":1,\"name\":\"Kezd\u0151lap\",\"item\":\"https:\/\/wildanger.hu\/de\/startseite\/\"},{\"@type\":\"ListItem\",\"position\":2,\"name\":\"Startseite\"}]},{\"@type\":\"WebSite\",\"@id\":\"https:\/\/wildanger.hu\/#website\",\"url\":\"https:\/\/wildanger.hu\/\",\"name\":\"Wildanger\",\"description\":\"\",\"potentialAction\":[{\"@type\":\"SearchAction\",\"target\":{\"@type\":\"EntryPoint\",\"urlTemplate\":\"https:\/\/wildanger.hu\/?s={search_term_string}\"},\"query-input\":{\"@type\":\"PropertyValueSpecification\",\"valueRequired\":true,\"valueName\":\"search_term_string\"}}],\"inLanguage\":\"de\"}]}<\/script>\n<!-- \/ Yoast SEO Premium plugin. -->","yoast_head_json":{"title":"Startseite - Wildanger","robots":{"index":"index","follow":"follow","max-snippet":"max-snippet:-1","max-image-preview":"max-image-preview:large","max-video-preview":"max-video-preview:-1"},"canonical":"https:\/\/wildanger.hu\/de\/startseite\/","og_locale":"de_DE","og_type":"article","og_title":"Startseite","og_url":"https:\/\/wildanger.hu\/de\/startseite\/","og_site_name":"Wildanger","article_modified_time":"2026-02-17T07:09:41+00:00","twitter_card":"summary_large_image","twitter_misc":{"Gesch\u00e4tzte Lesezeit":"1\u00a0Minute"},"schema":{"@context":"https:\/\/schema.org","@graph":[{"@type":"WebPage","@id":"https:\/\/wildanger.hu\/de\/startseite\/","url":"https:\/\/wildanger.hu\/de\/startseite\/","name":"Startseite - Wildanger","isPartOf":{"@id":"https:\/\/wildanger.hu\/#website"},"datePublished":"2015-02-22T18:55:57+00:00","dateModified":"2026-02-17T07:09:41+00:00","breadcrumb":{"@id":"https:\/\/wildanger.hu\/de\/startseite\/#breadcrumb"},"inLanguage":"de","potentialAction":[{"@type":"ReadAction","target":["https:\/\/wildanger.hu\/de\/startseite\/"]}]},{"@type":"BreadcrumbList","@id":"https:\/\/wildanger.hu\/de\/startseite\/#breadcrumb","itemListElement":[{"@type":"ListItem","position":1,"name":"Kezd\u0151lap","item":"https:\/\/wildanger.hu\/de\/startseite\/"},{"@type":"ListItem","position":2,"name":"Startseite"}]},{"@type":"WebSite","@id":"https:\/\/wildanger.hu\/#website","url":"https:\/\/wildanger.hu\/","name":"Wildanger","description":"","potentialAction":[{"@type":"SearchAction","target":{"@type":"EntryPoint","urlTemplate":"https:\/\/wildanger.hu\/?s={search_term_string}"},"query-input":{"@type":"PropertyValueSpecification","valueRequired":true,"valueName":"search_term_string"}}],"inLanguage":"de"}]}},"_links":{"self":[{"href":"https:\/\/wildanger.hu\/de\/wp-json\/wp\/v2\/pages\/1918","targetHints":{"allow":["GET"]}}],"collection":[{"href":"https:\/\/wildanger.hu\/de\/wp-json\/wp\/v2\/pages"}],"about":[{"href":"https:\/\/wildanger.hu\/de\/wp-json\/wp\/v2\/types\/page"}],"author":[{"embeddable":true,"href":"https:\/\/wildanger.hu\/de\/wp-json\/wp\/v2\/users\/1"}],"replies":[{"embeddable":true,"href":"https:\/\/wildanger.hu\/de\/wp-json\/wp\/v2\/comments?post=1918"}],"version-history":[{"count":3,"href":"https:\/\/wildanger.hu\/de\/wp-json\/wp\/v2\/pages\/1918\/revisions"}],"predecessor-version":[{"id":2009,"href":"https:\/\/wildanger.hu\/de\/wp-json\/wp\/v2\/pages\/1918\/revisions\/2009"}],"wp:attachment":[{"href":"https:\/\/wildanger.hu\/de\/wp-json\/wp\/v2\/media?parent=1918"}],"curies":[{"name":"wp","href":"https:\/\/api.w.org\/{rel}","templated":true}]}}