{"id":1655,"date":"2025-11-20T08:25:35","date_gmt":"2025-11-20T07:25:35","guid":{"rendered":"https:\/\/wildanger.hu\/?page_id=1655"},"modified":"2026-02-17T15:31:21","modified_gmt":"2026-02-17T14:31:21","slug":"nuss-spender","status":"publish","type":"page","link":"https:\/\/wildanger.hu\/de\/shop\/nuss-spender\/","title":{"rendered":"Nuss-Spender"},"content":{"rendered":"\n<style type=\"text\/css\" data-created_by=\"avia_inline_auto\" id=\"style-css-av-2760wq-bee55ab2997b5188e721ffad3f4558cd\">\n.avia-section.av-2760wq-bee55ab2997b5188e721ffad3f4558cd .av-parallax .av-parallax-inner{\nbackground-repeat:no-repeat;\nbackground-image:url(https:\/\/wildanger.hu\/wp-content\/uploads\/Mogyoro-adagolok-1030x773.jpg);\nbackground-position:50% 50%;\nbackground-attachment:scroll;\n}\n.avia-section.av-2760wq-bee55ab2997b5188e721ffad3f4558cd .av-section-color-overlay{\nopacity:0.1;\nbackground-color:#2b1a08;\n}\n<\/style>\n<div id='av_section_1'  class='avia-section av-2760wq-bee55ab2997b5188e721ffad3f4558cd main_color avia-section-large avia-no-border-styling  avia-builder-el-0  el_before_av_section  avia-builder-el-first  avia-full-stretch av-parallax-section avia-bg-style-parallax av-section-color-overlay-active av-minimum-height av-minimum-height-50 av-height-50  container_wrap fullsize'  data-section-bg-repeat='stretch' data-av_minimum_height_pc='50' data-av_min_height_opt='50'><div class='av-parallax' data-avia-parallax-ratio='0.3' ><div class='av-parallax-inner main_color avia-full-stretch'><\/div><\/div><div class=\"av-section-color-overlay-wrap\"><div class=\"av-section-color-overlay\"><\/div><div class='container av-section-cont-open' ><main  role=\"main\" itemprop=\"mainContentOfPage\"  class='template-page content  av-content-full alpha units'><div class='post-entry post-entry-type-page post-entry-1655'><div class='entry-content-wrapper clearfix'>\n<div  class='flex_column av-23576a-2c7e48f6841030aec7245862f8c1c1f9 av_one_fifth  avia-builder-el-1  el_before_av_three_fifth  avia-builder-el-first  first flex_column_div  '     ><\/div><div  class='flex_column av-1yd71m-6d1bd93f2aa1318ab52314c2a117c583 av_three_fifth  avia-builder-el-2  el_after_av_one_fifth  el_before_av_one_fifth  flex_column_div  '     ><p>\n<style type=\"text\/css\" data-created_by=\"avia_inline_auto\" id=\"style-css-av-mj05olxi-52086297f36efd404a825d6d9b2c0e41\">\n#top .av-special-heading.av-mj05olxi-52086297f36efd404a825d6d9b2c0e41{\npadding-bottom:10px;\ncolor:#ffffff;\nfont-size:40px;\n}\nbody .av-special-heading.av-mj05olxi-52086297f36efd404a825d6d9b2c0e41 .av-special-heading-tag .heading-char{\nfont-size:25px;\n}\n#top #wrap_all .av-special-heading.av-mj05olxi-52086297f36efd404a825d6d9b2c0e41 .av-special-heading-tag{\nfont-size:40px;\n}\n.av-special-heading.av-mj05olxi-52086297f36efd404a825d6d9b2c0e41 .special-heading-inner-border{\nborder-color:#ffffff;\n}\n.av-special-heading.av-mj05olxi-52086297f36efd404a825d6d9b2c0e41 .av-subheading{\nfont-size:15px;\n}\n\n@media only screen and (min-width: 480px) and (max-width: 767px){ \n#top #wrap_all .av-special-heading.av-mj05olxi-52086297f36efd404a825d6d9b2c0e41 .av-special-heading-tag{\nfont-size:0.8em;\n}\n}\n\n@media only screen and (max-width: 479px){ \n#top #wrap_all .av-special-heading.av-mj05olxi-52086297f36efd404a825d6d9b2c0e41 .av-special-heading-tag{\nfont-size:0.8em;\n}\n}\n<\/style>\n<div  class='av-special-heading av-mj05olxi-52086297f36efd404a825d6d9b2c0e41 av-special-heading-h1 custom-color-heading blockquote modern-quote modern-centered  avia-builder-el-3  el_before_av_hr  avia-builder-el-first  av-inherit-size'><h1 class='av-special-heading-tag '  itemprop=\"headline\"  >Nuss-Spender<\/h1><div class=\"special-heading-border\"><div class=\"special-heading-inner-border\"><\/div><\/div><\/div><br \/>\n\n<style type=\"text\/css\" data-created_by=\"avia_inline_auto\" id=\"style-css-av-1rre36-12c772e5b61ab9e05853f67907e1665e\">\n#top .hr.av-1rre36-12c772e5b61ab9e05853f67907e1665e{\nmargin-top:40px;\nmargin-bottom:40px;\n}\n.hr.av-1rre36-12c772e5b61ab9e05853f67907e1665e .hr-inner{\nwidth:50px;\nborder-color:#ffffff;\n}\n<\/style>\n<div  class='hr av-1rre36-12c772e5b61ab9e05853f67907e1665e hr-custom  avia-builder-el-4  el_after_av_heading  avia-builder-el-last  hr-center hr-icon-no'><span class='hr-inner inner-border-av-border-fat'><span class=\"hr-inner-style\"><\/span><\/span><\/div><\/p><\/div><div  class='flex_column av-1l7auy-1c18254617081516caccea3ddec62c91 av_one_fifth  avia-builder-el-5  el_after_av_three_fifth  avia-builder-el-last  flex_column_div  '     ><\/div>\n\n<\/div><\/div><\/main><!-- close content main element --><\/div><\/div><\/div><div id='av_section_2'  class='avia-section av-1goffm-b340be990746ed150e20e2322cf0343e main_color avia-section-default avia-no-border-styling  avia-builder-el-6  el_after_av_section  el_before_av_section  avia-bg-style-scroll container_wrap fullsize'  ><div class='container av-section-cont-open' ><div class='template-page content  av-content-full alpha units'><div class='post-entry post-entry-type-page post-entry-1655'><div class='entry-content-wrapper clearfix'>\n<div class='flex_column_table av-1bgxfm-e479d115ab215a092c434b774c0a5433 sc-av_one_half av-equal-height-column-flextable'>\n<style type=\"text\/css\" data-created_by=\"avia_inline_auto\" id=\"style-css-av-1bgxfm-e479d115ab215a092c434b774c0a5433\">\n.flex_column.av-1bgxfm-e479d115ab215a092c434b774c0a5433{\nwidth:48.5%;\nmargin-left:0;\nheight:400px;\n}\n#top .flex_column_table.av-equal-height-column-flextable.av-1bgxfm-e479d115ab215a092c434b774c0a5433 .av-flex-placeholder{\nwidth:3%;\n}\n<\/style>\n<div  class='flex_column av-1bgxfm-e479d115ab215a092c434b774c0a5433 av_one_half  avia-builder-el-7  el_before_av_one_half  avia-builder-el-first  first flex_column_table_cell av-equal-height-column av-align-middle avia-full-stretch  '     ><style type=\"text\/css\" data-created_by=\"avia_inline_auto\" id=\"style-css-av-mj05t4fx-83994deda49e8b5d9e9b1a4f359bb25f\">\n.avia-image-container.av-mj05t4fx-83994deda49e8b5d9e9b1a4f359bb25f img.avia_image{\nbox-shadow:none;\n}\n.avia-image-container.av-mj05t4fx-83994deda49e8b5d9e9b1a4f359bb25f .av-image-caption-overlay-center{\ncolor:#ffffff;\n}\n<\/style>\n<div  class='avia-image-container av-mj05t4fx-83994deda49e8b5d9e9b1a4f359bb25f av-styling- av-img-linked avia-align-center  avia-builder-el-8  avia-builder-el-no-sibling '   itemprop=\"image\" itemscope=\"itemscope\" itemtype=\"https:\/\/schema.org\/ImageObject\" ><div class=\"avia-image-container-inner\"><div class=\"avia-image-overlay-wrap\"><a href=\"https:\/\/wildanger.hu\/wp-content\/uploads\/MA1-1030x1030.png\" data-srcset=\"https:\/\/wildanger.hu\/wp-content\/uploads\/MA1-1030x1030.png 1030w, https:\/\/wildanger.hu\/wp-content\/uploads\/MA1-300x300.png 300w, https:\/\/wildanger.hu\/wp-content\/uploads\/MA1-80x80.png 80w, https:\/\/wildanger.hu\/wp-content\/uploads\/MA1-768x768.png 768w, https:\/\/wildanger.hu\/wp-content\/uploads\/MA1-36x36.png 36w, https:\/\/wildanger.hu\/wp-content\/uploads\/MA1-180x180.png 180w, https:\/\/wildanger.hu\/wp-content\/uploads\/MA1-705x705.png 705w, https:\/\/wildanger.hu\/wp-content\/uploads\/MA1.png 1080w\" data-sizes=\"(max-width: 1030px) 100vw, 1030px\" class='avia_image '  aria-label='MA1'><img decoding=\"async\" fetchpriority=\"high\" class='wp-image-1653 avia-img-lazy-loading-not-1653 avia_image ' src=\"https:\/\/wildanger.hu\/wp-content\/uploads\/MA1-300x300.png\" alt='' title='MA1'  height=\"300\" width=\"300\"  itemprop=\"thumbnailUrl\" srcset=\"https:\/\/wildanger.hu\/wp-content\/uploads\/MA1-300x300.png 300w, https:\/\/wildanger.hu\/wp-content\/uploads\/MA1-1030x1030.png 1030w, https:\/\/wildanger.hu\/wp-content\/uploads\/MA1-80x80.png 80w, https:\/\/wildanger.hu\/wp-content\/uploads\/MA1-768x768.png 768w, https:\/\/wildanger.hu\/wp-content\/uploads\/MA1-36x36.png 36w, https:\/\/wildanger.hu\/wp-content\/uploads\/MA1-180x180.png 180w, https:\/\/wildanger.hu\/wp-content\/uploads\/MA1-705x705.png 705w, https:\/\/wildanger.hu\/wp-content\/uploads\/MA1.png 1080w\" sizes=\"(max-width: 300px) 100vw, 300px\" \/><\/a><\/div><\/div><\/div><\/div><div class='av-flex-placeholder'><\/div>\n<style type=\"text\/css\" data-created_by=\"avia_inline_auto\" id=\"style-css-av-12gzea-19ef7624503e4aa526f527fbb4a7f0e2\">\n.flex_column.av-12gzea-19ef7624503e4aa526f527fbb4a7f0e2{\nwidth:48.5%;\nmargin-left:0;\n}\n#top .flex_column_table.av-equal-height-column-flextable.av-12gzea-19ef7624503e4aa526f527fbb4a7f0e2 .av-flex-placeholder{\nwidth:3%;\n}\n<\/style>\n<div  class='flex_column av-12gzea-19ef7624503e4aa526f527fbb4a7f0e2 av_one_half  avia-builder-el-9  el_after_av_one_half  avia-builder-el-last  flex_column_table_cell av-equal-height-column av-align-middle  '     ><p>\n<style type=\"text\/css\" data-created_by=\"avia_inline_auto\" id=\"style-css-av-mj05tb0p-d6fbcfbb5927bf96bab77884c0650a36\">\n#top .av-special-heading.av-mj05tb0p-d6fbcfbb5927bf96bab77884c0650a36{\npadding-bottom:10px;\n}\nbody .av-special-heading.av-mj05tb0p-d6fbcfbb5927bf96bab77884c0650a36 .av-special-heading-tag .heading-char{\nfont-size:25px;\n}\n.av-special-heading.av-mj05tb0p-d6fbcfbb5927bf96bab77884c0650a36 .av-subheading{\nfont-size:15px;\n}\n<\/style>\n<div  class='av-special-heading av-mj05tb0p-d6fbcfbb5927bf96bab77884c0650a36 av-special-heading-h2 blockquote modern-quote  avia-builder-el-10  el_before_av_textblock  avia-builder-el-first '><h2 class='av-special-heading-tag '  itemprop=\"headline\"  >MA1<\/h2><div class=\"special-heading-border\"><div class=\"special-heading-inner-border\"><\/div><\/div><\/div><br \/>\n<section  class='av_textblock_section av-mj05uuem-b17b1028f6943e9471f479b952047609 '   itemscope=\"itemscope\" itemtype=\"https:\/\/schema.org\/CreativeWork\" ><div class='avia_textblock'  itemprop=\"text\" ><p><span data-sheets-root=\"1\">H\u00f6he<\/span> (cm): 21<\/p>\n<p><span data-sheets-root=\"1\">Durchmesser<\/span> (cm): 11<\/p>\n<p><span data-sheets-root=\"1\">Holzart<\/span>: <span data-sheets-root=\"1\">R\u00fcster<\/span> &#8211; <span data-sheets-root=\"1\">Nussbaum (Holz)<\/span><\/p>\n<p><span data-sheets-root=\"1\">Oberfl\u00e4che<\/span>: <span data-sheets-root=\"1\">Bio-\u00d6l<\/span><\/p>\n<p><span data-sheets-root=\"1\">Preis<\/span>: 15.000.-<\/p>\n<\/div><\/section><br \/>\n<div  class='avia-button-wrap av-vs6ey-1f3f811871826d0c742ed94177ffe4cf-wrap avia-button-left  avia-builder-el-12  el_after_av_textblock  avia-builder-el-last '>\n<style type=\"text\/css\" data-created_by=\"avia_inline_auto\" id=\"style-css-av-vs6ey-1f3f811871826d0c742ed94177ffe4cf\">\n#top #wrap_all .avia-button.av-vs6ey-1f3f811871826d0c742ed94177ffe4cf{\nbox-shadow: 8px 8px 10px 0px #aaaaaa;\ntransition:all 0.4s ease-in-out;\n}\n<\/style>\n<a href='https:\/\/wildanger.hu\/de\/shop\/nuss-spender\/nuss-spender-anfrage\/'  class='avia-button av-vs6ey-1f3f811871826d0c742ed94177ffe4cf av-link-btn avia-icon_select-no avia-size-large avia-position-left avia-color-theme-color'   aria-label=\"Anfrage\"><span class='avia_iconbox_title' >Anfrage<\/span><\/a><\/div><\/p><\/div><\/div><!--close column table wrapper. Autoclose: 1 -->\n\n<\/div><\/div><\/div><!-- close content main div --><\/div><\/div><div id='av_section_3'  class='avia-section av-qq5y2-414c7b72d0210d23129c7af81ffe0182 main_color avia-section-default avia-no-border-styling  avia-builder-el-13  el_after_av_section  el_before_av_section  avia-bg-style-scroll container_wrap fullsize'  ><div class='container av-section-cont-open' ><div class='template-page content  av-content-full alpha units'><div class='post-entry post-entry-type-page post-entry-1655'><div class='entry-content-wrapper clearfix'>\n<div class='flex_column_table av-mfb3m-d722293a2a913955e025a28a892ee193 sc-av_one_half av-equal-height-column-flextable'>\n<style type=\"text\/css\" data-created_by=\"avia_inline_auto\" id=\"style-css-av-mfb3m-d722293a2a913955e025a28a892ee193\">\n.flex_column.av-mfb3m-d722293a2a913955e025a28a892ee193{\nwidth:48.5%;\nmargin-left:0;\nheight:400px;\n}\n#top .flex_column_table.av-equal-height-column-flextable.av-mfb3m-d722293a2a913955e025a28a892ee193 .av-flex-placeholder{\nwidth:3%;\n}\n<\/style>\n<div  class='flex_column av-mfb3m-d722293a2a913955e025a28a892ee193 av_one_half  avia-builder-el-14  el_before_av_one_half  avia-builder-el-first  first flex_column_table_cell av-equal-height-column av-align-middle avia-full-stretch  '     ><style type=\"text\/css\" data-created_by=\"avia_inline_auto\" id=\"style-css-av-mj05v8xg-73632b1709cb16dff0a452d1f8e24f6b\">\n.avia-image-container.av-mj05v8xg-73632b1709cb16dff0a452d1f8e24f6b img.avia_image{\nbox-shadow:none;\n}\n.avia-image-container.av-mj05v8xg-73632b1709cb16dff0a452d1f8e24f6b .av-image-caption-overlay-center{\ncolor:#ffffff;\n}\n<\/style>\n<div  class='avia-image-container av-mj05v8xg-73632b1709cb16dff0a452d1f8e24f6b av-styling- av-img-linked avia-align-center  avia-builder-el-15  avia-builder-el-no-sibling '   itemprop=\"image\" itemscope=\"itemscope\" itemtype=\"https:\/\/schema.org\/ImageObject\" ><div class=\"avia-image-container-inner\"><div class=\"avia-image-overlay-wrap\"><a href=\"https:\/\/wildanger.hu\/wp-content\/uploads\/MA2-1030x1030.png\" data-srcset=\"https:\/\/wildanger.hu\/wp-content\/uploads\/MA2-1030x1030.png 1030w, https:\/\/wildanger.hu\/wp-content\/uploads\/MA2-300x300.png 300w, https:\/\/wildanger.hu\/wp-content\/uploads\/MA2-80x80.png 80w, https:\/\/wildanger.hu\/wp-content\/uploads\/MA2-768x768.png 768w, https:\/\/wildanger.hu\/wp-content\/uploads\/MA2-36x36.png 36w, https:\/\/wildanger.hu\/wp-content\/uploads\/MA2-180x180.png 180w, https:\/\/wildanger.hu\/wp-content\/uploads\/MA2-705x705.png 705w, https:\/\/wildanger.hu\/wp-content\/uploads\/MA2.png 1080w\" data-sizes=\"(max-width: 1030px) 100vw, 1030px\" class='avia_image '  aria-label='MA2'><img decoding=\"async\" fetchpriority=\"high\" class='wp-image-1654 avia-img-lazy-loading-not-1654 avia_image ' src=\"https:\/\/wildanger.hu\/wp-content\/uploads\/MA2-300x300.png\" alt='' title='MA2'  height=\"300\" width=\"300\"  itemprop=\"thumbnailUrl\" srcset=\"https:\/\/wildanger.hu\/wp-content\/uploads\/MA2-300x300.png 300w, https:\/\/wildanger.hu\/wp-content\/uploads\/MA2-1030x1030.png 1030w, https:\/\/wildanger.hu\/wp-content\/uploads\/MA2-80x80.png 80w, https:\/\/wildanger.hu\/wp-content\/uploads\/MA2-768x768.png 768w, https:\/\/wildanger.hu\/wp-content\/uploads\/MA2-36x36.png 36w, https:\/\/wildanger.hu\/wp-content\/uploads\/MA2-180x180.png 180w, https:\/\/wildanger.hu\/wp-content\/uploads\/MA2-705x705.png 705w, https:\/\/wildanger.hu\/wp-content\/uploads\/MA2.png 1080w\" sizes=\"(max-width: 300px) 100vw, 300px\" \/><\/a><\/div><\/div><\/div><\/div><div class='av-flex-placeholder'><\/div>\n<style type=\"text\/css\" data-created_by=\"avia_inline_auto\" id=\"style-css-av-1f10q-3b4e2ab8d906fb7972d873945b501a4a\">\n.flex_column.av-1f10q-3b4e2ab8d906fb7972d873945b501a4a{\nwidth:48.5%;\nmargin-left:0;\n}\n#top .flex_column_table.av-equal-height-column-flextable.av-1f10q-3b4e2ab8d906fb7972d873945b501a4a .av-flex-placeholder{\nwidth:3%;\n}\n<\/style>\n<div  class='flex_column av-1f10q-3b4e2ab8d906fb7972d873945b501a4a av_one_half  avia-builder-el-16  el_after_av_one_half  avia-builder-el-last  flex_column_table_cell av-equal-height-column av-align-middle  '     ><p>\n<style type=\"text\/css\" data-created_by=\"avia_inline_auto\" id=\"style-css-av-mj05vekj-15d79a3481e2a92d3eb3306e7fa5d15a\">\n#top .av-special-heading.av-mj05vekj-15d79a3481e2a92d3eb3306e7fa5d15a{\npadding-bottom:10px;\n}\nbody .av-special-heading.av-mj05vekj-15d79a3481e2a92d3eb3306e7fa5d15a .av-special-heading-tag .heading-char{\nfont-size:25px;\n}\n.av-special-heading.av-mj05vekj-15d79a3481e2a92d3eb3306e7fa5d15a .av-subheading{\nfont-size:15px;\n}\n<\/style>\n<div  class='av-special-heading av-mj05vekj-15d79a3481e2a92d3eb3306e7fa5d15a av-special-heading-h2 blockquote modern-quote  avia-builder-el-17  el_before_av_textblock  avia-builder-el-first '><h2 class='av-special-heading-tag '  itemprop=\"headline\"  >MA2<\/h2><div class=\"special-heading-border\"><div class=\"special-heading-inner-border\"><\/div><\/div><\/div><br \/>\n<section  class='av_textblock_section av-mj05w139-51e6fd2673cacaa0b64ab0f90aa12760 '   itemscope=\"itemscope\" itemtype=\"https:\/\/schema.org\/CreativeWork\" ><div class='avia_textblock'  itemprop=\"text\" ><p><span data-sheets-root=\"1\">H\u00f6he<\/span> (cm): 21<\/p>\n<p><span data-sheets-root=\"1\">Durchmesser<\/span> (cm): 11<\/p>\n<p><span data-sheets-root=\"1\">Holzart<\/span>: <span data-sheets-root=\"1\">Eiche (Holz)<\/span><\/p>\n<p><span data-sheets-root=\"1\">Oberfl\u00e4che<\/span>: <span data-sheets-root=\"1\">Bio-\u00d6l<\/span><\/p>\n<p><span data-sheets-root=\"1\">Preis<\/span>: 15.000.-<\/p>\n<\/div><\/section><br \/>\n<div  class='avia-button-wrap av-aqwqv-e591ddb82f322b757c6651721f83d1b4-wrap avia-button-left  avia-builder-el-19  el_after_av_textblock  avia-builder-el-last '>\n<style type=\"text\/css\" data-created_by=\"avia_inline_auto\" id=\"style-css-av-aqwqv-e591ddb82f322b757c6651721f83d1b4\">\n#top #wrap_all .avia-button.av-aqwqv-e591ddb82f322b757c6651721f83d1b4{\nbox-shadow: 8px 8px 10px 0px #aaaaaa;\ntransition:all 0.4s ease-in-out;\n}\n<\/style>\n<a href='https:\/\/wildanger.hu\/de\/shop\/nuss-spender\/nuss-spender-anfrage\/'  class='avia-button av-aqwqv-e591ddb82f322b757c6651721f83d1b4 av-link-btn avia-icon_select-no avia-size-large avia-position-left avia-color-theme-color'   aria-label=\"Anfrage\"><span class='avia_iconbox_title' >Anfrage<\/span><\/a><\/div><\/p><\/div><\/div><!--close column table wrapper. Autoclose: 1 -->\n\n<\/div><\/div><\/div><!-- close content main div --><\/div><\/div><div id='av_section_4'  class='avia-section av-ci8gd3-c95af781338507a87db4b3d4bc003628 footer_color avia-section-default avia-no-border-styling  avia-builder-el-20  el_after_av_section  avia-builder-el-last  avia-bg-style-scroll av-minimum-height av-minimum-height-custom av-height-custom  container_wrap fullsize'   data-av_minimum_height_px='141'><div class='container av-section-cont-open' style='height:141px'><div class='template-page content  av-content-full alpha units'><div class='post-entry post-entry-type-page post-entry-1655'><div class='entry-content-wrapper clearfix'>\n<div class='flex_column_table av-am792f-17739bb0704164fab6db2994ba2f13b8 sc-av_one_fourth av-equal-height-column-flextable'><div  class='flex_column av-am792f-17739bb0704164fab6db2994ba2f13b8 av_one_fourth  avia-builder-el-21  el_before_av_one_half  avia-builder-el-first  first flex_column_table_cell av-equal-height-column av-align-top  '     ><style type=\"text\/css\" data-created_by=\"avia_inline_auto\" id=\"style-css-av-9i6phz-14bdbe718203cde91f9ef1b6bde93e4f\">\n.avia-image-container.av-9i6phz-14bdbe718203cde91f9ef1b6bde93e4f img.avia_image{\nbox-shadow:none;\n}\n.avia-image-container.av-9i6phz-14bdbe718203cde91f9ef1b6bde93e4f .av-image-caption-overlay-center{\ncolor:#ffffff;\n}\n<\/style>\n<div  class='avia-image-container av-9i6phz-14bdbe718203cde91f9ef1b6bde93e4f av-styling- avia-align-center  avia-builder-el-22  avia-builder-el-no-sibling '   itemprop=\"image\" itemscope=\"itemscope\" itemtype=\"https:\/\/schema.org\/ImageObject\" ><div class=\"avia-image-container-inner\"><div class=\"avia-image-overlay-wrap\"><img decoding=\"async\" fetchpriority=\"high\" class='wp-image-1776 avia-img-lazy-loading-not-1776 avia_image ' src=\"https:\/\/wildanger.hu\/wp-content\/uploads\/DSP_logo_vector.svg\" alt='' title='DSP_logo_vector'  height=\"276\" width=\"500\"  itemprop=\"thumbnailUrl\"  \/><\/div><\/div><\/div><\/div><div class='av-flex-placeholder'><\/div><div  class='flex_column av-7xr12f-3552fcd4eb48a3c1798f3c4556e408bf av_one_half  avia-builder-el-23  el_after_av_one_fourth  el_before_av_one_fourth  flex_column_table_cell av-equal-height-column av-align-top  '     ><style type=\"text\/css\" data-created_by=\"avia_inline_auto\" id=\"style-css-av-6kc9kn-ff5be8326a75f75681c99d6b8d6b5326\">\n#top .av_textblock_section.av-6kc9kn-ff5be8326a75f75681c99d6b8d6b5326 .avia_textblock{\nfont-size:18px;\n}\n<\/style>\n<section  class='av_textblock_section av-6kc9kn-ff5be8326a75f75681c99d6b8d6b5326 '   itemscope=\"itemscope\" itemtype=\"https:\/\/schema.org\/CreativeWork\" ><div class='avia_textblock demjan'  itemprop=\"text\" ><p style=\"text-align: center;\">Die Website wurde im Rahmen und mit Unterst\u00fctzung des Programms von S\u00e1ndor Demj\u00e1n erstellt.<\/p>\n<\/div><\/section><\/div><div class='av-flex-placeholder'><\/div><div  class='flex_column av-4a738n-b5a509ff0202aafb663a0dcfc37854fe av_one_fourth  avia-builder-el-25  el_after_av_one_half  avia-builder-el-last  flex_column_table_cell av-equal-height-column av-align-top  '     ><style type=\"text\/css\" data-created_by=\"avia_inline_auto\" id=\"style-css-av-2y4rkn-774581d6ccdb4574451a754c5c18957c\">\n.avia-image-container.av-2y4rkn-774581d6ccdb4574451a754c5c18957c img.avia_image{\nbox-shadow:none;\n}\n.avia-image-container.av-2y4rkn-774581d6ccdb4574451a754c5c18957c .av-image-caption-overlay-center{\ncolor:#ffffff;\n}\n<\/style>\n<div  class='avia-image-container av-2y4rkn-774581d6ccdb4574451a754c5c18957c av-styling- avia-align-center  avia-builder-el-26  avia-builder-el-no-sibling '   itemprop=\"image\" itemscope=\"itemscope\" itemtype=\"https:\/\/schema.org\/ImageObject\" ><div class=\"avia-image-container-inner\"><div class=\"avia-image-overlay-wrap\"><img decoding=\"async\" fetchpriority=\"high\" class='wp-image-1777 avia-img-lazy-loading-not-1777 avia_image ' src=\"https:\/\/wildanger.hu\/wp-content\/uploads\/NEUM_logo_vector.svg\" alt='' title='NEUM_logo_vector'  height=\"176\" width=\"500\"  itemprop=\"thumbnailUrl\"  \/><\/div><\/div><\/div><\/div><\/div><!--close column table wrapper. Autoclose: 1 -->\n\n","protected":false},"excerpt":{"rendered":"","protected":false},"author":1,"featured_media":0,"parent":1612,"menu_order":0,"comment_status":"closed","ping_status":"closed","template":"","meta":{"footnotes":""},"class_list":["post-1655","page","type-page","status-publish","hentry"],"yoast_head":"<!-- This site is optimized with the Yoast SEO Premium plugin v26.9 (Yoast SEO v26.9) - https:\/\/yoast.com\/product\/yoast-seo-premium-wordpress\/ -->\n<title>Nuss-Spender - Wildanger<\/title>\n<meta name=\"robots\" content=\"index, follow, max-snippet:-1, max-image-preview:large, max-video-preview:-1\" \/>\n<link rel=\"canonical\" href=\"https:\/\/wildanger.hu\/de\/shop\/nuss-spender\/\" \/>\n<meta property=\"og:locale\" content=\"de_DE\" \/>\n<meta property=\"og:type\" content=\"article\" \/>\n<meta property=\"og:title\" content=\"Nuss-Spender\" \/>\n<meta property=\"og:url\" content=\"https:\/\/wildanger.hu\/de\/shop\/nuss-spender\/\" \/>\n<meta property=\"og:site_name\" content=\"Wildanger\" \/>\n<meta property=\"article:modified_time\" content=\"2026-02-17T14:31:21+00:00\" \/>\n<meta name=\"twitter:card\" content=\"summary_large_image\" \/>\n<script type=\"application\/ld+json\" class=\"yoast-schema-graph\">{\"@context\":\"https:\/\/schema.org\",\"@graph\":[{\"@type\":\"WebPage\",\"@id\":\"https:\/\/wildanger.hu\/de\/shop\/nuss-spender\/\",\"url\":\"https:\/\/wildanger.hu\/de\/shop\/nuss-spender\/\",\"name\":\"Nuss-Spender - Wildanger\",\"isPartOf\":{\"@id\":\"https:\/\/wildanger.hu\/#website\"},\"datePublished\":\"2025-11-20T07:25:35+00:00\",\"dateModified\":\"2026-02-17T14:31:21+00:00\",\"breadcrumb\":{\"@id\":\"https:\/\/wildanger.hu\/de\/shop\/nuss-spender\/#breadcrumb\"},\"inLanguage\":\"de\",\"potentialAction\":[{\"@type\":\"ReadAction\",\"target\":[\"https:\/\/wildanger.hu\/de\/shop\/nuss-spender\/\"]}]},{\"@type\":\"BreadcrumbList\",\"@id\":\"https:\/\/wildanger.hu\/de\/shop\/nuss-spender\/#breadcrumb\",\"itemListElement\":[{\"@type\":\"ListItem\",\"position\":1,\"name\":\"Kezd\u0151lap\",\"item\":\"https:\/\/wildanger.hu\/de\/startseite\/\"},{\"@type\":\"ListItem\",\"position\":2,\"name\":\"Shop\",\"item\":\"https:\/\/wildanger.hu\/de\/shop\/\"},{\"@type\":\"ListItem\",\"position\":3,\"name\":\"Nuss-Spender\"}]},{\"@type\":\"WebSite\",\"@id\":\"https:\/\/wildanger.hu\/#website\",\"url\":\"https:\/\/wildanger.hu\/\",\"name\":\"Wildanger\",\"description\":\"\",\"potentialAction\":[{\"@type\":\"SearchAction\",\"target\":{\"@type\":\"EntryPoint\",\"urlTemplate\":\"https:\/\/wildanger.hu\/?s={search_term_string}\"},\"query-input\":{\"@type\":\"PropertyValueSpecification\",\"valueRequired\":true,\"valueName\":\"search_term_string\"}}],\"inLanguage\":\"de\"}]}<\/script>\n<!-- \/ Yoast SEO Premium plugin. -->","yoast_head_json":{"title":"Nuss-Spender - Wildanger","robots":{"index":"index","follow":"follow","max-snippet":"max-snippet:-1","max-image-preview":"max-image-preview:large","max-video-preview":"max-video-preview:-1"},"canonical":"https:\/\/wildanger.hu\/de\/shop\/nuss-spender\/","og_locale":"de_DE","og_type":"article","og_title":"Nuss-Spender","og_url":"https:\/\/wildanger.hu\/de\/shop\/nuss-spender\/","og_site_name":"Wildanger","article_modified_time":"2026-02-17T14:31:21+00:00","twitter_card":"summary_large_image","schema":{"@context":"https:\/\/schema.org","@graph":[{"@type":"WebPage","@id":"https:\/\/wildanger.hu\/de\/shop\/nuss-spender\/","url":"https:\/\/wildanger.hu\/de\/shop\/nuss-spender\/","name":"Nuss-Spender - Wildanger","isPartOf":{"@id":"https:\/\/wildanger.hu\/#website"},"datePublished":"2025-11-20T07:25:35+00:00","dateModified":"2026-02-17T14:31:21+00:00","breadcrumb":{"@id":"https:\/\/wildanger.hu\/de\/shop\/nuss-spender\/#breadcrumb"},"inLanguage":"de","potentialAction":[{"@type":"ReadAction","target":["https:\/\/wildanger.hu\/de\/shop\/nuss-spender\/"]}]},{"@type":"BreadcrumbList","@id":"https:\/\/wildanger.hu\/de\/shop\/nuss-spender\/#breadcrumb","itemListElement":[{"@type":"ListItem","position":1,"name":"Kezd\u0151lap","item":"https:\/\/wildanger.hu\/de\/startseite\/"},{"@type":"ListItem","position":2,"name":"Shop","item":"https:\/\/wildanger.hu\/de\/shop\/"},{"@type":"ListItem","position":3,"name":"Nuss-Spender"}]},{"@type":"WebSite","@id":"https:\/\/wildanger.hu\/#website","url":"https:\/\/wildanger.hu\/","name":"Wildanger","description":"","potentialAction":[{"@type":"SearchAction","target":{"@type":"EntryPoint","urlTemplate":"https:\/\/wildanger.hu\/?s={search_term_string}"},"query-input":{"@type":"PropertyValueSpecification","valueRequired":true,"valueName":"search_term_string"}}],"inLanguage":"de"}]}},"_links":{"self":[{"href":"https:\/\/wildanger.hu\/de\/wp-json\/wp\/v2\/pages\/1655","targetHints":{"allow":["GET"]}}],"collection":[{"href":"https:\/\/wildanger.hu\/de\/wp-json\/wp\/v2\/pages"}],"about":[{"href":"https:\/\/wildanger.hu\/de\/wp-json\/wp\/v2\/types\/page"}],"author":[{"embeddable":true,"href":"https:\/\/wildanger.hu\/de\/wp-json\/wp\/v2\/users\/1"}],"replies":[{"embeddable":true,"href":"https:\/\/wildanger.hu\/de\/wp-json\/wp\/v2\/comments?post=1655"}],"version-history":[{"count":11,"href":"https:\/\/wildanger.hu\/de\/wp-json\/wp\/v2\/pages\/1655\/revisions"}],"predecessor-version":[{"id":2265,"href":"https:\/\/wildanger.hu\/de\/wp-json\/wp\/v2\/pages\/1655\/revisions\/2265"}],"up":[{"embeddable":true,"href":"https:\/\/wildanger.hu\/de\/wp-json\/wp\/v2\/pages\/1612"}],"wp:attachment":[{"href":"https:\/\/wildanger.hu\/de\/wp-json\/wp\/v2\/media?parent=1655"}],"curies":[{"name":"wp","href":"https:\/\/api.w.org\/{rel}","templated":true}]}}