{"id":1650,"date":"2025-11-20T09:36:08","date_gmt":"2025-11-20T08:36:08","guid":{"rendered":"https:\/\/wildanger.hu\/?page_id=1650"},"modified":"2026-02-17T16:06:25","modified_gmt":"2026-02-17T15:06:25","slug":"kinderstuehle-anfrage","status":"publish","type":"page","link":"https:\/\/wildanger.hu\/de\/shop\/kinderstuehle\/kinderstuehle-anfrage\/","title":{"rendered":"Kinderst\u00fchle Anfrage"},"content":{"rendered":"\n<style type=\"text\/css\" data-created_by=\"avia_inline_auto\" id=\"style-css-av-vqw4z-6a315687634d8bb4dabff5d5523ab644\">\n.avia-section.av-vqw4z-6a315687634d8bb4dabff5d5523ab644 .av-parallax .av-parallax-inner{\nbackground-repeat:no-repeat;\nbackground-image:url(https:\/\/wildanger.hu\/wp-content\/uploads\/Gyerekszekek-1030x773.jpg);\nbackground-position:50% 50%;\nbackground-attachment:scroll;\n}\n.avia-section.av-vqw4z-6a315687634d8bb4dabff5d5523ab644 .av-section-color-overlay{\nopacity:0.2;\nbackground-color:#2b1a08;\n}\n<\/style>\n<div id='av_section_1'  class='avia-section av-vqw4z-6a315687634d8bb4dabff5d5523ab644 main_color avia-section-large avia-no-border-styling  avia-builder-el-0  el_before_av_section  avia-builder-el-first  avia-full-stretch av-parallax-section avia-bg-style-parallax av-section-color-overlay-active av-minimum-height av-minimum-height-50 av-height-50  container_wrap fullsize'  data-section-bg-repeat='stretch' data-av_minimum_height_pc='50' data-av_min_height_opt='50'><div class='av-parallax' data-avia-parallax-ratio='0.3' ><div class='av-parallax-inner main_color avia-full-stretch'><\/div><\/div><div class=\"av-section-color-overlay-wrap\"><div class=\"av-section-color-overlay\"><\/div><div class='container av-section-cont-open' ><main  role=\"main\" itemprop=\"mainContentOfPage\"  class='template-page content  av-content-full alpha units'><div class='post-entry post-entry-type-page post-entry-1650'><div class='entry-content-wrapper clearfix'>\n<div  class='flex_column av-pgynf-4fa59b8b758591b1a0cbdceafadc0779 av_one_fifth  avia-builder-el-1  el_before_av_three_fifth  avia-builder-el-first  first flex_column_div  '     ><\/div><div  class='flex_column av-l3mar-11dde047baa5034ad1f7b0fff23c7a65 av_three_fifth  avia-builder-el-2  el_after_av_one_fifth  el_before_av_one_fifth  flex_column_div  '     ><p>\n<style type=\"text\/css\" data-created_by=\"avia_inline_auto\" id=\"style-css-av-mi7hh5c0-d81297bbe07d3077ba1b3d5943ba736f\">\n#top .av-special-heading.av-mi7hh5c0-d81297bbe07d3077ba1b3d5943ba736f{\npadding-bottom:10px;\ncolor:#ffffff;\nfont-size:40px;\n}\nbody .av-special-heading.av-mi7hh5c0-d81297bbe07d3077ba1b3d5943ba736f .av-special-heading-tag .heading-char{\nfont-size:25px;\n}\n#top #wrap_all .av-special-heading.av-mi7hh5c0-d81297bbe07d3077ba1b3d5943ba736f .av-special-heading-tag{\nfont-size:40px;\n}\n.av-special-heading.av-mi7hh5c0-d81297bbe07d3077ba1b3d5943ba736f .special-heading-inner-border{\nborder-color:#ffffff;\n}\n.av-special-heading.av-mi7hh5c0-d81297bbe07d3077ba1b3d5943ba736f .av-subheading{\nfont-size:15px;\n}\n\n@media only screen and (min-width: 480px) and (max-width: 767px){ \n#top #wrap_all .av-special-heading.av-mi7hh5c0-d81297bbe07d3077ba1b3d5943ba736f .av-special-heading-tag{\nfont-size:0.8em;\n}\n}\n\n@media only screen and (max-width: 479px){ \n#top #wrap_all .av-special-heading.av-mi7hh5c0-d81297bbe07d3077ba1b3d5943ba736f .av-special-heading-tag{\nfont-size:0.8em;\n}\n}\n<\/style>\n<div  class='av-special-heading av-mi7hh5c0-d81297bbe07d3077ba1b3d5943ba736f av-special-heading-h1 custom-color-heading blockquote modern-quote modern-centered  avia-builder-el-3  el_before_av_hr  avia-builder-el-first  av-inherit-size'><h1 class='av-special-heading-tag '  itemprop=\"headline\"  >Kinderst\u00fchle Anfrage<\/h1><div class=\"special-heading-border\"><div class=\"special-heading-inner-border\"><\/div><\/div><\/div><br \/>\n\n<style type=\"text\/css\" data-created_by=\"avia_inline_auto\" id=\"style-css-av-hcvzn-4ce2ee53f16d47e1ad2ee0b6821495c0\">\n#top .hr.av-hcvzn-4ce2ee53f16d47e1ad2ee0b6821495c0{\nmargin-top:40px;\nmargin-bottom:40px;\n}\n.hr.av-hcvzn-4ce2ee53f16d47e1ad2ee0b6821495c0 .hr-inner{\nwidth:50px;\nborder-color:#ffffff;\n}\n<\/style>\n<div  class='hr av-hcvzn-4ce2ee53f16d47e1ad2ee0b6821495c0 hr-custom  avia-builder-el-4  el_after_av_heading  avia-builder-el-last  hr-center hr-icon-no'><span class='hr-inner inner-border-av-border-fat'><span class=\"hr-inner-style\"><\/span><\/span><\/div><\/p><\/div><div  class='flex_column av-963c3-0e2a6307fcc1d349c344f5d73b49aaf1 av_one_fifth  avia-builder-el-5  el_after_av_three_fifth  avia-builder-el-last  flex_column_div  '     ><\/div>\n\n<\/div><\/div><\/main><!-- close content main element --><\/div><\/div><\/div><div id='av_section_2'  class='avia-section av-6qaub-fef96698f195f4fc37215a62afebfb9d main_color avia-section-default avia-no-border-styling  avia-builder-el-6  el_after_av_section  el_before_av_section  avia-bg-style-scroll container_wrap fullsize'  ><div class='container av-section-cont-open' ><div class='template-page content  av-content-full alpha units'><div class='post-entry post-entry-type-page post-entry-1650'><div class='entry-content-wrapper clearfix'>\n\n<style type=\"text\/css\" data-created_by=\"avia_inline_auto\" id=\"style-css-av-mi7himdq-9c111db7f5a59389558a20734a6dd3ba\">\n.flex_column.av-mi7himdq-9c111db7f5a59389558a20734a6dd3ba{\nwidth:65.666666666667%;\n}\n<\/style>\n<div  class='flex_column av-mi7himdq-9c111db7f5a59389558a20734a6dd3ba av_two_third  avia-builder-el-7  el_before_av_one_third  avia-builder-el-first  first flex_column_div  '     ><\/div>\n<style type=\"text\/css\" data-created_by=\"avia_inline_auto\" id=\"style-css-av-a4tc3-170fb31a7f54c282bc5c2987e48aac6f\">\n.flex_column.av-a4tc3-170fb31a7f54c282bc5c2987e48aac6f{\nwidth:31.333333333333%;\nmargin-left:3%;\n}\n<\/style>\n<div  class='flex_column av-a4tc3-170fb31a7f54c282bc5c2987e48aac6f av_one_third  avia-builder-el-9  el_after_av_two_third  avia-builder-el-last  flex_column_div  '     ><style type=\"text\/css\" data-created_by=\"avia_inline_auto\" id=\"style-css-av-mi7hw5a7-00df83656df0ec37abe5adf7fe9505e4\">\n@keyframes av_boxShadowEffect_av-mi7hw5a7-00df83656df0ec37abe5adf7fe9505e4 {\n0%   { box-shadow:  0 0 0 0 #aaaaaa; opacity: 1; }\n100% { box-shadow:  0 0 20px 0 #aaaaaa; opacity: 1; }\n}\n.avia-image-container.av-mi7hw5a7-00df83656df0ec37abe5adf7fe9505e4 img.avia_image{\nbox-shadow: 0 0 20px 0 #aaaaaa;\n}\n.avia-image-container.av-mi7hw5a7-00df83656df0ec37abe5adf7fe9505e4 .av-image-caption-overlay-center{\ncolor:#ffffff;\n}\n<\/style>\n<div  class='avia-image-container av-mi7hw5a7-00df83656df0ec37abe5adf7fe9505e4 av-styling- avia-align-center  avia-builder-el-10  avia-builder-el-no-sibling  av-img-box-shadow av-box-shadow-not-animated'   itemprop=\"image\" itemscope=\"itemscope\" itemtype=\"https:\/\/schema.org\/ImageObject\" ><div class=\"avia-image-container-inner\"><div class=\"avia-image-overlay-wrap\"><img decoding=\"async\" fetchpriority=\"high\" class='wp-image-1610 avia-img-lazy-loading-not-1610 avia_image shadow-not-animated' src=\"https:\/\/wildanger.hu\/wp-content\/uploads\/Gyerekszekek-705x529.jpg\" alt='' title='Gyereksz\u00e9kek'  height=\"529\" width=\"705\"  itemprop=\"thumbnailUrl\" srcset=\"https:\/\/wildanger.hu\/wp-content\/uploads\/Gyerekszekek-705x529.jpg 705w, https:\/\/wildanger.hu\/wp-content\/uploads\/Gyerekszekek-300x225.jpg 300w, https:\/\/wildanger.hu\/wp-content\/uploads\/Gyerekszekek-1030x773.jpg 1030w, https:\/\/wildanger.hu\/wp-content\/uploads\/Gyerekszekek-768x576.jpg 768w, https:\/\/wildanger.hu\/wp-content\/uploads\/Gyerekszekek-1536x1152.jpg 1536w, https:\/\/wildanger.hu\/wp-content\/uploads\/Gyerekszekek-2048x1536.jpg 2048w, https:\/\/wildanger.hu\/wp-content\/uploads\/Gyerekszekek-1500x1125.jpg 1500w\" sizes=\"(max-width: 705px) 100vw, 705px\" \/><\/div><\/div><\/div><\/div>\n\n<\/div><\/div><\/div><!-- close content main div --><\/div><\/div><div id='av_section_3'  class='avia-section av-cocsgi-d21516e593b5255c92d01afc6b45ebb9 footer_color avia-section-default avia-no-border-styling  avia-builder-el-11  el_after_av_section  avia-builder-el-last  avia-bg-style-scroll av-minimum-height av-minimum-height-custom av-height-custom  container_wrap fullsize'   data-av_minimum_height_px='141'><div class='container av-section-cont-open' style='height:141px'><div class='template-page content  av-content-full alpha units'><div class='post-entry post-entry-type-page post-entry-1650'><div class='entry-content-wrapper clearfix'>\n<div class='flex_column_table av-aos9tu-0f650ddb8fb7d06b1436d1abbbbe271a sc-av_one_fourth av-equal-height-column-flextable'><div  class='flex_column av-aos9tu-0f650ddb8fb7d06b1436d1abbbbe271a av_one_fourth  avia-builder-el-12  el_before_av_one_half  avia-builder-el-first  first flex_column_table_cell av-equal-height-column av-align-top  '     ><style type=\"text\/css\" data-created_by=\"avia_inline_auto\" id=\"style-css-av-8wbo5u-1c10089f7544eea1ee3cb4d97dec2e56\">\n.avia-image-container.av-8wbo5u-1c10089f7544eea1ee3cb4d97dec2e56 img.avia_image{\nbox-shadow:none;\n}\n.avia-image-container.av-8wbo5u-1c10089f7544eea1ee3cb4d97dec2e56 .av-image-caption-overlay-center{\ncolor:#ffffff;\n}\n<\/style>\n<div  class='avia-image-container av-8wbo5u-1c10089f7544eea1ee3cb4d97dec2e56 av-styling- avia-align-center  avia-builder-el-13  avia-builder-el-no-sibling '   itemprop=\"image\" itemscope=\"itemscope\" itemtype=\"https:\/\/schema.org\/ImageObject\" ><div class=\"avia-image-container-inner\"><div class=\"avia-image-overlay-wrap\"><img decoding=\"async\" fetchpriority=\"high\" class='wp-image-1776 avia-img-lazy-loading-not-1776 avia_image ' src=\"https:\/\/wildanger.hu\/wp-content\/uploads\/DSP_logo_vector.svg\" alt='' title='DSP_logo_vector'  height=\"276\" width=\"500\"  itemprop=\"thumbnailUrl\"  \/><\/div><\/div><\/div><\/div><div class='av-flex-placeholder'><\/div><div  class='flex_column av-6ua7de-74de2a669fcb19f7e7f63e733fb3d288 av_one_half  avia-builder-el-14  el_after_av_one_fourth  el_before_av_one_fourth  flex_column_table_cell av-equal-height-column av-align-top  '     ><style type=\"text\/css\" data-created_by=\"avia_inline_auto\" id=\"style-css-av-63471e-50696d4727b191f7eb3104e81f844443\">\n#top .av_textblock_section.av-63471e-50696d4727b191f7eb3104e81f844443 .avia_textblock{\nfont-size:18px;\n}\n<\/style>\n<section  class='av_textblock_section av-63471e-50696d4727b191f7eb3104e81f844443 '   itemscope=\"itemscope\" itemtype=\"https:\/\/schema.org\/CreativeWork\" ><div class='avia_textblock demjan'  itemprop=\"text\" ><p style=\"text-align: center;\">Die Website wurde im Rahmen und mit Unterst\u00fctzung des Programms von S\u00e1ndor Demj\u00e1n erstellt.<\/p>\n<\/div><\/section><\/div><div class='av-flex-placeholder'><\/div><div  class='flex_column av-4grabm-15b77d372529ed84063f4d0629e53433 av_one_fourth  avia-builder-el-16  el_after_av_one_half  avia-builder-el-last  flex_column_table_cell av-equal-height-column av-align-top  '     ><style type=\"text\/css\" data-created_by=\"avia_inline_auto\" id=\"style-css-av-3az336-c81f42b46c5ba68656fc2762c2d43754\">\n.avia-image-container.av-3az336-c81f42b46c5ba68656fc2762c2d43754 img.avia_image{\nbox-shadow:none;\n}\n.avia-image-container.av-3az336-c81f42b46c5ba68656fc2762c2d43754 .av-image-caption-overlay-center{\ncolor:#ffffff;\n}\n<\/style>\n<div  class='avia-image-container av-3az336-c81f42b46c5ba68656fc2762c2d43754 av-styling- avia-align-center  avia-builder-el-17  avia-builder-el-no-sibling '   itemprop=\"image\" itemscope=\"itemscope\" itemtype=\"https:\/\/schema.org\/ImageObject\" ><div class=\"avia-image-container-inner\"><div class=\"avia-image-overlay-wrap\"><img decoding=\"async\" fetchpriority=\"high\" class='wp-image-1777 avia-img-lazy-loading-not-1777 avia_image ' src=\"https:\/\/wildanger.hu\/wp-content\/uploads\/NEUM_logo_vector.svg\" alt='' title='NEUM_logo_vector'  height=\"176\" width=\"500\"  itemprop=\"thumbnailUrl\"  \/><\/div><\/div><\/div><\/div><\/div><!--close column table wrapper. Autoclose: 1 -->\n\n","protected":false},"excerpt":{"rendered":"","protected":false},"author":1,"featured_media":0,"parent":1646,"menu_order":0,"comment_status":"closed","ping_status":"closed","template":"","meta":{"footnotes":""},"class_list":["post-1650","page","type-page","status-publish","hentry"],"yoast_head":"<!-- This site is optimized with the Yoast SEO Premium plugin v26.9 (Yoast SEO v26.9) - https:\/\/yoast.com\/product\/yoast-seo-premium-wordpress\/ -->\n<title>Kinderst\u00fchle Anfrage - Wildanger<\/title>\n<meta name=\"robots\" content=\"index, follow, max-snippet:-1, max-image-preview:large, max-video-preview:-1\" \/>\n<link rel=\"canonical\" href=\"https:\/\/wildanger.hu\/de\/shop\/kinderstuehle\/kinderstuehle-anfrage\/\" \/>\n<meta property=\"og:locale\" content=\"de_DE\" \/>\n<meta property=\"og:type\" content=\"article\" \/>\n<meta property=\"og:title\" content=\"Kinderst\u00fchle Anfrage\" \/>\n<meta property=\"og:url\" content=\"https:\/\/wildanger.hu\/de\/shop\/kinderstuehle\/kinderstuehle-anfrage\/\" \/>\n<meta property=\"og:site_name\" content=\"Wildanger\" \/>\n<meta property=\"article:modified_time\" content=\"2026-02-17T15:06:25+00:00\" \/>\n<meta name=\"twitter:card\" content=\"summary_large_image\" \/>\n<script type=\"application\/ld+json\" class=\"yoast-schema-graph\">{\"@context\":\"https:\/\/schema.org\",\"@graph\":[{\"@type\":\"WebPage\",\"@id\":\"https:\/\/wildanger.hu\/de\/shop\/kinderstuehle\/kinderstuehle-anfrage\/\",\"url\":\"https:\/\/wildanger.hu\/de\/shop\/kinderstuehle\/kinderstuehle-anfrage\/\",\"name\":\"Kinderst\u00fchle Anfrage - Wildanger\",\"isPartOf\":{\"@id\":\"https:\/\/wildanger.hu\/#website\"},\"datePublished\":\"2025-11-20T08:36:08+00:00\",\"dateModified\":\"2026-02-17T15:06:25+00:00\",\"breadcrumb\":{\"@id\":\"https:\/\/wildanger.hu\/de\/shop\/kinderstuehle\/kinderstuehle-anfrage\/#breadcrumb\"},\"inLanguage\":\"de\",\"potentialAction\":[{\"@type\":\"ReadAction\",\"target\":[\"https:\/\/wildanger.hu\/de\/shop\/kinderstuehle\/kinderstuehle-anfrage\/\"]}]},{\"@type\":\"BreadcrumbList\",\"@id\":\"https:\/\/wildanger.hu\/de\/shop\/kinderstuehle\/kinderstuehle-anfrage\/#breadcrumb\",\"itemListElement\":[{\"@type\":\"ListItem\",\"position\":1,\"name\":\"Kezd\u0151lap\",\"item\":\"https:\/\/wildanger.hu\/de\/startseite\/\"},{\"@type\":\"ListItem\",\"position\":2,\"name\":\"Shop\",\"item\":\"https:\/\/wildanger.hu\/de\/shop\/\"},{\"@type\":\"ListItem\",\"position\":3,\"name\":\"Kinderst\u00fchle\",\"item\":\"https:\/\/wildanger.hu\/de\/shop\/kinderstuehle\/\"},{\"@type\":\"ListItem\",\"position\":4,\"name\":\"Kinderst\u00fchle Anfrage\"}]},{\"@type\":\"WebSite\",\"@id\":\"https:\/\/wildanger.hu\/#website\",\"url\":\"https:\/\/wildanger.hu\/\",\"name\":\"Wildanger\",\"description\":\"\",\"potentialAction\":[{\"@type\":\"SearchAction\",\"target\":{\"@type\":\"EntryPoint\",\"urlTemplate\":\"https:\/\/wildanger.hu\/?s={search_term_string}\"},\"query-input\":{\"@type\":\"PropertyValueSpecification\",\"valueRequired\":true,\"valueName\":\"search_term_string\"}}],\"inLanguage\":\"de\"}]}<\/script>\n<!-- \/ Yoast SEO Premium plugin. -->","yoast_head_json":{"title":"Kinderst\u00fchle Anfrage - Wildanger","robots":{"index":"index","follow":"follow","max-snippet":"max-snippet:-1","max-image-preview":"max-image-preview:large","max-video-preview":"max-video-preview:-1"},"canonical":"https:\/\/wildanger.hu\/de\/shop\/kinderstuehle\/kinderstuehle-anfrage\/","og_locale":"de_DE","og_type":"article","og_title":"Kinderst\u00fchle Anfrage","og_url":"https:\/\/wildanger.hu\/de\/shop\/kinderstuehle\/kinderstuehle-anfrage\/","og_site_name":"Wildanger","article_modified_time":"2026-02-17T15:06:25+00:00","twitter_card":"summary_large_image","schema":{"@context":"https:\/\/schema.org","@graph":[{"@type":"WebPage","@id":"https:\/\/wildanger.hu\/de\/shop\/kinderstuehle\/kinderstuehle-anfrage\/","url":"https:\/\/wildanger.hu\/de\/shop\/kinderstuehle\/kinderstuehle-anfrage\/","name":"Kinderst\u00fchle Anfrage - Wildanger","isPartOf":{"@id":"https:\/\/wildanger.hu\/#website"},"datePublished":"2025-11-20T08:36:08+00:00","dateModified":"2026-02-17T15:06:25+00:00","breadcrumb":{"@id":"https:\/\/wildanger.hu\/de\/shop\/kinderstuehle\/kinderstuehle-anfrage\/#breadcrumb"},"inLanguage":"de","potentialAction":[{"@type":"ReadAction","target":["https:\/\/wildanger.hu\/de\/shop\/kinderstuehle\/kinderstuehle-anfrage\/"]}]},{"@type":"BreadcrumbList","@id":"https:\/\/wildanger.hu\/de\/shop\/kinderstuehle\/kinderstuehle-anfrage\/#breadcrumb","itemListElement":[{"@type":"ListItem","position":1,"name":"Kezd\u0151lap","item":"https:\/\/wildanger.hu\/de\/startseite\/"},{"@type":"ListItem","position":2,"name":"Shop","item":"https:\/\/wildanger.hu\/de\/shop\/"},{"@type":"ListItem","position":3,"name":"Kinderst\u00fchle","item":"https:\/\/wildanger.hu\/de\/shop\/kinderstuehle\/"},{"@type":"ListItem","position":4,"name":"Kinderst\u00fchle Anfrage"}]},{"@type":"WebSite","@id":"https:\/\/wildanger.hu\/#website","url":"https:\/\/wildanger.hu\/","name":"Wildanger","description":"","potentialAction":[{"@type":"SearchAction","target":{"@type":"EntryPoint","urlTemplate":"https:\/\/wildanger.hu\/?s={search_term_string}"},"query-input":{"@type":"PropertyValueSpecification","valueRequired":true,"valueName":"search_term_string"}}],"inLanguage":"de"}]}},"_links":{"self":[{"href":"https:\/\/wildanger.hu\/de\/wp-json\/wp\/v2\/pages\/1650","targetHints":{"allow":["GET"]}}],"collection":[{"href":"https:\/\/wildanger.hu\/de\/wp-json\/wp\/v2\/pages"}],"about":[{"href":"https:\/\/wildanger.hu\/de\/wp-json\/wp\/v2\/types\/page"}],"author":[{"embeddable":true,"href":"https:\/\/wildanger.hu\/de\/wp-json\/wp\/v2\/users\/1"}],"replies":[{"embeddable":true,"href":"https:\/\/wildanger.hu\/de\/wp-json\/wp\/v2\/comments?post=1650"}],"version-history":[{"count":14,"href":"https:\/\/wildanger.hu\/de\/wp-json\/wp\/v2\/pages\/1650\/revisions"}],"predecessor-version":[{"id":2288,"href":"https:\/\/wildanger.hu\/de\/wp-json\/wp\/v2\/pages\/1650\/revisions\/2288"}],"up":[{"embeddable":true,"href":"https:\/\/wildanger.hu\/de\/wp-json\/wp\/v2\/pages\/1646"}],"wp:attachment":[{"href":"https:\/\/wildanger.hu\/de\/wp-json\/wp\/v2\/media?parent=1650"}],"curies":[{"name":"wp","href":"https:\/\/api.w.org\/{rel}","templated":true}]}}