{"id":1608,"date":"2025-11-20T08:26:31","date_gmt":"2025-11-20T07:26:31","guid":{"rendered":"https:\/\/wildanger.hu\/?page_id=1608"},"modified":"2026-02-03T12:39:15","modified_gmt":"2026-02-03T11:39:15","slug":"moebel","status":"publish","type":"page","link":"https:\/\/wildanger.hu\/de\/shop\/moebel\/","title":{"rendered":"M\u00f6bel"},"content":{"rendered":"<div id='av_section_1'  class='avia-section av-av_section-b9a67139707893ef8e96049652833154 footer_color avia-section-default avia-no-border-styling  avia-builder-el-0  avia-builder-el-no-sibling  avia-bg-style-scroll av-minimum-height av-minimum-height-custom av-height-custom  container_wrap fullsize'   data-av_minimum_height_px='141'><div class='container av-section-cont-open' style='height:141px'><main  role=\"main\" itemprop=\"mainContentOfPage\"  class='template-page content  av-content-full alpha units'><div class='post-entry post-entry-type-page post-entry-1608'><div class='entry-content-wrapper clearfix'>\n<div class='flex_column_table av-av_one_fourth-b1f809ae98d73b4c925c004c9f1c248c sc-av_one_fourth av-equal-height-column-flextable'><div  class='flex_column av-av_one_fourth-b1f809ae98d73b4c925c004c9f1c248c av_one_fourth  avia-builder-el-1  el_before_av_one_half  avia-builder-el-first  first flex_column_table_cell av-equal-height-column av-align-top  '     ><style type=\"text\/css\" data-created_by=\"avia_inline_auto\" id=\"style-css-av-av_image-b0fded31cefab2ec480b1c846a6e7be5\">\n.avia-image-container.av-av_image-b0fded31cefab2ec480b1c846a6e7be5 img.avia_image{\nbox-shadow:none;\n}\n.avia-image-container.av-av_image-b0fded31cefab2ec480b1c846a6e7be5 .av-image-caption-overlay-center{\ncolor:#ffffff;\n}\n<\/style>\n<div  class='avia-image-container av-av_image-b0fded31cefab2ec480b1c846a6e7be5 av-styling- avia-align-center  avia-builder-el-2  avia-builder-el-no-sibling '   itemprop=\"image\" itemscope=\"itemscope\" itemtype=\"https:\/\/schema.org\/ImageObject\" ><div class=\"avia-image-container-inner\"><div class=\"avia-image-overlay-wrap\"><img decoding=\"async\" fetchpriority=\"high\" class='wp-image-1776 avia-img-lazy-loading-not-1776 avia_image ' src=\"https:\/\/wildanger.hu\/wp-content\/uploads\/DSP_logo_vector.svg\" alt='' title='DSP_logo_vector'  height=\"276\" width=\"500\"  itemprop=\"thumbnailUrl\"  \/><\/div><\/div><\/div><\/div><div class='av-flex-placeholder'><\/div><div  class='flex_column av-av_one_half-fab62c87738829cf9638f8bccf190648 av_one_half  avia-builder-el-3  el_after_av_one_fourth  el_before_av_one_fourth  flex_column_table_cell av-equal-height-column av-align-top  '     ><style type=\"text\/css\" data-created_by=\"avia_inline_auto\" id=\"style-css-av-av_textblock-0767d0a1de9443df3fbddf11e978c5c5\">\n#top .av_textblock_section.av-av_textblock-0767d0a1de9443df3fbddf11e978c5c5 .avia_textblock{\nfont-size:18px;\n}\n<\/style>\n<section  class='av_textblock_section av-av_textblock-0767d0a1de9443df3fbddf11e978c5c5 '   itemscope=\"itemscope\" itemtype=\"https:\/\/schema.org\/CreativeWork\" ><div class='avia_textblock demjan'  itemprop=\"text\" ><p style=\"text-align: center;\">Die Website wurde im Rahmen und mit Unterst\u00fctzung des Programms von S\u00e1ndor Demj\u00e1n erstellt.<\/p>\n<\/div><\/section><\/div><div class='av-flex-placeholder'><\/div><div  class='flex_column av-av_one_fourth-fab62c87738829cf9638f8bccf190648 av_one_fourth  avia-builder-el-5  el_after_av_one_half  avia-builder-el-last  flex_column_table_cell av-equal-height-column av-align-top  '     ><style type=\"text\/css\" data-created_by=\"avia_inline_auto\" id=\"style-css-av-av_image-15202e112018a9ac6dda54fb37952ed3\">\n.avia-image-container.av-av_image-15202e112018a9ac6dda54fb37952ed3 img.avia_image{\nbox-shadow:none;\n}\n.avia-image-container.av-av_image-15202e112018a9ac6dda54fb37952ed3 .av-image-caption-overlay-center{\ncolor:#ffffff;\n}\n<\/style>\n<div  class='avia-image-container av-av_image-15202e112018a9ac6dda54fb37952ed3 av-styling- avia-align-center  avia-builder-el-6  avia-builder-el-no-sibling '   itemprop=\"image\" itemscope=\"itemscope\" itemtype=\"https:\/\/schema.org\/ImageObject\" ><div class=\"avia-image-container-inner\"><div class=\"avia-image-overlay-wrap\"><img decoding=\"async\" fetchpriority=\"high\" class='wp-image-1777 avia-img-lazy-loading-not-1777 avia_image ' src=\"https:\/\/wildanger.hu\/wp-content\/uploads\/NEUM_logo_vector.svg\" alt='' title='NEUM_logo_vector'  height=\"176\" width=\"500\"  itemprop=\"thumbnailUrl\"  \/><\/div><\/div><\/div><\/div><\/div><!--close column table wrapper. Autoclose: 1 -->\n\n","protected":false},"excerpt":{"rendered":"","protected":false},"author":1,"featured_media":0,"parent":1612,"menu_order":0,"comment_status":"closed","ping_status":"closed","template":"","meta":{"footnotes":""},"class_list":["post-1608","page","type-page","status-publish","hentry"],"yoast_head":"<!-- This site is optimized with the Yoast SEO Premium plugin v26.9 (Yoast SEO v26.9) - https:\/\/yoast.com\/product\/yoast-seo-premium-wordpress\/ -->\n<title>M\u00f6bel - Wildanger<\/title>\n<meta name=\"robots\" content=\"index, follow, max-snippet:-1, max-image-preview:large, max-video-preview:-1\" \/>\n<link rel=\"canonical\" href=\"https:\/\/wildanger.hu\/de\/shop\/moebel\/\" \/>\n<meta property=\"og:locale\" content=\"de_DE\" \/>\n<meta property=\"og:type\" content=\"article\" \/>\n<meta property=\"og:title\" content=\"M\u00f6bel\" \/>\n<meta property=\"og:url\" content=\"https:\/\/wildanger.hu\/de\/shop\/moebel\/\" \/>\n<meta property=\"og:site_name\" content=\"Wildanger\" \/>\n<meta property=\"article:modified_time\" content=\"2026-02-03T11:39:15+00:00\" \/>\n<meta name=\"twitter:card\" content=\"summary_large_image\" \/>\n<meta name=\"twitter:label1\" content=\"Gesch\u00e4tzte Lesezeit\" \/>\n\t<meta name=\"twitter:data1\" content=\"13\u00a0Minuten\" \/>\n<script type=\"application\/ld+json\" class=\"yoast-schema-graph\">{\"@context\":\"https:\/\/schema.org\",\"@graph\":[{\"@type\":\"WebPage\",\"@id\":\"https:\/\/wildanger.hu\/de\/shop\/moebel\/\",\"url\":\"https:\/\/wildanger.hu\/de\/shop\/moebel\/\",\"name\":\"M\u00f6bel - Wildanger\",\"isPartOf\":{\"@id\":\"https:\/\/wildanger.hu\/#website\"},\"datePublished\":\"2025-11-20T07:26:31+00:00\",\"dateModified\":\"2026-02-03T11:39:15+00:00\",\"breadcrumb\":{\"@id\":\"https:\/\/wildanger.hu\/de\/shop\/moebel\/#breadcrumb\"},\"inLanguage\":\"de\",\"potentialAction\":[{\"@type\":\"ReadAction\",\"target\":[\"https:\/\/wildanger.hu\/de\/shop\/moebel\/\"]}]},{\"@type\":\"BreadcrumbList\",\"@id\":\"https:\/\/wildanger.hu\/de\/shop\/moebel\/#breadcrumb\",\"itemListElement\":[{\"@type\":\"ListItem\",\"position\":1,\"name\":\"Kezd\u0151lap\",\"item\":\"https:\/\/wildanger.hu\/de\/startseite\/\"},{\"@type\":\"ListItem\",\"position\":2,\"name\":\"Shop\",\"item\":\"https:\/\/wildanger.hu\/de\/shop\/\"},{\"@type\":\"ListItem\",\"position\":3,\"name\":\"M\u00f6bel\"}]},{\"@type\":\"WebSite\",\"@id\":\"https:\/\/wildanger.hu\/#website\",\"url\":\"https:\/\/wildanger.hu\/\",\"name\":\"Wildanger\",\"description\":\"\",\"potentialAction\":[{\"@type\":\"SearchAction\",\"target\":{\"@type\":\"EntryPoint\",\"urlTemplate\":\"https:\/\/wildanger.hu\/?s={search_term_string}\"},\"query-input\":{\"@type\":\"PropertyValueSpecification\",\"valueRequired\":true,\"valueName\":\"search_term_string\"}}],\"inLanguage\":\"de\"}]}<\/script>\n<!-- \/ Yoast SEO Premium plugin. -->","yoast_head_json":{"title":"M\u00f6bel - Wildanger","robots":{"index":"index","follow":"follow","max-snippet":"max-snippet:-1","max-image-preview":"max-image-preview:large","max-video-preview":"max-video-preview:-1"},"canonical":"https:\/\/wildanger.hu\/de\/shop\/moebel\/","og_locale":"de_DE","og_type":"article","og_title":"M\u00f6bel","og_url":"https:\/\/wildanger.hu\/de\/shop\/moebel\/","og_site_name":"Wildanger","article_modified_time":"2026-02-03T11:39:15+00:00","twitter_card":"summary_large_image","twitter_misc":{"Gesch\u00e4tzte Lesezeit":"13\u00a0Minuten"},"schema":{"@context":"https:\/\/schema.org","@graph":[{"@type":"WebPage","@id":"https:\/\/wildanger.hu\/de\/shop\/moebel\/","url":"https:\/\/wildanger.hu\/de\/shop\/moebel\/","name":"M\u00f6bel - Wildanger","isPartOf":{"@id":"https:\/\/wildanger.hu\/#website"},"datePublished":"2025-11-20T07:26:31+00:00","dateModified":"2026-02-03T11:39:15+00:00","breadcrumb":{"@id":"https:\/\/wildanger.hu\/de\/shop\/moebel\/#breadcrumb"},"inLanguage":"de","potentialAction":[{"@type":"ReadAction","target":["https:\/\/wildanger.hu\/de\/shop\/moebel\/"]}]},{"@type":"BreadcrumbList","@id":"https:\/\/wildanger.hu\/de\/shop\/moebel\/#breadcrumb","itemListElement":[{"@type":"ListItem","position":1,"name":"Kezd\u0151lap","item":"https:\/\/wildanger.hu\/de\/startseite\/"},{"@type":"ListItem","position":2,"name":"Shop","item":"https:\/\/wildanger.hu\/de\/shop\/"},{"@type":"ListItem","position":3,"name":"M\u00f6bel"}]},{"@type":"WebSite","@id":"https:\/\/wildanger.hu\/#website","url":"https:\/\/wildanger.hu\/","name":"Wildanger","description":"","potentialAction":[{"@type":"SearchAction","target":{"@type":"EntryPoint","urlTemplate":"https:\/\/wildanger.hu\/?s={search_term_string}"},"query-input":{"@type":"PropertyValueSpecification","valueRequired":true,"valueName":"search_term_string"}}],"inLanguage":"de"}]}},"_links":{"self":[{"href":"https:\/\/wildanger.hu\/de\/wp-json\/wp\/v2\/pages\/1608","targetHints":{"allow":["GET"]}}],"collection":[{"href":"https:\/\/wildanger.hu\/de\/wp-json\/wp\/v2\/pages"}],"about":[{"href":"https:\/\/wildanger.hu\/de\/wp-json\/wp\/v2\/types\/page"}],"author":[{"embeddable":true,"href":"https:\/\/wildanger.hu\/de\/wp-json\/wp\/v2\/users\/1"}],"replies":[{"embeddable":true,"href":"https:\/\/wildanger.hu\/de\/wp-json\/wp\/v2\/comments?post=1608"}],"version-history":[{"count":2,"href":"https:\/\/wildanger.hu\/de\/wp-json\/wp\/v2\/pages\/1608\/revisions"}],"predecessor-version":[{"id":1843,"href":"https:\/\/wildanger.hu\/de\/wp-json\/wp\/v2\/pages\/1608\/revisions\/1843"}],"up":[{"embeddable":true,"href":"https:\/\/wildanger.hu\/de\/wp-json\/wp\/v2\/pages\/1612"}],"wp:attachment":[{"href":"https:\/\/wildanger.hu\/de\/wp-json\/wp\/v2\/media?parent=1608"}],"curies":[{"name":"wp","href":"https:\/\/api.w.org\/{rel}","templated":true}]}}