{"id":1580,"date":"2025-11-17T15:07:54","date_gmt":"2025-11-17T14:07:54","guid":{"rendered":"https:\/\/wildanger.hu\/?page_id=1580"},"modified":"2026-02-17T15:23:39","modified_gmt":"2026-02-17T14:23:39","slug":"wohnzimmer","status":"publish","type":"page","link":"https:\/\/wildanger.hu\/de\/tischlerei\/projekte\/wohnzimmer\/","title":{"rendered":"Wohnzimmer"},"content":{"rendered":"\n<style type=\"text\/css\" data-created_by=\"avia_inline_auto\" id=\"style-css-av-mizu3v85-d48b99e96183d2b20e5c3bb68c52fae9\">\n.avia-section.av-mizu3v85-d48b99e96183d2b20e5c3bb68c52fae9{\nbackground-repeat:no-repeat;\nbackground-image:url(https:\/\/wildanger.hu\/wp-content\/uploads\/Nappali-Boritokep-1030x492.jpg);\nbackground-position:50% 0%;\nbackground-attachment:scroll;\n}\n.avia-section.av-mizu3v85-d48b99e96183d2b20e5c3bb68c52fae9 .av-section-color-overlay{\nopacity:0.2;\nbackground-color:#2b1a08;\n}\n<\/style>\n<div id='av_section_1'  class='avia-section av-mizu3v85-d48b99e96183d2b20e5c3bb68c52fae9 main_color avia-section-large avia-no-border-styling  avia-builder-el-0  el_before_av_section  avia-builder-el-first  avia-full-stretch avia-bg-style-scroll av-section-color-overlay-active av-minimum-height av-minimum-height-50 av-height-50  container_wrap fullsize'  data-section-bg-repeat='stretch' data-av_minimum_height_pc='50' data-av_min_height_opt='50'><div class=\"av-section-color-overlay-wrap\"><div class=\"av-section-color-overlay\"><\/div><div class='container av-section-cont-open' ><main  role=\"main\" itemprop=\"mainContentOfPage\"  class='template-page content  av-content-full alpha units'><div class='post-entry post-entry-type-page post-entry-1580'><div class='entry-content-wrapper clearfix'>\n<div  class='flex_column av-sh73r-30711f5cafee4d11b78cb53ab06ebae8 av_one_fifth  avia-builder-el-1  el_before_av_three_fifth  avia-builder-el-first  first flex_column_div  '     ><\/div><div  class='flex_column av-kko1r-570bdadafb5d32fd6ba83729f03ca122 av_three_fifth  avia-builder-el-2  el_after_av_one_fifth  el_before_av_one_fifth  flex_column_div  '     ><p>\n<style type=\"text\/css\" data-created_by=\"avia_inline_auto\" id=\"style-css-av-mi36xkpj-03a322ece2e5321cc5f49fe2d69208be\">\n#top .av-special-heading.av-mi36xkpj-03a322ece2e5321cc5f49fe2d69208be{\npadding-bottom:10px;\ncolor:#ffffff;\nfont-size:40px;\n}\nbody .av-special-heading.av-mi36xkpj-03a322ece2e5321cc5f49fe2d69208be .av-special-heading-tag .heading-char{\nfont-size:25px;\n}\n#top #wrap_all .av-special-heading.av-mi36xkpj-03a322ece2e5321cc5f49fe2d69208be .av-special-heading-tag{\nfont-size:40px;\n}\n.av-special-heading.av-mi36xkpj-03a322ece2e5321cc5f49fe2d69208be .special-heading-inner-border{\nborder-color:#ffffff;\n}\n.av-special-heading.av-mi36xkpj-03a322ece2e5321cc5f49fe2d69208be .av-subheading{\nfont-size:15px;\n}\n\n@media only screen and (min-width: 480px) and (max-width: 767px){ \n#top #wrap_all .av-special-heading.av-mi36xkpj-03a322ece2e5321cc5f49fe2d69208be .av-special-heading-tag{\nfont-size:0.8em;\n}\n}\n\n@media only screen and (max-width: 479px){ \n#top #wrap_all .av-special-heading.av-mi36xkpj-03a322ece2e5321cc5f49fe2d69208be .av-special-heading-tag{\nfont-size:0.8em;\n}\n}\n<\/style>\n<div  class='av-special-heading av-mi36xkpj-03a322ece2e5321cc5f49fe2d69208be av-special-heading-h1 custom-color-heading blockquote modern-quote modern-centered  avia-builder-el-3  el_before_av_hr  avia-builder-el-first  av-inherit-size'><h1 class='av-special-heading-tag '  itemprop=\"headline\"  >Wohnzimmer<\/h1><div class=\"special-heading-border\"><div class=\"special-heading-inner-border\"><\/div><\/div><\/div><br \/>\n\n<style type=\"text\/css\" data-created_by=\"avia_inline_auto\" id=\"style-css-av-hha0n-c58cc8f31a0b3a216f6f7d03417ce7a3\">\n#top .hr.av-hha0n-c58cc8f31a0b3a216f6f7d03417ce7a3{\nmargin-top:40px;\nmargin-bottom:40px;\n}\n.hr.av-hha0n-c58cc8f31a0b3a216f6f7d03417ce7a3 .hr-inner{\nwidth:50px;\nborder-color:#ffffff;\n}\n<\/style>\n<div  class='hr av-hha0n-c58cc8f31a0b3a216f6f7d03417ce7a3 hr-custom  avia-builder-el-4  el_after_av_heading  avia-builder-el-last  hr-center hr-icon-no'><span class='hr-inner inner-border-av-border-fat'><span class=\"hr-inner-style\"><\/span><\/span><\/div><\/p><\/div><div  class='flex_column av-8krfr-3ce9aa5f8192149190d7106491752894 av_one_fifth  avia-builder-el-5  el_after_av_three_fifth  avia-builder-el-last  flex_column_div  '     ><\/div>\n\n<\/div><\/div><\/main><!-- close content main element --><\/div><\/div><\/div><div id='av_section_2'  class='avia-section av-8u4mf-878693cf1da2c16e7e950c96ecf433d9 main_color avia-section-default avia-no-border-styling  avia-builder-el-6  el_after_av_section  el_before_av_section  avia-bg-style-scroll container_wrap fullsize'  ><div class='container av-section-cont-open' ><div class='template-page content  av-content-full alpha units'><div class='post-entry post-entry-type-page post-entry-1580'><div class='entry-content-wrapper clearfix'>\n<div id='av-masonry-1' class='av-masonry av-mi36z3lo-262515ad792bb21f4296583902a732a8 noHover av-fixed-size av-large-gap av-hover-overlay- av-masonry-animation-active av-masonry-col-4 av-caption-always av-caption-style- av-masonry-gallery av-orientation-square ' data-post_id=\"1580\"><div class=\"av-masonry-container isotope av-js-disabled\"><div class='av-masonry-entry isotope-item av-masonry-item-no-image '><\/div><a href=\"https:\/\/wildanger.hu\/wp-content\/uploads\/Iroasztal-tomor-harsfa-1030x579.jpg\" data-srcset=\"https:\/\/wildanger.hu\/wp-content\/uploads\/Iroasztal-tomor-harsfa-1030x579.jpg 1030w, https:\/\/wildanger.hu\/wp-content\/uploads\/Iroasztal-tomor-harsfa-300x169.jpg 300w, https:\/\/wildanger.hu\/wp-content\/uploads\/Iroasztal-tomor-harsfa-768x432.jpg 768w, https:\/\/wildanger.hu\/wp-content\/uploads\/Iroasztal-tomor-harsfa-1536x864.jpg 1536w, https:\/\/wildanger.hu\/wp-content\/uploads\/Iroasztal-tomor-harsfa-2048x1152.jpg 2048w, https:\/\/wildanger.hu\/wp-content\/uploads\/Iroasztal-tomor-harsfa-1500x844.jpg 1500w, https:\/\/wildanger.hu\/wp-content\/uploads\/Iroasztal-tomor-harsfa-705x397.jpg 705w\" data-sizes=\"(max-width: 1030px) 100vw, 1030px\"  aria-label=\"Bild \u00cdr\u00f3asztal t\u00f6m\u00f6r h\u00e1rsfa\"  id='av-masonry-1-item-1574' data-av-masonry-item='1574' class='av-masonry-entry isotope-item post-1574 attachment type-attachment status-inherit hentry  av-masonry-item-with-image' title=\"\" alt=\"\"    itemprop=\"thumbnailUrl\" ><div class='av-inner-masonry-sizer'><\/div><figure class='av-inner-masonry main_color'><div class=\"av-masonry-outerimage-container\"><div class='av-masonry-image-container lazyload' style=\"background-image:inherit;\"  title=\"\u00cdr\u00f3asztal t\u00f6m\u00f6r h\u00e1rsfa\"  data-bg-image=\"url(https:\/\/wildanger.hu\/wp-content\/uploads\/Iroasztal-tomor-harsfa-705x397.jpg)\"><\/div><\/div><\/figure><\/a><!--end av-masonry entry--><a href=\"https:\/\/wildanger.hu\/wp-content\/uploads\/Nappali-butor-furnerozott-juhar-b-1030x687.jpg\" data-srcset=\"https:\/\/wildanger.hu\/wp-content\/uploads\/Nappali-butor-furnerozott-juhar-b-1030x687.jpg 1030w, https:\/\/wildanger.hu\/wp-content\/uploads\/Nappali-butor-furnerozott-juhar-b-300x200.jpg 300w, https:\/\/wildanger.hu\/wp-content\/uploads\/Nappali-butor-furnerozott-juhar-b-768x512.jpg 768w, https:\/\/wildanger.hu\/wp-content\/uploads\/Nappali-butor-furnerozott-juhar-b-1500x1000.jpg 1500w, https:\/\/wildanger.hu\/wp-content\/uploads\/Nappali-butor-furnerozott-juhar-b-705x470.jpg 705w, https:\/\/wildanger.hu\/wp-content\/uploads\/Nappali-butor-furnerozott-juhar-b.jpg 1536w\" data-sizes=\"(max-width: 1030px) 100vw, 1030px\"  aria-label=\"Bild Nappali b\u00fator furn\u00e9rozott juhar b\"  id='av-masonry-1-item-1424' data-av-masonry-item='1424' class='av-masonry-entry isotope-item post-1424 attachment type-attachment status-inherit hentry  av-masonry-item-with-image' title=\"\" alt=\"\"    itemprop=\"thumbnailUrl\" ><div class='av-inner-masonry-sizer'><\/div><figure class='av-inner-masonry main_color'><div class=\"av-masonry-outerimage-container\"><div class='av-masonry-image-container lazyload' style=\"background-image:inherit;\"  title=\"Nappali b\u00fator furn\u00e9rozott juhar b\"  data-bg-image=\"url(https:\/\/wildanger.hu\/wp-content\/uploads\/Nappali-butor-furnerozott-juhar-b-705x470.jpg)\"><\/div><\/div><\/figure><\/a><!--end av-masonry entry--><a href=\"https:\/\/wildanger.hu\/wp-content\/uploads\/Nappali-butor-furnerozott-juhar-1030x715.jpg\" data-srcset=\"https:\/\/wildanger.hu\/wp-content\/uploads\/Nappali-butor-furnerozott-juhar-1030x715.jpg 1030w, https:\/\/wildanger.hu\/wp-content\/uploads\/Nappali-butor-furnerozott-juhar-300x208.jpg 300w, https:\/\/wildanger.hu\/wp-content\/uploads\/Nappali-butor-furnerozott-juhar-768x533.jpg 768w, https:\/\/wildanger.hu\/wp-content\/uploads\/Nappali-butor-furnerozott-juhar-705x490.jpg 705w, https:\/\/wildanger.hu\/wp-content\/uploads\/Nappali-butor-furnerozott-juhar.jpg 1469w\" data-sizes=\"(max-width: 1030px) 100vw, 1030px\"  aria-label=\"Bild Nappali b\u00fator furn\u00e9rozott juhar\"  id='av-masonry-1-item-1575' data-av-masonry-item='1575' class='av-masonry-entry isotope-item post-1575 attachment type-attachment status-inherit hentry  av-masonry-item-with-image' title=\"\" alt=\"\"    itemprop=\"thumbnailUrl\" ><div class='av-inner-masonry-sizer'><\/div><figure class='av-inner-masonry main_color'><div class=\"av-masonry-outerimage-container\"><div class='av-masonry-image-container lazyload' style=\"background-image:inherit;\"  title=\"Nappali b\u00fator furn\u00e9rozott juhar\"  data-bg-image=\"url(https:\/\/wildanger.hu\/wp-content\/uploads\/Nappali-butor-furnerozott-juhar-705x490.jpg)\"><\/div><\/div><\/figure><\/a><!--end av-masonry entry--><a href=\"https:\/\/wildanger.hu\/wp-content\/uploads\/Polcos-olvasosarok-1030x687.jpg\" data-srcset=\"https:\/\/wildanger.hu\/wp-content\/uploads\/Polcos-olvasosarok-1030x687.jpg 1030w, https:\/\/wildanger.hu\/wp-content\/uploads\/Polcos-olvasosarok-300x200.jpg 300w, https:\/\/wildanger.hu\/wp-content\/uploads\/Polcos-olvasosarok-768x512.jpg 768w, https:\/\/wildanger.hu\/wp-content\/uploads\/Polcos-olvasosarok-705x470.jpg 705w, https:\/\/wildanger.hu\/wp-content\/uploads\/Polcos-olvasosarok.jpg 1248w\" data-sizes=\"(max-width: 1030px) 100vw, 1030px\"  aria-label=\"Bild Polcos olvas\u00f3sarok\"  id='av-masonry-1-item-1576' data-av-masonry-item='1576' class='av-masonry-entry isotope-item post-1576 attachment type-attachment status-inherit hentry  av-masonry-item-with-image' title=\"\" alt=\"\"    itemprop=\"thumbnailUrl\" ><div class='av-inner-masonry-sizer'><\/div><figure class='av-inner-masonry main_color'><div class=\"av-masonry-outerimage-container\"><div class='av-masonry-image-container lazyload' style=\"background-image:inherit;\"  title=\"Polcos olvas\u00f3sarok\"  data-bg-image=\"url(https:\/\/wildanger.hu\/wp-content\/uploads\/Polcos-olvasosarok-705x470.jpg)\"><\/div><\/div><\/figure><\/a><!--end av-masonry entry--><a href=\"https:\/\/wildanger.hu\/wp-content\/uploads\/Zarhato-fegyverszekreny-tomor-harsfa-c-1030x580.jpg\" data-srcset=\"https:\/\/wildanger.hu\/wp-content\/uploads\/Zarhato-fegyverszekreny-tomor-harsfa-c-1030x580.jpg 1030w, https:\/\/wildanger.hu\/wp-content\/uploads\/Zarhato-fegyverszekreny-tomor-harsfa-c-300x169.jpg 300w, https:\/\/wildanger.hu\/wp-content\/uploads\/Zarhato-fegyverszekreny-tomor-harsfa-c-768x432.jpg 768w, https:\/\/wildanger.hu\/wp-content\/uploads\/Zarhato-fegyverszekreny-tomor-harsfa-c-1536x865.jpg 1536w, https:\/\/wildanger.hu\/wp-content\/uploads\/Zarhato-fegyverszekreny-tomor-harsfa-c-2048x1153.jpg 2048w, https:\/\/wildanger.hu\/wp-content\/uploads\/Zarhato-fegyverszekreny-tomor-harsfa-c-1500x845.jpg 1500w, https:\/\/wildanger.hu\/wp-content\/uploads\/Zarhato-fegyverszekreny-tomor-harsfa-c-705x397.jpg 705w\" data-sizes=\"(max-width: 1030px) 100vw, 1030px\"  aria-label=\"Bild Z\u00e1rhat\u00f3 fegyverszekr\u00e9ny t\u00f6m\u00f6r h\u00e1rsfa c\"  id='av-masonry-1-item-1577' data-av-masonry-item='1577' class='av-masonry-entry isotope-item post-1577 attachment type-attachment status-inherit hentry  av-masonry-item-with-image' title=\"\" alt=\"\"    itemprop=\"thumbnailUrl\" ><div class='av-inner-masonry-sizer'><\/div><figure class='av-inner-masonry main_color'><div class=\"av-masonry-outerimage-container\"><div class='av-masonry-image-container lazyload' style=\"background-image:inherit;\"  title=\"Z\u00e1rhat\u00f3 fegyverszekr\u00e9ny t\u00f6m\u00f6r h\u00e1rsfa c\"  data-bg-image=\"url(https:\/\/wildanger.hu\/wp-content\/uploads\/Zarhato-fegyverszekreny-tomor-harsfa-c-705x397.jpg)\"><\/div><\/div><\/figure><\/a><!--end av-masonry entry--><a href=\"https:\/\/wildanger.hu\/wp-content\/uploads\/Zarhato-fegyverszekreny-tomor-harsfa-1030x580.jpg\" data-srcset=\"https:\/\/wildanger.hu\/wp-content\/uploads\/Zarhato-fegyverszekreny-tomor-harsfa-1030x580.jpg 1030w, https:\/\/wildanger.hu\/wp-content\/uploads\/Zarhato-fegyverszekreny-tomor-harsfa-300x169.jpg 300w, https:\/\/wildanger.hu\/wp-content\/uploads\/Zarhato-fegyverszekreny-tomor-harsfa-768x432.jpg 768w, https:\/\/wildanger.hu\/wp-content\/uploads\/Zarhato-fegyverszekreny-tomor-harsfa-1536x865.jpg 1536w, https:\/\/wildanger.hu\/wp-content\/uploads\/Zarhato-fegyverszekreny-tomor-harsfa-2048x1153.jpg 2048w, https:\/\/wildanger.hu\/wp-content\/uploads\/Zarhato-fegyverszekreny-tomor-harsfa-1500x845.jpg 1500w, https:\/\/wildanger.hu\/wp-content\/uploads\/Zarhato-fegyverszekreny-tomor-harsfa-705x397.jpg 705w\" data-sizes=\"(max-width: 1030px) 100vw, 1030px\"  aria-label=\"Bild Z\u00e1rhat\u00f3 fegyverszekr\u00e9ny t\u00f6m\u00f6r h\u00e1rsfa\"  id='av-masonry-1-item-1578' data-av-masonry-item='1578' class='av-masonry-entry isotope-item post-1578 attachment type-attachment status-inherit hentry  av-masonry-item-with-image' title=\"\" alt=\"\"    itemprop=\"thumbnailUrl\" ><div class='av-inner-masonry-sizer'><\/div><figure class='av-inner-masonry main_color'><div class=\"av-masonry-outerimage-container\"><div class='av-masonry-image-container lazyload' style=\"background-image:inherit;\"  title=\"Z\u00e1rhat\u00f3 fegyverszekr\u00e9ny t\u00f6m\u00f6r h\u00e1rsfa\"  data-bg-image=\"url(https:\/\/wildanger.hu\/wp-content\/uploads\/Zarhato-fegyverszekreny-tomor-harsfa-705x397.jpg)\"><\/div><\/div><\/figure><\/a><!--end av-masonry entry--><a href=\"https:\/\/wildanger.hu\/wp-content\/uploads\/Zarhato-fegyverszekreny-1030x579.jpg\" data-srcset=\"https:\/\/wildanger.hu\/wp-content\/uploads\/Zarhato-fegyverszekreny-1030x579.jpg 1030w, https:\/\/wildanger.hu\/wp-content\/uploads\/Zarhato-fegyverszekreny-300x169.jpg 300w, https:\/\/wildanger.hu\/wp-content\/uploads\/Zarhato-fegyverszekreny-768x432.jpg 768w, https:\/\/wildanger.hu\/wp-content\/uploads\/Zarhato-fegyverszekreny-1536x864.jpg 1536w, https:\/\/wildanger.hu\/wp-content\/uploads\/Zarhato-fegyverszekreny-2048x1152.jpg 2048w, https:\/\/wildanger.hu\/wp-content\/uploads\/Zarhato-fegyverszekreny-1500x844.jpg 1500w, https:\/\/wildanger.hu\/wp-content\/uploads\/Zarhato-fegyverszekreny-705x397.jpg 705w\" data-sizes=\"(max-width: 1030px) 100vw, 1030px\"  aria-label=\"Bild Z\u00e1rhat\u00f3 fegyverszekr\u00e9ny\"  id='av-masonry-1-item-1579' data-av-masonry-item='1579' class='av-masonry-entry isotope-item post-1579 attachment type-attachment status-inherit hentry  av-masonry-item-with-image' title=\"\" alt=\"\"    itemprop=\"thumbnailUrl\" ><div class='av-inner-masonry-sizer'><\/div><figure class='av-inner-masonry main_color'><div class=\"av-masonry-outerimage-container\"><div class='av-masonry-image-container lazyload' style=\"background-image:inherit;\"  title=\"Z\u00e1rhat\u00f3 fegyverszekr\u00e9ny\"  data-bg-image=\"url(https:\/\/wildanger.hu\/wp-content\/uploads\/Zarhato-fegyverszekreny-705x397.jpg)\"><\/div><\/div><\/figure><\/a><!--end av-masonry entry--><\/div><\/div>\n<\/div><\/div><\/div><!-- close content main div --><\/div><\/div><div id='av_section_3'  class='avia-section av-bzh318-c28cc0c7da714708474f0a910538b7d1 footer_color avia-section-default avia-no-border-styling  avia-builder-el-8  el_after_av_section  avia-builder-el-last  avia-bg-style-scroll av-minimum-height av-minimum-height-custom av-height-custom  container_wrap fullsize'   data-av_minimum_height_px='141'><div class='container av-section-cont-open' style='height:141px'><div class='template-page content  av-content-full alpha units'><div class='post-entry post-entry-type-page post-entry-1580'><div class='entry-content-wrapper clearfix'>\n<div class='flex_column_table av-a98uvw-83c3b69f723c7080f04423a9f0767a92 sc-av_one_fourth av-equal-height-column-flextable'><div  class='flex_column av-a98uvw-83c3b69f723c7080f04423a9f0767a92 av_one_fourth  avia-builder-el-9  el_before_av_one_half  avia-builder-el-first  first flex_column_table_cell av-equal-height-column av-align-top  '     ><style type=\"text\/css\" data-created_by=\"avia_inline_auto\" id=\"style-css-av-9rc50c-8c2b9f4df2369cb239522d80c6760e8e\">\n.avia-image-container.av-9rc50c-8c2b9f4df2369cb239522d80c6760e8e img.avia_image{\nbox-shadow:none;\n}\n.avia-image-container.av-9rc50c-8c2b9f4df2369cb239522d80c6760e8e .av-image-caption-overlay-center{\ncolor:#ffffff;\n}\n<\/style>\n<div  class='avia-image-container av-9rc50c-8c2b9f4df2369cb239522d80c6760e8e av-styling- avia-align-center  avia-builder-el-10  avia-builder-el-no-sibling '   itemprop=\"image\" itemscope=\"itemscope\" itemtype=\"https:\/\/schema.org\/ImageObject\" ><div class=\"avia-image-container-inner\"><div class=\"avia-image-overlay-wrap\"><img decoding=\"async\" fetchpriority=\"high\" class='wp-image-1776 avia-img-lazy-loading-not-1776 avia_image ' src=\"https:\/\/wildanger.hu\/wp-content\/uploads\/DSP_logo_vector.svg\" alt='' title='DSP_logo_vector'  height=\"276\" width=\"500\"  itemprop=\"thumbnailUrl\"  \/><\/div><\/div><\/div><\/div><div class='av-flex-placeholder'><\/div><div  class='flex_column av-7fnnxo-765a3a7f017b3a19a584003ee8dc0739 av_one_half  avia-builder-el-11  el_after_av_one_fourth  el_before_av_one_fourth  flex_column_table_cell av-equal-height-column av-align-top  '     ><style type=\"text\/css\" data-created_by=\"avia_inline_auto\" id=\"style-css-av-6ihtjg-0dc76308d73a8704ec00aa91cd066eec\">\n#top .av_textblock_section.av-6ihtjg-0dc76308d73a8704ec00aa91cd066eec .avia_textblock{\nfont-size:18px;\n}\n<\/style>\n<section  class='av_textblock_section av-6ihtjg-0dc76308d73a8704ec00aa91cd066eec '   itemscope=\"itemscope\" itemtype=\"https:\/\/schema.org\/CreativeWork\" ><div class='avia_textblock demjan'  itemprop=\"text\" ><p style=\"text-align: center;\">Die Website wurde im Rahmen und mit Unterst\u00fctzung des Programms von S\u00e1ndor Demj\u00e1n erstellt.<\/p>\n<\/div><\/section><\/div><div class='av-flex-placeholder'><\/div><div  class='flex_column av-4xwzx8-a275d01fffade613c9b83def6d3f470a av_one_fourth  avia-builder-el-13  el_after_av_one_half  avia-builder-el-last  flex_column_table_cell av-equal-height-column av-align-top  '     ><style type=\"text\/css\" data-created_by=\"avia_inline_auto\" id=\"style-css-av-2cg5nw-538e8e081693cb46a81ca74960b49b4b\">\n.avia-image-container.av-2cg5nw-538e8e081693cb46a81ca74960b49b4b img.avia_image{\nbox-shadow:none;\n}\n.avia-image-container.av-2cg5nw-538e8e081693cb46a81ca74960b49b4b .av-image-caption-overlay-center{\ncolor:#ffffff;\n}\n<\/style>\n<div  class='avia-image-container av-2cg5nw-538e8e081693cb46a81ca74960b49b4b av-styling- avia-align-center  avia-builder-el-14  avia-builder-el-no-sibling '   itemprop=\"image\" itemscope=\"itemscope\" itemtype=\"https:\/\/schema.org\/ImageObject\" ><div class=\"avia-image-container-inner\"><div class=\"avia-image-overlay-wrap\"><img decoding=\"async\" fetchpriority=\"high\" class='wp-image-1777 avia-img-lazy-loading-not-1777 avia_image ' src=\"https:\/\/wildanger.hu\/wp-content\/uploads\/NEUM_logo_vector.svg\" alt='' title='NEUM_logo_vector'  height=\"176\" width=\"500\"  itemprop=\"thumbnailUrl\"  \/><\/div><\/div><\/div><\/div><\/div><!--close column table wrapper. Autoclose: 1 -->\n<\/p>\n","protected":false},"excerpt":{"rendered":"","protected":false},"author":1,"featured_media":0,"parent":1430,"menu_order":0,"comment_status":"closed","ping_status":"closed","template":"","meta":{"footnotes":""},"class_list":["post-1580","page","type-page","status-publish","hentry"],"yoast_head":"<!-- This site is optimized with the Yoast SEO Premium plugin v26.9 (Yoast SEO v26.9) - https:\/\/yoast.com\/product\/yoast-seo-premium-wordpress\/ -->\n<title>Wohnzimmer - Wildanger<\/title>\n<meta name=\"robots\" content=\"index, follow, max-snippet:-1, max-image-preview:large, max-video-preview:-1\" \/>\n<link rel=\"canonical\" href=\"https:\/\/wildanger.hu\/de\/tischlerei\/projekte\/wohnzimmer\/\" \/>\n<meta property=\"og:locale\" content=\"de_DE\" \/>\n<meta property=\"og:type\" content=\"article\" \/>\n<meta property=\"og:title\" content=\"Wohnzimmer\" \/>\n<meta property=\"og:url\" content=\"https:\/\/wildanger.hu\/de\/tischlerei\/projekte\/wohnzimmer\/\" \/>\n<meta property=\"og:site_name\" content=\"Wildanger\" \/>\n<meta property=\"article:modified_time\" content=\"2026-02-17T14:23:39+00:00\" \/>\n<meta name=\"twitter:card\" content=\"summary_large_image\" \/>\n<script type=\"application\/ld+json\" class=\"yoast-schema-graph\">{\"@context\":\"https:\/\/schema.org\",\"@graph\":[{\"@type\":\"WebPage\",\"@id\":\"https:\/\/wildanger.hu\/de\/tischlerei\/projekte\/wohnzimmer\/\",\"url\":\"https:\/\/wildanger.hu\/de\/tischlerei\/projekte\/wohnzimmer\/\",\"name\":\"Wohnzimmer - Wildanger\",\"isPartOf\":{\"@id\":\"https:\/\/wildanger.hu\/#website\"},\"datePublished\":\"2025-11-17T14:07:54+00:00\",\"dateModified\":\"2026-02-17T14:23:39+00:00\",\"breadcrumb\":{\"@id\":\"https:\/\/wildanger.hu\/de\/tischlerei\/projekte\/wohnzimmer\/#breadcrumb\"},\"inLanguage\":\"de\",\"potentialAction\":[{\"@type\":\"ReadAction\",\"target\":[\"https:\/\/wildanger.hu\/de\/tischlerei\/projekte\/wohnzimmer\/\"]}]},{\"@type\":\"BreadcrumbList\",\"@id\":\"https:\/\/wildanger.hu\/de\/tischlerei\/projekte\/wohnzimmer\/#breadcrumb\",\"itemListElement\":[{\"@type\":\"ListItem\",\"position\":1,\"name\":\"Kezd\u0151lap\",\"item\":\"https:\/\/wildanger.hu\/de\/startseite\/\"},{\"@type\":\"ListItem\",\"position\":2,\"name\":\"Tischlerei\",\"item\":\"https:\/\/wildanger.hu\/de\/tischlerei\/\"},{\"@type\":\"ListItem\",\"position\":3,\"name\":\"Projekte\",\"item\":\"https:\/\/wildanger.hu\/de\/tischlerei\/projekte\/\"},{\"@type\":\"ListItem\",\"position\":4,\"name\":\"Wohnzimmer\"}]},{\"@type\":\"WebSite\",\"@id\":\"https:\/\/wildanger.hu\/#website\",\"url\":\"https:\/\/wildanger.hu\/\",\"name\":\"Wildanger\",\"description\":\"\",\"potentialAction\":[{\"@type\":\"SearchAction\",\"target\":{\"@type\":\"EntryPoint\",\"urlTemplate\":\"https:\/\/wildanger.hu\/?s={search_term_string}\"},\"query-input\":{\"@type\":\"PropertyValueSpecification\",\"valueRequired\":true,\"valueName\":\"search_term_string\"}}],\"inLanguage\":\"de\"}]}<\/script>\n<!-- \/ Yoast SEO Premium plugin. -->","yoast_head_json":{"title":"Wohnzimmer - Wildanger","robots":{"index":"index","follow":"follow","max-snippet":"max-snippet:-1","max-image-preview":"max-image-preview:large","max-video-preview":"max-video-preview:-1"},"canonical":"https:\/\/wildanger.hu\/de\/tischlerei\/projekte\/wohnzimmer\/","og_locale":"de_DE","og_type":"article","og_title":"Wohnzimmer","og_url":"https:\/\/wildanger.hu\/de\/tischlerei\/projekte\/wohnzimmer\/","og_site_name":"Wildanger","article_modified_time":"2026-02-17T14:23:39+00:00","twitter_card":"summary_large_image","schema":{"@context":"https:\/\/schema.org","@graph":[{"@type":"WebPage","@id":"https:\/\/wildanger.hu\/de\/tischlerei\/projekte\/wohnzimmer\/","url":"https:\/\/wildanger.hu\/de\/tischlerei\/projekte\/wohnzimmer\/","name":"Wohnzimmer - Wildanger","isPartOf":{"@id":"https:\/\/wildanger.hu\/#website"},"datePublished":"2025-11-17T14:07:54+00:00","dateModified":"2026-02-17T14:23:39+00:00","breadcrumb":{"@id":"https:\/\/wildanger.hu\/de\/tischlerei\/projekte\/wohnzimmer\/#breadcrumb"},"inLanguage":"de","potentialAction":[{"@type":"ReadAction","target":["https:\/\/wildanger.hu\/de\/tischlerei\/projekte\/wohnzimmer\/"]}]},{"@type":"BreadcrumbList","@id":"https:\/\/wildanger.hu\/de\/tischlerei\/projekte\/wohnzimmer\/#breadcrumb","itemListElement":[{"@type":"ListItem","position":1,"name":"Kezd\u0151lap","item":"https:\/\/wildanger.hu\/de\/startseite\/"},{"@type":"ListItem","position":2,"name":"Tischlerei","item":"https:\/\/wildanger.hu\/de\/tischlerei\/"},{"@type":"ListItem","position":3,"name":"Projekte","item":"https:\/\/wildanger.hu\/de\/tischlerei\/projekte\/"},{"@type":"ListItem","position":4,"name":"Wohnzimmer"}]},{"@type":"WebSite","@id":"https:\/\/wildanger.hu\/#website","url":"https:\/\/wildanger.hu\/","name":"Wildanger","description":"","potentialAction":[{"@type":"SearchAction","target":{"@type":"EntryPoint","urlTemplate":"https:\/\/wildanger.hu\/?s={search_term_string}"},"query-input":{"@type":"PropertyValueSpecification","valueRequired":true,"valueName":"search_term_string"}}],"inLanguage":"de"}]}},"_links":{"self":[{"href":"https:\/\/wildanger.hu\/de\/wp-json\/wp\/v2\/pages\/1580","targetHints":{"allow":["GET"]}}],"collection":[{"href":"https:\/\/wildanger.hu\/de\/wp-json\/wp\/v2\/pages"}],"about":[{"href":"https:\/\/wildanger.hu\/de\/wp-json\/wp\/v2\/types\/page"}],"author":[{"embeddable":true,"href":"https:\/\/wildanger.hu\/de\/wp-json\/wp\/v2\/users\/1"}],"replies":[{"embeddable":true,"href":"https:\/\/wildanger.hu\/de\/wp-json\/wp\/v2\/comments?post=1580"}],"version-history":[{"count":9,"href":"https:\/\/wildanger.hu\/de\/wp-json\/wp\/v2\/pages\/1580\/revisions"}],"predecessor-version":[{"id":2239,"href":"https:\/\/wildanger.hu\/de\/wp-json\/wp\/v2\/pages\/1580\/revisions\/2239"}],"up":[{"embeddable":true,"href":"https:\/\/wildanger.hu\/de\/wp-json\/wp\/v2\/pages\/1430"}],"wp:attachment":[{"href":"https:\/\/wildanger.hu\/de\/wp-json\/wp\/v2\/media?parent=1580"}],"curies":[{"name":"wp","href":"https:\/\/api.w.org\/{rel}","templated":true}]}}