{"id":1420,"date":"2025-11-17T15:14:18","date_gmt":"2025-11-17T14:14:18","guid":{"rendered":"https:\/\/wildanger.hu\/?page_id=1420"},"modified":"2026-02-17T15:06:25","modified_gmt":"2026-02-17T14:06:25","slug":"3d-plaene","status":"publish","type":"page","link":"https:\/\/wildanger.hu\/de\/tischlerei\/3d-plaene\/","title":{"rendered":"3D-Pl\u00e4ne"},"content":{"rendered":"\n<style type=\"text\/css\" data-created_by=\"avia_inline_auto\" id=\"style-css-av-miztp3vp-3bf402635e0688442c28114cc8ee1661\">\n.avia-section.av-miztp3vp-3bf402635e0688442c28114cc8ee1661{\nbackground-repeat:no-repeat;\nbackground-image:url(https:\/\/wildanger.hu\/wp-content\/uploads\/3d-tervek-boritokep-1030x359.jpg);\nbackground-position:50% 50%;\nbackground-attachment:scroll;\n}\n.avia-section.av-miztp3vp-3bf402635e0688442c28114cc8ee1661 .av-section-color-overlay{\nopacity:0.1;\nbackground-color:#2b1a08;\n}\n<\/style>\n<div id='av_section_1'  class='avia-section av-miztp3vp-3bf402635e0688442c28114cc8ee1661 main_color avia-section-large avia-no-border-styling  avia-builder-el-0  el_before_av_section  avia-builder-el-first  avia-full-stretch avia-bg-style-scroll av-section-color-overlay-active av-minimum-height av-minimum-height-50 av-height-50  container_wrap fullsize'  data-section-bg-repeat='stretch' data-av_minimum_height_pc='50' data-av_min_height_opt='50'><div class=\"av-section-color-overlay-wrap\"><div class=\"av-section-color-overlay\"><\/div><div class='container av-section-cont-open' ><main  role=\"main\" itemprop=\"mainContentOfPage\"  class='template-page content  av-content-full alpha units'><div class='post-entry post-entry-type-page post-entry-1420'><div class='entry-content-wrapper clearfix'>\n<div  class='flex_column av-rl6c3-c5b57b2016e9641396716251e00a9ecc av_one_fifth  avia-builder-el-1  el_before_av_three_fifth  avia-builder-el-first  first flex_column_div  '     ><\/div><div  class='flex_column av-m9fk3-e809dfad77f929f6a59f7298c3ea57d6 av_three_fifth  avia-builder-el-2  el_after_av_one_fifth  el_before_av_one_fifth  flex_column_div  '     ><p>\n<style type=\"text\/css\" data-created_by=\"avia_inline_auto\" id=\"style-css-av-mi36xkpj-c50d9858567d5a3328a6ae00fe808199\">\n#top .av-special-heading.av-mi36xkpj-c50d9858567d5a3328a6ae00fe808199{\npadding-bottom:10px;\ncolor:#ffffff;\nfont-size:40px;\n}\nbody .av-special-heading.av-mi36xkpj-c50d9858567d5a3328a6ae00fe808199 .av-special-heading-tag .heading-char{\nfont-size:25px;\n}\n#top #wrap_all .av-special-heading.av-mi36xkpj-c50d9858567d5a3328a6ae00fe808199 .av-special-heading-tag{\nfont-size:40px;\n}\n.av-special-heading.av-mi36xkpj-c50d9858567d5a3328a6ae00fe808199 .special-heading-inner-border{\nborder-color:#ffffff;\n}\n.av-special-heading.av-mi36xkpj-c50d9858567d5a3328a6ae00fe808199 .av-subheading{\nfont-size:15px;\n}\n\n@media only screen and (min-width: 480px) and (max-width: 767px){ \n#top #wrap_all .av-special-heading.av-mi36xkpj-c50d9858567d5a3328a6ae00fe808199 .av-special-heading-tag{\nfont-size:0.8em;\n}\n}\n\n@media only screen and (max-width: 479px){ \n#top #wrap_all .av-special-heading.av-mi36xkpj-c50d9858567d5a3328a6ae00fe808199 .av-special-heading-tag{\nfont-size:0.8em;\n}\n}\n<\/style>\n<div  class='av-special-heading av-mi36xkpj-c50d9858567d5a3328a6ae00fe808199 av-special-heading-h1 custom-color-heading blockquote modern-quote modern-centered  avia-builder-el-3  el_before_av_hr  avia-builder-el-first  av-inherit-size'><h1 class='av-special-heading-tag '  itemprop=\"headline\"  >3D-Pl\u00e4ne<\/h1><div class=\"special-heading-border\"><div class=\"special-heading-inner-border\"><\/div><\/div><\/div><br \/>\n\n<style type=\"text\/css\" data-created_by=\"avia_inline_auto\" id=\"style-css-av-1c5i3-1c56c6b65ec72dd9bb359906551c225d\">\n#top .hr.av-1c5i3-1c56c6b65ec72dd9bb359906551c225d{\nmargin-top:40px;\nmargin-bottom:40px;\n}\n.hr.av-1c5i3-1c56c6b65ec72dd9bb359906551c225d .hr-inner{\nwidth:50px;\nborder-color:#ffffff;\n}\n<\/style>\n<div  class='hr av-1c5i3-1c56c6b65ec72dd9bb359906551c225d hr-custom  avia-builder-el-4  el_after_av_heading  avia-builder-el-last  hr-center hr-icon-no'><span class='hr-inner inner-border-av-border-fat'><span class=\"hr-inner-style\"><\/span><\/span><\/div><\/p><\/div><div  class='flex_column av-6rbqj-99d6f921f85f11c43b41fbf42b8d777a av_one_fifth  avia-builder-el-5  el_after_av_three_fifth  avia-builder-el-last  flex_column_div  '     ><\/div>\n\n<\/div><\/div><\/main><!-- close content main element --><\/div><\/div><\/div><div id='av_section_2'  class='avia-section av-8u4mf-878693cf1da2c16e7e950c96ecf433d9 main_color avia-section-default avia-no-border-styling  avia-builder-el-6  el_after_av_section  el_before_av_section  avia-bg-style-scroll container_wrap fullsize'  ><div class='container av-section-cont-open' ><div class='template-page content  av-content-full alpha units'><div class='post-entry post-entry-type-page post-entry-1420'><div class='entry-content-wrapper clearfix'>\n<div id='av-masonry-1' class='av-masonry av-mi36z3lo-b6f5dc16ca553b6f4cc07391bff28187 noHover av-fixed-size av-large-gap av-hover-overlay- av-masonry-animation-active av-masonry-col-4 av-caption-always av-caption-style- av-masonry-gallery av-orientation-square ' data-post_id=\"1420\"><div class=\"av-masonry-container isotope av-js-disabled\"><div class='av-masonry-entry isotope-item av-masonry-item-no-image '><\/div><a href=\"https:\/\/wildanger.hu\/wp-content\/uploads\/PP-konyha-760x1030.jpg\" data-srcset=\"https:\/\/wildanger.hu\/wp-content\/uploads\/PP-konyha-760x1030.jpg 760w, https:\/\/wildanger.hu\/wp-content\/uploads\/PP-konyha-221x300.jpg 221w, https:\/\/wildanger.hu\/wp-content\/uploads\/PP-konyha-768x1041.jpg 768w, https:\/\/wildanger.hu\/wp-content\/uploads\/PP-konyha-1133x1536.jpg 1133w, https:\/\/wildanger.hu\/wp-content\/uploads\/PP-konyha-1107x1500.jpg 1107w, https:\/\/wildanger.hu\/wp-content\/uploads\/PP-konyha-520x705.jpg 520w, https:\/\/wildanger.hu\/wp-content\/uploads\/PP-konyha.jpg 1346w\" data-sizes=\"(max-width: 760px) 100vw, 760px\"  aria-label=\"Bild PP konyha\"  id='av-masonry-1-item-1412' data-av-masonry-item='1412' class='av-masonry-entry isotope-item post-1412 attachment type-attachment status-inherit hentry  av-masonry-item-with-image' title=\"\" alt=\"\"    itemprop=\"thumbnailUrl\" ><div class='av-inner-masonry-sizer'><\/div><figure class='av-inner-masonry main_color'><div class=\"av-masonry-outerimage-container\"><div class='av-masonry-image-container lazyload' style=\"background-image:inherit;\"  title=\"PP konyha\"  data-bg-image=\"url(https:\/\/wildanger.hu\/wp-content\/uploads\/PP-konyha-520x705.jpg)\"><\/div><\/div><\/figure><\/a><!--end av-masonry entry--><a href=\"https:\/\/wildanger.hu\/wp-content\/uploads\/FT-gardrob.jpg\" data-srcset=\"https:\/\/wildanger.hu\/wp-content\/uploads\/FT-gardrob.jpg 616w, https:\/\/wildanger.hu\/wp-content\/uploads\/FT-gardrob-243x300.jpg 243w, https:\/\/wildanger.hu\/wp-content\/uploads\/FT-gardrob-570x705.jpg 570w\" data-sizes=\"(max-width: 616px) 100vw, 616px\"  aria-label=\"Bild FT gardr\u00f3b\"  id='av-masonry-1-item-1413' data-av-masonry-item='1413' class='av-masonry-entry isotope-item post-1413 attachment type-attachment status-inherit hentry  av-masonry-item-with-image' title=\"\" alt=\"\"    itemprop=\"thumbnailUrl\" ><div class='av-inner-masonry-sizer'><\/div><figure class='av-inner-masonry main_color'><div class=\"av-masonry-outerimage-container\"><div class='av-masonry-image-container lazyload' style=\"background-image:inherit;\"  title=\"FT gardr\u00f3b\"  data-bg-image=\"url(https:\/\/wildanger.hu\/wp-content\/uploads\/FT-gardrob-570x705.jpg)\"><\/div><\/div><\/figure><\/a><!--end av-masonry entry--><a href=\"https:\/\/wildanger.hu\/wp-content\/uploads\/JA-konyha-1.jpg\" data-srcset=\"https:\/\/wildanger.hu\/wp-content\/uploads\/JA-konyha-1.jpg 616w, https:\/\/wildanger.hu\/wp-content\/uploads\/JA-konyha-1-300x275.jpg 300w\" data-sizes=\"(max-width: 616px) 100vw, 616px\"  aria-label=\"Bild JA konyha\"  id='av-masonry-1-item-1414' data-av-masonry-item='1414' class='av-masonry-entry isotope-item post-1414 attachment type-attachment status-inherit hentry  av-masonry-item-with-image' title=\"\" alt=\"\"    itemprop=\"thumbnailUrl\" ><div class='av-inner-masonry-sizer'><\/div><figure class='av-inner-masonry main_color'><div class=\"av-masonry-outerimage-container\"><div class='av-masonry-image-container lazyload' style=\"background-image:inherit;\"  title=\"JA konyha\"  data-bg-image=\"url(https:\/\/wildanger.hu\/wp-content\/uploads\/JA-konyha-1.jpg)\"><\/div><\/div><\/figure><\/a><!--end av-masonry entry--><a href=\"https:\/\/wildanger.hu\/wp-content\/uploads\/KZ-Konyha.jpg\" data-srcset=\"https:\/\/wildanger.hu\/wp-content\/uploads\/KZ-Konyha.jpg 608w, https:\/\/wildanger.hu\/wp-content\/uploads\/KZ-Konyha-300x272.jpg 300w\" data-sizes=\"(max-width: 608px) 100vw, 608px\"  aria-label=\"Bild KZ Konyha\"  id='av-masonry-1-item-1415' data-av-masonry-item='1415' class='av-masonry-entry isotope-item post-1415 attachment type-attachment status-inherit hentry  av-masonry-item-with-image' title=\"\" alt=\"\"    itemprop=\"thumbnailUrl\" ><div class='av-inner-masonry-sizer'><\/div><figure class='av-inner-masonry main_color'><div class=\"av-masonry-outerimage-container\"><div class='av-masonry-image-container lazyload' style=\"background-image:inherit;\"  title=\"KZ Konyha\"  data-bg-image=\"url(https:\/\/wildanger.hu\/wp-content\/uploads\/KZ-Konyha.jpg)\"><\/div><\/div><\/figure><\/a><!--end av-masonry entry--><a href=\"https:\/\/wildanger.hu\/wp-content\/uploads\/MM-eloszoba-1030x760.jpg\" data-srcset=\"https:\/\/wildanger.hu\/wp-content\/uploads\/MM-eloszoba-1030x760.jpg 1030w, https:\/\/wildanger.hu\/wp-content\/uploads\/MM-eloszoba-300x221.jpg 300w, https:\/\/wildanger.hu\/wp-content\/uploads\/MM-eloszoba-768x567.jpg 768w, https:\/\/wildanger.hu\/wp-content\/uploads\/MM-eloszoba-1536x1133.jpg 1536w, https:\/\/wildanger.hu\/wp-content\/uploads\/MM-eloszoba-1500x1107.jpg 1500w, https:\/\/wildanger.hu\/wp-content\/uploads\/MM-eloszoba-705x520.jpg 705w, https:\/\/wildanger.hu\/wp-content\/uploads\/MM-eloszoba.jpg 1824w\" data-sizes=\"(max-width: 1030px) 100vw, 1030px\"  aria-label=\"Bild MM el\u0151szoba\"  id='av-masonry-1-item-1416' data-av-masonry-item='1416' class='av-masonry-entry isotope-item post-1416 attachment type-attachment status-inherit hentry  av-masonry-item-with-image' title=\"\" alt=\"\"    itemprop=\"thumbnailUrl\" ><div class='av-inner-masonry-sizer'><\/div><figure class='av-inner-masonry main_color'><div class=\"av-masonry-outerimage-container\"><div class='av-masonry-image-container lazyload' style=\"background-image:inherit;\"  title=\"MM el\u0151szoba\"  data-bg-image=\"url(https:\/\/wildanger.hu\/wp-content\/uploads\/MM-eloszoba-705x520.jpg)\"><\/div><\/div><\/figure><\/a><!--end av-masonry entry--><a href=\"https:\/\/wildanger.hu\/wp-content\/uploads\/MZ-konyha.jpg\" data-srcset=\"https:\/\/wildanger.hu\/wp-content\/uploads\/MZ-konyha.jpg 616w, https:\/\/wildanger.hu\/wp-content\/uploads\/MZ-konyha-300x275.jpg 300w\" data-sizes=\"(max-width: 616px) 100vw, 616px\"  aria-label=\"Bild MZ konyha\"  id='av-masonry-1-item-1417' data-av-masonry-item='1417' class='av-masonry-entry isotope-item post-1417 attachment type-attachment status-inherit hentry  av-masonry-item-with-image' title=\"\" alt=\"\"    itemprop=\"thumbnailUrl\" ><div class='av-inner-masonry-sizer'><\/div><figure class='av-inner-masonry main_color'><div class=\"av-masonry-outerimage-container\"><div class='av-masonry-image-container lazyload' style=\"background-image:inherit;\"  title=\"MZ konyha\"  data-bg-image=\"url(https:\/\/wildanger.hu\/wp-content\/uploads\/MZ-konyha.jpg)\"><\/div><\/div><\/figure><\/a><!--end av-masonry entry--><a href=\"https:\/\/wildanger.hu\/wp-content\/uploads\/PB-konyha.jpg\" data-srcset=\"https:\/\/wildanger.hu\/wp-content\/uploads\/PB-konyha.jpg 616w, https:\/\/wildanger.hu\/wp-content\/uploads\/PB-konyha-191x300.jpg 191w, https:\/\/wildanger.hu\/wp-content\/uploads\/PB-konyha-450x705.jpg 450w\" data-sizes=\"(max-width: 616px) 100vw, 616px\"  aria-label=\"Bild PB konyha\"  id='av-masonry-1-item-1418' data-av-masonry-item='1418' class='av-masonry-entry isotope-item post-1418 attachment type-attachment status-inherit hentry  av-masonry-item-with-image' title=\"\" alt=\"\"    itemprop=\"thumbnailUrl\" ><div class='av-inner-masonry-sizer'><\/div><figure class='av-inner-masonry main_color'><div class=\"av-masonry-outerimage-container\"><div class='av-masonry-image-container lazyload' style=\"background-image:inherit;\"  title=\"PB konyha\"  data-bg-image=\"url(https:\/\/wildanger.hu\/wp-content\/uploads\/PB-konyha-450x705.jpg)\"><\/div><\/div><\/figure><\/a><!--end av-masonry entry--><a href=\"https:\/\/wildanger.hu\/wp-content\/uploads\/3d-tervek-boritokep-1030x359.jpg\" data-srcset=\"https:\/\/wildanger.hu\/wp-content\/uploads\/3d-tervek-boritokep-1030x359.jpg 1030w, https:\/\/wildanger.hu\/wp-content\/uploads\/3d-tervek-boritokep-300x104.jpg 300w, https:\/\/wildanger.hu\/wp-content\/uploads\/3d-tervek-boritokep-768x268.jpg 768w, https:\/\/wildanger.hu\/wp-content\/uploads\/3d-tervek-boritokep-705x246.jpg 705w, https:\/\/wildanger.hu\/wp-content\/uploads\/3d-tervek-boritokep-1210x423.jpg 1210w, https:\/\/wildanger.hu\/wp-content\/uploads\/3d-tervek-boritokep.jpg 1401w\" data-sizes=\"(max-width: 1030px) 100vw, 1030px\"  aria-label=\"Bild 3d tervek bor\u00edt\u00f3k\u00e9p\"  id='av-masonry-1-item-1419' data-av-masonry-item='1419' class='av-masonry-entry isotope-item post-1419 attachment type-attachment status-inherit hentry  av-masonry-item-with-image' title=\"\" alt=\"\"    itemprop=\"thumbnailUrl\" ><div class='av-inner-masonry-sizer'><\/div><figure class='av-inner-masonry main_color'><div class=\"av-masonry-outerimage-container\"><div class='av-masonry-image-container lazyload' style=\"background-image:inherit;\"  title=\"3d tervek bor\u00edt\u00f3k\u00e9p\"  data-bg-image=\"url(https:\/\/wildanger.hu\/wp-content\/uploads\/3d-tervek-boritokep-705x246.jpg)\"><\/div><\/div><\/figure><\/a><!--end av-masonry entry--><\/div><\/div>\n\n<\/div><\/div><\/div><!-- close content main div --><\/div><\/div><div id='av_section_3'  class='avia-section av-d4f26k-f724c5797643eb80ee14d4adcf1ff329 footer_color avia-section-default avia-no-border-styling  avia-builder-el-8  el_after_av_section  avia-builder-el-last  avia-bg-style-scroll av-minimum-height av-minimum-height-custom av-height-custom  container_wrap fullsize'   data-av_minimum_height_px='141'><div class='container av-section-cont-open' style='height:141px'><div class='template-page content  av-content-full alpha units'><div class='post-entry post-entry-type-page post-entry-1420'><div class='entry-content-wrapper clearfix'>\n<div class='flex_column_table av-11bhak-3afa5adb53930f337bd2daf455a2ac36 sc-av_one_fourth av-equal-height-column-flextable'><div  class='flex_column av-11bhak-3afa5adb53930f337bd2daf455a2ac36 av_one_fourth  avia-builder-el-9  el_before_av_one_half  avia-builder-el-first  first flex_column_table_cell av-equal-height-column av-align-top  '     ><style type=\"text\/css\" data-created_by=\"avia_inline_auto\" id=\"style-css-av-8jg264-60731d7169c9693ee243addae50d1c6e\">\n.avia-image-container.av-8jg264-60731d7169c9693ee243addae50d1c6e img.avia_image{\nbox-shadow:none;\n}\n.avia-image-container.av-8jg264-60731d7169c9693ee243addae50d1c6e .av-image-caption-overlay-center{\ncolor:#ffffff;\n}\n<\/style>\n<div  class='avia-image-container av-8jg264-60731d7169c9693ee243addae50d1c6e av-styling- avia-align-center  avia-builder-el-10  avia-builder-el-no-sibling '   itemprop=\"image\" itemscope=\"itemscope\" itemtype=\"https:\/\/schema.org\/ImageObject\" ><div class=\"avia-image-container-inner\"><div class=\"avia-image-overlay-wrap\"><img decoding=\"async\" fetchpriority=\"high\" class='wp-image-1776 avia-img-lazy-loading-not-1776 avia_image ' src=\"https:\/\/wildanger.hu\/wp-content\/uploads\/DSP_logo_vector.svg\" alt='' title='DSP_logo_vector'  height=\"276\" width=\"500\"  itemprop=\"thumbnailUrl\"  \/><\/div><\/div><\/div><\/div><div class='av-flex-placeholder'><\/div><div  class='flex_column av-7x55uk-221bc7be8561e4b64258866642f29545 av_one_half  avia-builder-el-11  el_after_av_one_fourth  el_before_av_one_fourth  flex_column_table_cell av-equal-height-column av-align-top  '     ><style type=\"text\/css\" data-created_by=\"avia_inline_auto\" id=\"style-css-av-5b1tek-871be114ed3e603bec0b7cb06968a9e0\">\n#top .av_textblock_section.av-5b1tek-871be114ed3e603bec0b7cb06968a9e0 .avia_textblock{\nfont-size:18px;\n}\n<\/style>\n<section  class='av_textblock_section av-5b1tek-871be114ed3e603bec0b7cb06968a9e0 '   itemscope=\"itemscope\" itemtype=\"https:\/\/schema.org\/CreativeWork\" ><div class='avia_textblock demjan'  itemprop=\"text\" ><p style=\"text-align: center;\">Die Website wurde im Rahmen und mit Unterst\u00fctzung des Programms von S\u00e1ndor Demj\u00e1n erstellt.<\/p>\n<\/div><\/section><\/div><div class='av-flex-placeholder'><\/div><div  class='flex_column av-4mgeek-666b154bb9e27d42a138d210851fd03f av_one_fourth  avia-builder-el-13  el_after_av_one_half  avia-builder-el-last  flex_column_table_cell av-equal-height-column av-align-top  '     ><style type=\"text\/css\" data-created_by=\"avia_inline_auto\" id=\"style-css-av-1xt3rw-872ca84d322fbd4a9a8fd215f1acd40b\">\n.avia-image-container.av-1xt3rw-872ca84d322fbd4a9a8fd215f1acd40b img.avia_image{\nbox-shadow:none;\n}\n.avia-image-container.av-1xt3rw-872ca84d322fbd4a9a8fd215f1acd40b .av-image-caption-overlay-center{\ncolor:#ffffff;\n}\n<\/style>\n<div  class='avia-image-container av-1xt3rw-872ca84d322fbd4a9a8fd215f1acd40b av-styling- avia-align-center  avia-builder-el-14  avia-builder-el-no-sibling '   itemprop=\"image\" itemscope=\"itemscope\" itemtype=\"https:\/\/schema.org\/ImageObject\" ><div class=\"avia-image-container-inner\"><div class=\"avia-image-overlay-wrap\"><img decoding=\"async\" fetchpriority=\"high\" class='wp-image-1777 avia-img-lazy-loading-not-1777 avia_image ' src=\"https:\/\/wildanger.hu\/wp-content\/uploads\/NEUM_logo_vector.svg\" alt='' title='NEUM_logo_vector'  height=\"176\" width=\"500\"  itemprop=\"thumbnailUrl\"  \/><\/div><\/div><\/div><\/div><\/div><!--close column table wrapper. Autoclose: 1 -->\n\n","protected":false},"excerpt":{"rendered":"","protected":false},"author":1,"featured_media":0,"parent":1408,"menu_order":0,"comment_status":"closed","ping_status":"closed","template":"","meta":{"footnotes":""},"class_list":["post-1420","page","type-page","status-publish","hentry"],"yoast_head":"<!-- This site is optimized with the Yoast SEO Premium plugin v26.9 (Yoast SEO v26.9) - https:\/\/yoast.com\/product\/yoast-seo-premium-wordpress\/ -->\n<title>3D-Pl\u00e4ne - Wildanger<\/title>\n<meta name=\"robots\" content=\"index, follow, max-snippet:-1, max-image-preview:large, max-video-preview:-1\" \/>\n<link rel=\"canonical\" href=\"https:\/\/wildanger.hu\/de\/tischlerei\/3d-plaene\/\" \/>\n<meta property=\"og:locale\" content=\"de_DE\" \/>\n<meta property=\"og:type\" content=\"article\" \/>\n<meta property=\"og:title\" content=\"3D-Pl\u00e4ne\" \/>\n<meta property=\"og:url\" content=\"https:\/\/wildanger.hu\/de\/tischlerei\/3d-plaene\/\" \/>\n<meta property=\"og:site_name\" content=\"Wildanger\" \/>\n<meta property=\"article:modified_time\" content=\"2026-02-17T14:06:25+00:00\" \/>\n<meta name=\"twitter:card\" content=\"summary_large_image\" \/>\n<meta name=\"twitter:label1\" content=\"Gesch\u00e4tzte Lesezeit\" \/>\n\t<meta name=\"twitter:data1\" content=\"1\u00a0Minute\" \/>\n<script type=\"application\/ld+json\" class=\"yoast-schema-graph\">{\"@context\":\"https:\/\/schema.org\",\"@graph\":[{\"@type\":\"WebPage\",\"@id\":\"https:\/\/wildanger.hu\/de\/tischlerei\/3d-plaene\/\",\"url\":\"https:\/\/wildanger.hu\/de\/tischlerei\/3d-plaene\/\",\"name\":\"3D-Pl\u00e4ne - Wildanger\",\"isPartOf\":{\"@id\":\"https:\/\/wildanger.hu\/#website\"},\"datePublished\":\"2025-11-17T14:14:18+00:00\",\"dateModified\":\"2026-02-17T14:06:25+00:00\",\"breadcrumb\":{\"@id\":\"https:\/\/wildanger.hu\/de\/tischlerei\/3d-plaene\/#breadcrumb\"},\"inLanguage\":\"de\",\"potentialAction\":[{\"@type\":\"ReadAction\",\"target\":[\"https:\/\/wildanger.hu\/de\/tischlerei\/3d-plaene\/\"]}]},{\"@type\":\"BreadcrumbList\",\"@id\":\"https:\/\/wildanger.hu\/de\/tischlerei\/3d-plaene\/#breadcrumb\",\"itemListElement\":[{\"@type\":\"ListItem\",\"position\":1,\"name\":\"Kezd\u0151lap\",\"item\":\"https:\/\/wildanger.hu\/de\/startseite\/\"},{\"@type\":\"ListItem\",\"position\":2,\"name\":\"Tischlerei\",\"item\":\"https:\/\/wildanger.hu\/de\/tischlerei\/\"},{\"@type\":\"ListItem\",\"position\":3,\"name\":\"3D-Pl\u00e4ne\"}]},{\"@type\":\"WebSite\",\"@id\":\"https:\/\/wildanger.hu\/#website\",\"url\":\"https:\/\/wildanger.hu\/\",\"name\":\"Wildanger\",\"description\":\"\",\"potentialAction\":[{\"@type\":\"SearchAction\",\"target\":{\"@type\":\"EntryPoint\",\"urlTemplate\":\"https:\/\/wildanger.hu\/?s={search_term_string}\"},\"query-input\":{\"@type\":\"PropertyValueSpecification\",\"valueRequired\":true,\"valueName\":\"search_term_string\"}}],\"inLanguage\":\"de\"}]}<\/script>\n<!-- \/ Yoast SEO Premium plugin. -->","yoast_head_json":{"title":"3D-Pl\u00e4ne - Wildanger","robots":{"index":"index","follow":"follow","max-snippet":"max-snippet:-1","max-image-preview":"max-image-preview:large","max-video-preview":"max-video-preview:-1"},"canonical":"https:\/\/wildanger.hu\/de\/tischlerei\/3d-plaene\/","og_locale":"de_DE","og_type":"article","og_title":"3D-Pl\u00e4ne","og_url":"https:\/\/wildanger.hu\/de\/tischlerei\/3d-plaene\/","og_site_name":"Wildanger","article_modified_time":"2026-02-17T14:06:25+00:00","twitter_card":"summary_large_image","twitter_misc":{"Gesch\u00e4tzte Lesezeit":"1\u00a0Minute"},"schema":{"@context":"https:\/\/schema.org","@graph":[{"@type":"WebPage","@id":"https:\/\/wildanger.hu\/de\/tischlerei\/3d-plaene\/","url":"https:\/\/wildanger.hu\/de\/tischlerei\/3d-plaene\/","name":"3D-Pl\u00e4ne - Wildanger","isPartOf":{"@id":"https:\/\/wildanger.hu\/#website"},"datePublished":"2025-11-17T14:14:18+00:00","dateModified":"2026-02-17T14:06:25+00:00","breadcrumb":{"@id":"https:\/\/wildanger.hu\/de\/tischlerei\/3d-plaene\/#breadcrumb"},"inLanguage":"de","potentialAction":[{"@type":"ReadAction","target":["https:\/\/wildanger.hu\/de\/tischlerei\/3d-plaene\/"]}]},{"@type":"BreadcrumbList","@id":"https:\/\/wildanger.hu\/de\/tischlerei\/3d-plaene\/#breadcrumb","itemListElement":[{"@type":"ListItem","position":1,"name":"Kezd\u0151lap","item":"https:\/\/wildanger.hu\/de\/startseite\/"},{"@type":"ListItem","position":2,"name":"Tischlerei","item":"https:\/\/wildanger.hu\/de\/tischlerei\/"},{"@type":"ListItem","position":3,"name":"3D-Pl\u00e4ne"}]},{"@type":"WebSite","@id":"https:\/\/wildanger.hu\/#website","url":"https:\/\/wildanger.hu\/","name":"Wildanger","description":"","potentialAction":[{"@type":"SearchAction","target":{"@type":"EntryPoint","urlTemplate":"https:\/\/wildanger.hu\/?s={search_term_string}"},"query-input":{"@type":"PropertyValueSpecification","valueRequired":true,"valueName":"search_term_string"}}],"inLanguage":"de"}]}},"_links":{"self":[{"href":"https:\/\/wildanger.hu\/de\/wp-json\/wp\/v2\/pages\/1420","targetHints":{"allow":["GET"]}}],"collection":[{"href":"https:\/\/wildanger.hu\/de\/wp-json\/wp\/v2\/pages"}],"about":[{"href":"https:\/\/wildanger.hu\/de\/wp-json\/wp\/v2\/types\/page"}],"author":[{"embeddable":true,"href":"https:\/\/wildanger.hu\/de\/wp-json\/wp\/v2\/users\/1"}],"replies":[{"embeddable":true,"href":"https:\/\/wildanger.hu\/de\/wp-json\/wp\/v2\/comments?post=1420"}],"version-history":[{"count":7,"href":"https:\/\/wildanger.hu\/de\/wp-json\/wp\/v2\/pages\/1420\/revisions"}],"predecessor-version":[{"id":2198,"href":"https:\/\/wildanger.hu\/de\/wp-json\/wp\/v2\/pages\/1420\/revisions\/2198"}],"up":[{"embeddable":true,"href":"https:\/\/wildanger.hu\/de\/wp-json\/wp\/v2\/pages\/1408"}],"wp:attachment":[{"href":"https:\/\/wildanger.hu\/de\/wp-json\/wp\/v2\/media?parent=1420"}],"curies":[{"name":"wp","href":"https:\/\/api.w.org\/{rel}","templated":true}]}}