{"id":1408,"date":"2025-11-07T14:49:43","date_gmt":"2025-11-07T13:49:43","guid":{"rendered":"https:\/\/wildanger.hu\/?page_id=1408"},"modified":"2026-02-17T14:58:51","modified_gmt":"2026-02-17T13:58:51","slug":"tischlerei","status":"publish","type":"page","link":"https:\/\/wildanger.hu\/de\/tischlerei\/","title":{"rendered":"Tischlerei"},"content":{"rendered":"<div class='clear'><\/div><div id='sub_menu1'  class='av-submenu-container av-mhyyluwm-f12bf6eb0781353f5740be9e012d0136 header_color  avia-builder-el-0  el_before_av_section  avia-builder-el-first  av-sticky-submenu container_wrap fullsize' style='z-index:301' ><div class='container av-menu-mobile-disabled av-submenu-pos-center'><ul id='av-custom-submenu-1' class='av-subnav-menu' role='menu'>\n<li class='menu-item av-mhyylucr-14bc07164b7d65f145d928bb76de16e0 menu-item-top-level av-menu-button av-menu-button-bordered menu-item-top-level-1' role='menuitem'><a href='https:\/\/wildanger.hu\/de\/tischlerei\/projekte\/'  ><span class='avia-bullet'><\/span><span class='avia-menu-text'> Projekte<\/span><\/a><\/li>\n<li class='menu-item av-mi5yd3s9-9d7aa1284ac34e255f3d04cfe3414180 menu-item-top-level av-menu-button av-menu-button-bordered menu-item-top-level-2' role='menuitem'><a href='https:\/\/wildanger.hu\/de\/tischlerei\/3d-plaene\/'  ><span class='avia-bullet'><\/span><span class='avia-menu-text'>3D-Pl\u00e4ne<\/span><\/a><\/li>\n<\/ul><\/div><\/div><div class='sticky_placeholder'><\/div>\n\n<style type=\"text\/css\" data-created_by=\"avia_inline_auto\" id=\"style-css-av-mi4k1oi2-d14ffc8716231bfba73bdb817f59c987\">\n.avia-section.av-mi4k1oi2-d14ffc8716231bfba73bdb817f59c987{\nbackground-repeat:no-repeat;\nbackground-image:url(https:\/\/wildanger.hu\/wp-content\/uploads\/Butorgyartas-borito-1030x687.png);\nbackground-position:50% 50%;\nbackground-attachment:scroll;\n}\n.avia-section.av-mi4k1oi2-d14ffc8716231bfba73bdb817f59c987 .av-section-color-overlay{\nopacity:0.2;\nbackground-color:#2b1a08;\n}\n<\/style>\n<div id='av_section_1'  class='avia-section av-mi4k1oi2-d14ffc8716231bfba73bdb817f59c987 main_color avia-section-large avia-no-border-styling  avia-builder-el-1  el_after_av_submenu  el_before_av_section  avia-full-stretch avia-bg-style-scroll av-section-color-overlay-active av-minimum-height av-minimum-height-50 av-height-50  container_wrap fullsize'  data-section-bg-repeat='stretch' data-av_minimum_height_pc='50' data-av_min_height_opt='50'><div class=\"av-section-color-overlay-wrap\"><div class=\"av-section-color-overlay\"><\/div><div class='container av-section-cont-open' ><div class='template-page content  av-content-full alpha units'><div class='post-entry post-entry-type-page post-entry-1408'><div class='entry-content-wrapper clearfix'>\n<div  class='flex_column av-g4ijv-b230974790bf3816e40a0c6355615a24 av_one_fifth  avia-builder-el-2  el_before_av_three_fifth  avia-builder-el-first  first flex_column_div  '     ><\/div><div  class='flex_column av-2awyz-1a423c3d5095ff387302fc92507e62b4 av_three_fifth  avia-builder-el-3  el_after_av_one_fifth  el_before_av_one_fifth  flex_column_div  '     ><p>\n<style type=\"text\/css\" data-created_by=\"avia_inline_auto\" id=\"style-css-av-mhyy12as-a71534b803c5a46ab0e9aeaf139293bb\">\n#top .av-special-heading.av-mhyy12as-a71534b803c5a46ab0e9aeaf139293bb{\npadding-bottom:10px;\ncolor:#ffffff;\nfont-size:40px;\n}\nbody .av-special-heading.av-mhyy12as-a71534b803c5a46ab0e9aeaf139293bb .av-special-heading-tag .heading-char{\nfont-size:25px;\n}\n#top #wrap_all .av-special-heading.av-mhyy12as-a71534b803c5a46ab0e9aeaf139293bb .av-special-heading-tag{\nfont-size:40px;\n}\n.av-special-heading.av-mhyy12as-a71534b803c5a46ab0e9aeaf139293bb .special-heading-inner-border{\nborder-color:#ffffff;\n}\n.av-special-heading.av-mhyy12as-a71534b803c5a46ab0e9aeaf139293bb .av-subheading{\nfont-size:15px;\n}\n\n@media only screen and (min-width: 480px) and (max-width: 767px){ \n#top #wrap_all .av-special-heading.av-mhyy12as-a71534b803c5a46ab0e9aeaf139293bb .av-special-heading-tag{\nfont-size:0.8em;\n}\n}\n\n@media only screen and (max-width: 479px){ \n#top #wrap_all .av-special-heading.av-mhyy12as-a71534b803c5a46ab0e9aeaf139293bb .av-special-heading-tag{\nfont-size:0.8em;\n}\n}\n<\/style>\n<div  class='av-special-heading av-mhyy12as-a71534b803c5a46ab0e9aeaf139293bb av-special-heading-h1 custom-color-heading blockquote modern-quote modern-centered  avia-builder-el-4  el_before_av_hr  avia-builder-el-first  av-inherit-size'><h1 class='av-special-heading-tag '  itemprop=\"headline\"  >Tischlerei<\/h1><div class=\"special-heading-border\"><div class=\"special-heading-inner-border\"><\/div><\/div><\/div><br \/>\n\n<style type=\"text\/css\" data-created_by=\"avia_inline_auto\" id=\"style-css-av-f13kj-46ff247703e511c942d7ce12badf66db\">\n#top .hr.av-f13kj-46ff247703e511c942d7ce12badf66db{\nmargin-top:40px;\nmargin-bottom:40px;\n}\n.hr.av-f13kj-46ff247703e511c942d7ce12badf66db .hr-inner{\nwidth:50px;\nborder-color:#ffffff;\n}\n<\/style>\n<div  class='hr av-f13kj-46ff247703e511c942d7ce12badf66db hr-custom  avia-builder-el-5  el_after_av_heading  avia-builder-el-last  hr-center hr-icon-no'><span class='hr-inner inner-border-av-border-fat'><span class=\"hr-inner-style\"><\/span><\/span><\/div><\/p><\/div><div  class='flex_column av-9oazf-6c15ebd0eddcaf86b98869f3c0016426 av_one_fifth  avia-builder-el-6  el_after_av_three_fifth  avia-builder-el-last  flex_column_div  '     ><\/div>\n\n<\/div><\/div><\/div><!-- close content main div --><\/div><\/div><\/div><div id='av_section_2'  class='avia-section av-kkg9n-d37a0a47528689a7cb330bb7898a709b main_color avia-section-default avia-no-border-styling  avia-builder-el-7  el_after_av_section  el_before_av_section  avia-bg-style-scroll container_wrap fullsize'  ><div class='container av-section-cont-open' ><div class='template-page content  av-content-full alpha units'><div class='post-entry post-entry-type-page post-entry-1408'><div class='entry-content-wrapper clearfix'>\n<div class='flex_column_table av-cjgpv-2160ceb960a10bda82f60821a07b5bd8 sc-av_two_third av-equal-height-column-flextable'>\n<style type=\"text\/css\" data-created_by=\"avia_inline_auto\" id=\"style-css-av-cjgpv-2160ceb960a10bda82f60821a07b5bd8\">\n.flex_column.av-cjgpv-2160ceb960a10bda82f60821a07b5bd8{\nwidth:65.666666666667%;\nmargin-left:0;\n}\n#top .flex_column_table.av-equal-height-column-flextable.av-cjgpv-2160ceb960a10bda82f60821a07b5bd8 .av-flex-placeholder{\nwidth:3%;\n}\n<\/style>\n<div  class='flex_column av-cjgpv-2160ceb960a10bda82f60821a07b5bd8 av_two_third  avia-builder-el-8  el_before_av_one_third  avia-builder-el-first  first flex_column_table_cell av-equal-height-column av-align-middle  '     ><section  class='av_textblock_section av-b73z7-d9c87b7bd7a16d4d76b52ce1f5d761cc '   itemscope=\"itemscope\" itemtype=\"https:\/\/schema.org\/CreativeWork\" ><div class='avia_textblock'  itemprop=\"text\" ><p><span style=\"font-weight: 400;\">Mit \u00fcber 30 Jahren Erfahrung \u2013 davon 10 Jahre im Ausland \u2013 sind wir auf die Planung und Herstellung ma\u00dfgefertigter M\u00f6bel spezialisiert. Unser Ziel ist es, die Vorstellungen unserer Kunden in h\u00f6chster Qualit\u00e4t umzusetzen \u2013 von der Planung bis zur Montage vor Ort.<\/span><\/p>\n<p><b>Warum sollten Sie uns w\u00e4hlen?<\/b><\/p>\n<ul>\n<li style=\"font-weight: 400;\" aria-level=\"1\"><b>Individuelle Planung:<\/b><span style=\"font-weight: 400;\"> Jedes Projekt wird nach Ihren speziellen W\u00fcnschen gefertigt, egal ob M\u00f6belplatte, Furnier oder Massivholz.<\/span><\/li>\n<li style=\"font-weight: 400;\" aria-level=\"1\"><b>Professionelle Visualisierung:<\/b><span style=\"font-weight: 400;\"> Unsere Arbeit basiert auf detaillierten 3D-Visualisierungen, die Ihre Ideen im Voraus greifbar machen.<\/span><\/li>\n<li style=\"font-weight: 400;\" aria-level=\"1\"><b>Komplettservice:<\/b><span style=\"font-weight: 400;\"> Von der Planung \u00fcber die Produktion bis hin zur Montage \u2013 alles aus einer Hand. So garantieren wir eine pr\u00e4zise Umsetzung und zuverl\u00e4ssige Termineinhaltung.<\/span><\/li>\n<\/ul>\n<p><span style=\"font-weight: 400;\">Ob K\u00fcchenm\u00f6bel, Kleiderschr\u00e4nke, individuelle Schr\u00e4nke oder besondere M\u00f6belst\u00fccke \u2013 Sie k\u00f6nnen sich auf uns verlassen! Kontaktieren Sie uns und lassen Sie uns gemeinsam Ihre Traumm\u00f6bel verwirklichen!<\/span><\/p>\n<\/div><\/section><\/div><div class='av-flex-placeholder'><\/div>\n<style type=\"text\/css\" data-created_by=\"avia_inline_auto\" id=\"style-css-av-h0fgz-c93a5bf66088c724199f17b49011a611\">\n.flex_column.av-h0fgz-c93a5bf66088c724199f17b49011a611{\nwidth:31.333333333333%;\nmargin-left:0;\n}\n#top .flex_column_table.av-equal-height-column-flextable.av-h0fgz-c93a5bf66088c724199f17b49011a611 .av-flex-placeholder{\nwidth:3%;\n}\n<\/style>\n<div  class='flex_column av-h0fgz-c93a5bf66088c724199f17b49011a611 av_one_third  avia-builder-el-10  el_after_av_two_third  avia-builder-el-last  flex_column_table_cell av-equal-height-column av-align-middle  '     ><style type=\"text\/css\" data-created_by=\"avia_inline_auto\" id=\"style-css-av-9ebez-bfc1a2c2fce9a619fe632406ad2d2ed0\">\n.avia-image-container.av-9ebez-bfc1a2c2fce9a619fe632406ad2d2ed0 img.avia_image{\nbox-shadow:none;\n}\n.avia-image-container.av-9ebez-bfc1a2c2fce9a619fe632406ad2d2ed0 .av-image-caption-overlay-center{\ncolor:#ffffff;\n}\n<\/style>\n<div  class='avia-image-container av-9ebez-bfc1a2c2fce9a619fe632406ad2d2ed0 av-styling- avia-align-center  avia-builder-el-11  avia-builder-el-no-sibling '   itemprop=\"image\" itemscope=\"itemscope\" itemtype=\"https:\/\/schema.org\/ImageObject\" ><div class=\"avia-image-container-inner\"><div class=\"avia-image-overlay-wrap\"><img decoding=\"async\" fetchpriority=\"high\" class='wp-image-1407 avia-img-lazy-loading-not-1407 avia_image ' src=\"https:\/\/wildanger.hu\/wp-content\/uploads\/plusz-egy-kep-470x705.png\" alt='' title='plusz egy k\u00e9p'  height=\"705\" width=\"470\"  itemprop=\"thumbnailUrl\" srcset=\"https:\/\/wildanger.hu\/wp-content\/uploads\/plusz-egy-kep-470x705.png 470w, https:\/\/wildanger.hu\/wp-content\/uploads\/plusz-egy-kep-200x300.png 200w, https:\/\/wildanger.hu\/wp-content\/uploads\/plusz-egy-kep-687x1030.png 687w, https:\/\/wildanger.hu\/wp-content\/uploads\/plusz-egy-kep-768x1152.png 768w, https:\/\/wildanger.hu\/wp-content\/uploads\/plusz-egy-kep-1000x1500.png 1000w, https:\/\/wildanger.hu\/wp-content\/uploads\/plusz-egy-kep.png 1024w\" sizes=\"(max-width: 470px) 100vw, 470px\" \/><\/div><\/div><\/div><\/div><\/div><!--close column table wrapper. Autoclose: 1 -->\n\n<\/div><\/div><\/div><!-- close content main div --><\/div><\/div><div id='av_section_3'  class='avia-section av-bw6zcw-b04e01fd5e42078e04ff998885d86ad4 footer_color avia-section-default avia-no-border-styling  avia-builder-el-12  el_after_av_section  avia-builder-el-last  avia-bg-style-scroll av-minimum-height av-minimum-height-custom av-height-custom  container_wrap fullsize'   data-av_minimum_height_px='141'><div class='container av-section-cont-open' style='height:141px'><div class='template-page content  av-content-full alpha units'><div class='post-entry post-entry-type-page post-entry-1408'><div class='entry-content-wrapper clearfix'>\n<div class='flex_column_table av-11b9kg-eefc042e02c82b3a62f4dbdf0a62e1d3 sc-av_one_fourth av-equal-height-column-flextable'><div  class='flex_column av-11b9kg-eefc042e02c82b3a62f4dbdf0a62e1d3 av_one_fourth  avia-builder-el-13  el_before_av_one_half  avia-builder-el-first  first flex_column_table_cell av-equal-height-column av-align-top  '     ><style type=\"text\/css\" data-created_by=\"avia_inline_auto\" id=\"style-css-av-8ys6pc-f9120f8f17119de9c624647ad343af2f\">\n.avia-image-container.av-8ys6pc-f9120f8f17119de9c624647ad343af2f img.avia_image{\nbox-shadow:none;\n}\n.avia-image-container.av-8ys6pc-f9120f8f17119de9c624647ad343af2f .av-image-caption-overlay-center{\ncolor:#ffffff;\n}\n<\/style>\n<div  class='avia-image-container av-8ys6pc-f9120f8f17119de9c624647ad343af2f av-styling- avia-align-center  avia-builder-el-14  avia-builder-el-no-sibling '   itemprop=\"image\" itemscope=\"itemscope\" itemtype=\"https:\/\/schema.org\/ImageObject\" ><div class=\"avia-image-container-inner\"><div class=\"avia-image-overlay-wrap\"><img decoding=\"async\" fetchpriority=\"high\" class='wp-image-1776 avia-img-lazy-loading-not-1776 avia_image ' src=\"https:\/\/wildanger.hu\/wp-content\/uploads\/DSP_logo_vector.svg\" alt='' title='DSP_logo_vector'  height=\"276\" width=\"500\"  itemprop=\"thumbnailUrl\"  \/><\/div><\/div><\/div><\/div><div class='av-flex-placeholder'><\/div><div  class='flex_column av-7evda8-b7907d950eaf467291b556e95f262cf7 av_one_half  avia-builder-el-15  el_after_av_one_fourth  el_before_av_one_fourth  flex_column_table_cell av-equal-height-column av-align-top  '     ><style type=\"text\/css\" data-created_by=\"avia_inline_auto\" id=\"style-css-av-682y1c-0f11a1f0c3f523997393dd58f458bf5f\">\n#top .av_textblock_section.av-682y1c-0f11a1f0c3f523997393dd58f458bf5f .avia_textblock{\nfont-size:18px;\n}\n<\/style>\n<section  class='av_textblock_section av-682y1c-0f11a1f0c3f523997393dd58f458bf5f '   itemscope=\"itemscope\" itemtype=\"https:\/\/schema.org\/CreativeWork\" ><div class='avia_textblock demjan'  itemprop=\"text\" ><p style=\"text-align: center;\">Die Website wurde im Rahmen und mit Unterst\u00fctzung des Programms von S\u00e1ndor Demj\u00e1n erstellt.<\/p>\n<\/div><\/section><\/div><div class='av-flex-placeholder'><\/div><div  class='flex_column av-4w9mg0-8fa652220d683bf2bcc678589bf7f2d9 av_one_fourth  avia-builder-el-17  el_after_av_one_half  avia-builder-el-last  flex_column_table_cell av-equal-height-column av-align-top  '     ><style type=\"text\/css\" data-created_by=\"avia_inline_auto\" id=\"style-css-av-1tlcsw-13bd1681106a168ed4456d2f0e80205a\">\n.avia-image-container.av-1tlcsw-13bd1681106a168ed4456d2f0e80205a img.avia_image{\nbox-shadow:none;\n}\n.avia-image-container.av-1tlcsw-13bd1681106a168ed4456d2f0e80205a .av-image-caption-overlay-center{\ncolor:#ffffff;\n}\n<\/style>\n<div  class='avia-image-container av-1tlcsw-13bd1681106a168ed4456d2f0e80205a av-styling- avia-align-center  avia-builder-el-18  avia-builder-el-no-sibling '   itemprop=\"image\" itemscope=\"itemscope\" itemtype=\"https:\/\/schema.org\/ImageObject\" ><div class=\"avia-image-container-inner\"><div class=\"avia-image-overlay-wrap\"><img decoding=\"async\" fetchpriority=\"high\" class='wp-image-1777 avia-img-lazy-loading-not-1777 avia_image ' src=\"https:\/\/wildanger.hu\/wp-content\/uploads\/NEUM_logo_vector.svg\" alt='' title='NEUM_logo_vector'  height=\"176\" width=\"500\"  itemprop=\"thumbnailUrl\"  \/><\/div><\/div><\/div><\/div><\/div><!--close column table wrapper. Autoclose: 1 -->\n\n","protected":false},"excerpt":{"rendered":"","protected":false},"author":1,"featured_media":0,"parent":0,"menu_order":0,"comment_status":"closed","ping_status":"closed","template":"","meta":{"footnotes":""},"class_list":["post-1408","page","type-page","status-publish","hentry"],"yoast_head":"<!-- This site is optimized with the Yoast SEO Premium plugin v26.9 (Yoast SEO v26.9) - https:\/\/yoast.com\/product\/yoast-seo-premium-wordpress\/ -->\n<title>Tischlerei - Wildanger<\/title>\n<meta name=\"robots\" content=\"index, follow, max-snippet:-1, max-image-preview:large, max-video-preview:-1\" \/>\n<link rel=\"canonical\" href=\"https:\/\/wildanger.hu\/de\/tischlerei\/\" \/>\n<meta property=\"og:locale\" content=\"de_DE\" \/>\n<meta property=\"og:type\" content=\"article\" \/>\n<meta property=\"og:title\" content=\"Tischlerei\" \/>\n<meta property=\"og:url\" content=\"https:\/\/wildanger.hu\/de\/tischlerei\/\" \/>\n<meta property=\"og:site_name\" content=\"Wildanger\" \/>\n<meta property=\"article:modified_time\" content=\"2026-02-17T13:58:51+00:00\" \/>\n<meta name=\"twitter:card\" content=\"summary_large_image\" \/>\n<meta name=\"twitter:label1\" content=\"Gesch\u00e4tzte Lesezeit\" \/>\n\t<meta name=\"twitter:data1\" content=\"2\u00a0Minuten\" \/>\n<script type=\"application\/ld+json\" class=\"yoast-schema-graph\">{\"@context\":\"https:\/\/schema.org\",\"@graph\":[{\"@type\":\"WebPage\",\"@id\":\"https:\/\/wildanger.hu\/de\/tischlerei\/\",\"url\":\"https:\/\/wildanger.hu\/de\/tischlerei\/\",\"name\":\"Tischlerei - Wildanger\",\"isPartOf\":{\"@id\":\"https:\/\/wildanger.hu\/#website\"},\"datePublished\":\"2025-11-07T13:49:43+00:00\",\"dateModified\":\"2026-02-17T13:58:51+00:00\",\"breadcrumb\":{\"@id\":\"https:\/\/wildanger.hu\/de\/tischlerei\/#breadcrumb\"},\"inLanguage\":\"de\",\"potentialAction\":[{\"@type\":\"ReadAction\",\"target\":[\"https:\/\/wildanger.hu\/de\/tischlerei\/\"]}]},{\"@type\":\"BreadcrumbList\",\"@id\":\"https:\/\/wildanger.hu\/de\/tischlerei\/#breadcrumb\",\"itemListElement\":[{\"@type\":\"ListItem\",\"position\":1,\"name\":\"Kezd\u0151lap\",\"item\":\"https:\/\/wildanger.hu\/de\/startseite\/\"},{\"@type\":\"ListItem\",\"position\":2,\"name\":\"Tischlerei\"}]},{\"@type\":\"WebSite\",\"@id\":\"https:\/\/wildanger.hu\/#website\",\"url\":\"https:\/\/wildanger.hu\/\",\"name\":\"Wildanger\",\"description\":\"\",\"potentialAction\":[{\"@type\":\"SearchAction\",\"target\":{\"@type\":\"EntryPoint\",\"urlTemplate\":\"https:\/\/wildanger.hu\/?s={search_term_string}\"},\"query-input\":{\"@type\":\"PropertyValueSpecification\",\"valueRequired\":true,\"valueName\":\"search_term_string\"}}],\"inLanguage\":\"de\"}]}<\/script>\n<!-- \/ Yoast SEO Premium plugin. -->","yoast_head_json":{"title":"Tischlerei - Wildanger","robots":{"index":"index","follow":"follow","max-snippet":"max-snippet:-1","max-image-preview":"max-image-preview:large","max-video-preview":"max-video-preview:-1"},"canonical":"https:\/\/wildanger.hu\/de\/tischlerei\/","og_locale":"de_DE","og_type":"article","og_title":"Tischlerei","og_url":"https:\/\/wildanger.hu\/de\/tischlerei\/","og_site_name":"Wildanger","article_modified_time":"2026-02-17T13:58:51+00:00","twitter_card":"summary_large_image","twitter_misc":{"Gesch\u00e4tzte Lesezeit":"2\u00a0Minuten"},"schema":{"@context":"https:\/\/schema.org","@graph":[{"@type":"WebPage","@id":"https:\/\/wildanger.hu\/de\/tischlerei\/","url":"https:\/\/wildanger.hu\/de\/tischlerei\/","name":"Tischlerei - Wildanger","isPartOf":{"@id":"https:\/\/wildanger.hu\/#website"},"datePublished":"2025-11-07T13:49:43+00:00","dateModified":"2026-02-17T13:58:51+00:00","breadcrumb":{"@id":"https:\/\/wildanger.hu\/de\/tischlerei\/#breadcrumb"},"inLanguage":"de","potentialAction":[{"@type":"ReadAction","target":["https:\/\/wildanger.hu\/de\/tischlerei\/"]}]},{"@type":"BreadcrumbList","@id":"https:\/\/wildanger.hu\/de\/tischlerei\/#breadcrumb","itemListElement":[{"@type":"ListItem","position":1,"name":"Kezd\u0151lap","item":"https:\/\/wildanger.hu\/de\/startseite\/"},{"@type":"ListItem","position":2,"name":"Tischlerei"}]},{"@type":"WebSite","@id":"https:\/\/wildanger.hu\/#website","url":"https:\/\/wildanger.hu\/","name":"Wildanger","description":"","potentialAction":[{"@type":"SearchAction","target":{"@type":"EntryPoint","urlTemplate":"https:\/\/wildanger.hu\/?s={search_term_string}"},"query-input":{"@type":"PropertyValueSpecification","valueRequired":true,"valueName":"search_term_string"}}],"inLanguage":"de"}]}},"_links":{"self":[{"href":"https:\/\/wildanger.hu\/de\/wp-json\/wp\/v2\/pages\/1408","targetHints":{"allow":["GET"]}}],"collection":[{"href":"https:\/\/wildanger.hu\/de\/wp-json\/wp\/v2\/pages"}],"about":[{"href":"https:\/\/wildanger.hu\/de\/wp-json\/wp\/v2\/types\/page"}],"author":[{"embeddable":true,"href":"https:\/\/wildanger.hu\/de\/wp-json\/wp\/v2\/users\/1"}],"replies":[{"embeddable":true,"href":"https:\/\/wildanger.hu\/de\/wp-json\/wp\/v2\/comments?post=1408"}],"version-history":[{"count":11,"href":"https:\/\/wildanger.hu\/de\/wp-json\/wp\/v2\/pages\/1408\/revisions"}],"predecessor-version":[{"id":2181,"href":"https:\/\/wildanger.hu\/de\/wp-json\/wp\/v2\/pages\/1408\/revisions\/2181"}],"wp:attachment":[{"href":"https:\/\/wildanger.hu\/de\/wp-json\/wp\/v2\/media?parent=1408"}],"curies":[{"name":"wp","href":"https:\/\/api.w.org\/{rel}","templated":true}]}}