{"id":1403,"date":"2015-02-22T20:09:33","date_gmt":"2015-02-22T19:09:33","guid":{"rendered":"https:\/\/wildanger.hu\/?page_id=1403"},"modified":"2026-02-17T14:51:23","modified_gmt":"2026-02-17T13:51:23","slug":"kontakt","status":"publish","type":"page","link":"https:\/\/wildanger.hu\/de\/kontakt\/","title":{"rendered":"Kontakt"},"content":{"rendered":"\n<style type=\"text\/css\" data-created_by=\"avia_inline_auto\" id=\"style-css-av-1ug59-41a391c72f9753ddc8ccb4eb41a31eca\">\n.avia-section.av-1ug59-41a391c72f9753ddc8ccb4eb41a31eca{\nbackground-repeat:no-repeat;\nbackground-image:url(https:\/\/wildanger.hu\/wp-content\/uploads\/Kapcsolat-boritokep-3.jpg);\nbackground-position:50% 100%;\nbackground-attachment:scroll;\n}\n.avia-section.av-1ug59-41a391c72f9753ddc8ccb4eb41a31eca .av-section-color-overlay{\nopacity:0.1;\nbackground-color:#2b1a08;\n}\n<\/style>\n<div id='av_section_1'  class='avia-section av-1ug59-41a391c72f9753ddc8ccb4eb41a31eca main_color avia-section-large avia-no-border-styling  avia-builder-el-0  el_before_av_layout_row  avia-builder-el-first  avia-full-stretch avia-bg-style-scroll av-section-color-overlay-active av-minimum-height av-minimum-height-50 av-height-50  container_wrap fullsize'  data-section-bg-repeat='stretch' data-av_minimum_height_pc='50' data-av_min_height_opt='50'><div class=\"av-section-color-overlay-wrap\"><div class=\"av-section-color-overlay\"><\/div><div class='container av-section-cont-open' ><main  role=\"main\" itemprop=\"mainContentOfPage\"  class='template-page content  av-content-full alpha units'><div class='post-entry post-entry-type-page post-entry-1403'><div class='entry-content-wrapper clearfix'>\n<div  class='flex_column av-1ke3x-035eb4d53fd6b815fd39746367c1cb83 av_one_fifth  avia-builder-el-1  el_before_av_three_fifth  avia-builder-el-first  first flex_column_div  '     ><\/div>\n<style type=\"text\/css\" data-created_by=\"avia_inline_auto\" id=\"style-css-av-fm4tl-a48bfb3cf2ac3536e1fa15a30cafa683\">\n.flex_column.av-fm4tl-a48bfb3cf2ac3536e1fa15a30cafa683{\nposition:relative;\ntop:80px;\npadding:80px 80px 80px 80px;\n}\n<\/style>\n<div  class='flex_column av-fm4tl-a48bfb3cf2ac3536e1fa15a30cafa683 av_three_fifth  avia-builder-el-2  el_after_av_one_fifth  el_before_av_one_fifth  flex_column_div av-custom-positioned  '     ><p>\n<style type=\"text\/css\" data-created_by=\"avia_inline_auto\" id=\"style-css-av-fcecx-024594a7410972994052851843e4f838\">\n#top .av-special-heading.av-fcecx-024594a7410972994052851843e4f838{\npadding-bottom:10px;\ncolor:#ffffff;\nfont-size:40px;\n}\nbody .av-special-heading.av-fcecx-024594a7410972994052851843e4f838 .av-special-heading-tag .heading-char{\nfont-size:25px;\n}\n#top #wrap_all .av-special-heading.av-fcecx-024594a7410972994052851843e4f838 .av-special-heading-tag{\nfont-size:40px;\n}\n.av-special-heading.av-fcecx-024594a7410972994052851843e4f838 .special-heading-inner-border{\nborder-color:#ffffff;\n}\n.av-special-heading.av-fcecx-024594a7410972994052851843e4f838 .av-subheading{\nfont-size:15px;\n}\n\n@media only screen and (min-width: 480px) and (max-width: 767px){ \n#top #wrap_all .av-special-heading.av-fcecx-024594a7410972994052851843e4f838 .av-special-heading-tag{\nfont-size:0.8em;\n}\n}\n\n@media only screen and (max-width: 479px){ \n#top #wrap_all .av-special-heading.av-fcecx-024594a7410972994052851843e4f838 .av-special-heading-tag{\nfont-size:0.8em;\n}\n}\n<\/style>\n<div  class='av-special-heading av-fcecx-024594a7410972994052851843e4f838 av-special-heading-h1 custom-color-heading blockquote modern-quote modern-centered  avia-builder-el-3  el_before_av_hr  avia-builder-el-first  av-inherit-size'><h1 class='av-special-heading-tag '  itemprop=\"headline\"  >Kontakt<\/h1><div class=\"special-heading-border\"><div class=\"special-heading-inner-border\"><\/div><\/div><\/div><br \/>\n\n<style type=\"text\/css\" data-created_by=\"avia_inline_auto\" id=\"style-css-av-emwud-eb2460d91b5ea6c531dc22ed5f3d7e84\">\n#top .hr.av-emwud-eb2460d91b5ea6c531dc22ed5f3d7e84{\nmargin-top:40px;\nmargin-bottom:40px;\n}\n.hr.av-emwud-eb2460d91b5ea6c531dc22ed5f3d7e84 .hr-inner{\nwidth:50px;\nborder-color:#ffffff;\n}\n<\/style>\n<div  class='hr av-emwud-eb2460d91b5ea6c531dc22ed5f3d7e84 hr-custom  avia-builder-el-4  el_after_av_heading  avia-builder-el-last  hr-center hr-icon-no'><span class='hr-inner inner-border-av-border-fat'><span class=\"hr-inner-style\"><\/span><\/span><\/div><\/p><\/div><div  class='flex_column av-3ql1-bae0e3ff23199c082ca556236a447bff av_one_fifth  avia-builder-el-5  el_after_av_three_fifth  avia-builder-el-last  flex_column_div  '     ><\/div><\/div><\/div><\/main><!-- close content main element --><\/div><\/div><\/div><div id='av-layout-grid-1'  class='av-layout-grid-container av-dags9-3aec5adbeb0ac9e654cb023ce0f41722 entry-content-wrapper main_color av-flex-cells  avia-builder-el-6  el_after_av_section  el_before_av_section  grid-row-not-first  container_wrap fullsize'  >\n\n<style type=\"text\/css\" data-created_by=\"avia_inline_auto\" id=\"style-css-av-cqd3h-fe7d41b13e5319c45a5c9c28891f3148\">\n.flex_cell.av-cqd3h-fe7d41b13e5319c45a5c9c28891f3148{\nvertical-align:top;\nbackground-color:#fcfcfc;\n}\n.responsive #top #wrap_all .flex_cell.av-cqd3h-fe7d41b13e5319c45a5c9c28891f3148{\npadding:30px 30px 30px 30px !important;\n}\n<\/style>\n<div class='flex_cell av-cqd3h-fe7d41b13e5319c45a5c9c28891f3148 av-gridrow-cell av_one_half no_margin  avia-builder-el-7  el_before_av_cell_one_half  avia-builder-el-first  content-align-top'  ><div class='flex_cell_inner'><p>\n<style type=\"text\/css\" data-created_by=\"avia_inline_auto\" id=\"style-css-av-bzdvl-bd0676c8706065e893cac3d299a6d347\">\n#top .av-special-heading.av-bzdvl-bd0676c8706065e893cac3d299a6d347{\npadding-bottom:10px;\nfont-size:40px;\n}\nbody .av-special-heading.av-bzdvl-bd0676c8706065e893cac3d299a6d347 .av-special-heading-tag .heading-char{\nfont-size:25px;\n}\n#top #wrap_all .av-special-heading.av-bzdvl-bd0676c8706065e893cac3d299a6d347 .av-special-heading-tag{\nfont-size:40px;\n}\n.av-special-heading.av-bzdvl-bd0676c8706065e893cac3d299a6d347 .av-subheading{\nfont-size:15px;\n}\n\n@media only screen and (min-width: 480px) and (max-width: 767px){ \n#top #wrap_all .av-special-heading.av-bzdvl-bd0676c8706065e893cac3d299a6d347 .av-special-heading-tag{\nfont-size:0.8em;\n}\n}\n\n@media only screen and (max-width: 479px){ \n#top #wrap_all .av-special-heading.av-bzdvl-bd0676c8706065e893cac3d299a6d347 .av-special-heading-tag{\nfont-size:0.8em;\n}\n}\n<\/style>\n<div  class='av-special-heading av-bzdvl-bd0676c8706065e893cac3d299a6d347 av-special-heading-h2 blockquote modern-quote modern-centered  avia-builder-el-8  el_before_av_hr  avia-builder-el-first  av-inherit-size'><h2 class='av-special-heading-tag '  itemprop=\"headline\"  >Kontaktieren Sie uns!<\/h2><div class=\"special-heading-border\"><div class=\"special-heading-inner-border\"><\/div><\/div><\/div><br \/>\n\n<style type=\"text\/css\" data-created_by=\"avia_inline_auto\" id=\"style-css-av-btns5-e713d5a24e221604940871a51f003628\">\n#top .hr.av-btns5-e713d5a24e221604940871a51f003628{\nmargin-top:40px;\nmargin-bottom:40px;\n}\n.hr.av-btns5-e713d5a24e221604940871a51f003628 .hr-inner{\nwidth:50px;\nborder-color:#000000;\n}\n<\/style>\n<div  class='hr av-btns5-e713d5a24e221604940871a51f003628 hr-custom  avia-builder-el-9  el_after_av_heading  el_before_av_one_half  hr-center hr-icon-no'><span class='hr-inner inner-border-av-border-fat'><span class=\"hr-inner-style\"><\/span><\/span><\/div><br \/>\n<div  class='flex_column av-b0uih-748928195cebe945cc04ef15d7726101 av_one_half  avia-builder-el-10  el_after_av_hr  el_before_av_one_half  first flex_column_div  '     ><section  class='av_textblock_section av-126bl-19b0a14f4d81bca8d2e35530e13b3805 '   itemscope=\"itemscope\" itemtype=\"https:\/\/schema.org\/CreativeWork\" ><div class='avia_textblock'  itemprop=\"text\" ><h4 style=\"text-align: center;\"><strong>Wildanger Attila<\/strong><\/h4>\n<p style=\"text-align: center;\"><strong>Tischlerei<\/strong><\/p>\n<p style=\"text-align: center;\"><a href=\"tel:06205813646\">+36 20 581 3646<\/a><\/p>\n<p style=\"text-align: center;\"><a href=\"mailto:butor@wildanger.hu\"><span data-olk-copy-source=\"MessageBody\">butor@wildanger.hu<\/span><\/a><\/p>\n<\/div><\/section><\/div><div  class='flex_column av-9w1at-14451b11d31c3cda3b347a8f30dcc6d2 av_one_half  avia-builder-el-12  el_after_av_one_half  avia-builder-el-last  flex_column_div  '     ><section  class='av_textblock_section av-9d3id-ca7d52f0776515632e1106c1025d81dc '   itemscope=\"itemscope\" itemtype=\"https:\/\/schema.org\/CreativeWork\" ><div class='avia_textblock'  itemprop=\"text\" ><h4 style=\"text-align: center;\">Wildanger Zsolt<\/h4>\n<p style=\"text-align: center;\"><strong>Drechslerei<\/strong><\/p>\n<p style=\"text-align: center;\"><a href=\"tel:06205420793\">+36 20 542 0793<\/a><\/p>\n<p style=\"text-align: center;\"><a href=\"mailto:faesztergalas@wildanger.hu\"><span data-olk-copy-source=\"MessageBody\">faesztergalas@wildanger.hu<\/span><\/a><\/p>\n<\/div><\/section><\/div><\/p>\n<\/div><\/div>\n<style type=\"text\/css\" data-created_by=\"avia_inline_auto\" id=\"style-css-av-7jlhh-1709ec01181786ce0856c19d4b63597e\">\n.flex_cell.av-7jlhh-1709ec01181786ce0856c19d4b63597e{\nvertical-align:top;\n}\n.responsive #top #wrap_all .flex_cell.av-7jlhh-1709ec01181786ce0856c19d4b63597e{\npadding:30px 30px 30px 30px !important;\n}\n<\/style>\n<div class='flex_cell av-7jlhh-1709ec01181786ce0856c19d4b63597e av-gridrow-cell av_one_half no_margin  avia-builder-el-14  el_after_av_cell_one_half  avia-builder-el-last  content-align-top'  ><div class='flex_cell_inner'><div  class='flex_column av-r38x-5b75e8c2830cc8ba0b031742230f1c5b av_one_full  avia-builder-el-15  avia-builder-el-no-sibling  first flex_column_div  '     ><\/div>\n<\/div><\/div>\n<\/div><\/p>\n<div id='av_section_2'  class='avia-section av-cjqw1n-1cf03b4a5ac53c276243e17c2bf0eebf footer_color avia-section-default avia-no-border-styling  avia-builder-el-17  el_after_av_layout_row  avia-builder-el-last  avia-bg-style-scroll av-minimum-height av-minimum-height-custom av-height-custom  container_wrap fullsize'   data-av_minimum_height_px='141'><div class='container av-section-cont-open' style='height:141px'><div class='template-page content  av-content-full alpha units'><div class='post-entry post-entry-type-page post-entry-1403'><div class='entry-content-wrapper clearfix'>\n<div class='flex_column_table av-15anln-70b9f9bae8035fd620b96089a1f6b27a sc-av_one_fourth av-equal-height-column-flextable'><div  class='flex_column av-15anln-70b9f9bae8035fd620b96089a1f6b27a av_one_fourth  avia-builder-el-18  el_before_av_one_half  avia-builder-el-first  first flex_column_table_cell av-equal-height-column av-align-top  '     ><style type=\"text\/css\" data-created_by=\"avia_inline_auto\" id=\"style-css-av-97om6z-77db99bff24c6b4e838e35d25bce1877\">\n.avia-image-container.av-97om6z-77db99bff24c6b4e838e35d25bce1877 img.avia_image{\nbox-shadow:none;\n}\n.avia-image-container.av-97om6z-77db99bff24c6b4e838e35d25bce1877 .av-image-caption-overlay-center{\ncolor:#ffffff;\n}\n<\/style>\n<div  class='avia-image-container av-97om6z-77db99bff24c6b4e838e35d25bce1877 av-styling- avia-align-center  avia-builder-el-19  avia-builder-el-no-sibling '   itemprop=\"image\" itemscope=\"itemscope\" itemtype=\"https:\/\/schema.org\/ImageObject\" ><div class=\"avia-image-container-inner\"><div class=\"avia-image-overlay-wrap\"><img decoding=\"async\" fetchpriority=\"high\" class='wp-image-1776 avia-img-lazy-loading-not-1776 avia_image ' src=\"https:\/\/wildanger.hu\/wp-content\/uploads\/DSP_logo_vector.svg\" alt='' title='DSP_logo_vector'  height=\"276\" width=\"500\"  itemprop=\"thumbnailUrl\"  \/><\/div><\/div><\/div><\/div><div class='av-flex-placeholder'><\/div><div  class='flex_column av-72zk1n-cad16e9b326651686689aab94228e30c av_one_half  avia-builder-el-20  el_after_av_one_fourth  el_before_av_one_fourth  flex_column_table_cell av-equal-height-column av-align-top  '     ><style type=\"text\/css\" data-created_by=\"avia_inline_auto\" id=\"style-css-av-6frngb-796882427f1b115371407a5d479c95bd\">\n#top .av_textblock_section.av-6frngb-796882427f1b115371407a5d479c95bd .avia_textblock{\nfont-size:18px;\n}\n<\/style>\n<section  class='av_textblock_section av-6frngb-796882427f1b115371407a5d479c95bd '   itemscope=\"itemscope\" itemtype=\"https:\/\/schema.org\/CreativeWork\" ><div class='avia_textblock demjan'  itemprop=\"text\" ><p style=\"text-align: center;\">Die Website wurde im Rahmen und mit Unterst\u00fctzung des Programms von S\u00e1ndor Demj\u00e1n erstellt.<\/p>\n<\/div><\/section><\/div><div class='av-flex-placeholder'><\/div><div  class='flex_column av-4u4odn-6c04a014d51317e6e2680b2507482d99 av_one_fourth  avia-builder-el-22  el_after_av_one_half  avia-builder-el-last  flex_column_table_cell av-equal-height-column av-align-top  '     ><style type=\"text\/css\" data-created_by=\"avia_inline_auto\" id=\"style-css-av-2hmu7f-f71792c3d32f1bdbb5f2e5561a56e112\">\n.avia-image-container.av-2hmu7f-f71792c3d32f1bdbb5f2e5561a56e112 img.avia_image{\nbox-shadow:none;\n}\n.avia-image-container.av-2hmu7f-f71792c3d32f1bdbb5f2e5561a56e112 .av-image-caption-overlay-center{\ncolor:#ffffff;\n}\n<\/style>\n<div  class='avia-image-container av-2hmu7f-f71792c3d32f1bdbb5f2e5561a56e112 av-styling- avia-align-center  avia-builder-el-23  avia-builder-el-no-sibling '   itemprop=\"image\" itemscope=\"itemscope\" itemtype=\"https:\/\/schema.org\/ImageObject\" ><div class=\"avia-image-container-inner\"><div class=\"avia-image-overlay-wrap\"><img decoding=\"async\" fetchpriority=\"high\" class='wp-image-1777 avia-img-lazy-loading-not-1777 avia_image ' src=\"https:\/\/wildanger.hu\/wp-content\/uploads\/NEUM_logo_vector.svg\" alt='' title='NEUM_logo_vector'  height=\"176\" width=\"500\"  itemprop=\"thumbnailUrl\"  \/><\/div><\/div><\/div><\/div><\/div><!--close column table wrapper. Autoclose: 1 -->\n\n","protected":false},"excerpt":{"rendered":"","protected":false},"author":1,"featured_media":0,"parent":0,"menu_order":0,"comment_status":"open","ping_status":"closed","template":"","meta":{"footnotes":""},"class_list":["post-1403","page","type-page","status-publish","hentry"],"yoast_head":"<!-- This site is optimized with the Yoast SEO Premium plugin v26.9 (Yoast SEO v26.9) - https:\/\/yoast.com\/product\/yoast-seo-premium-wordpress\/ -->\n<title>Kontakt - Wildanger<\/title>\n<meta name=\"robots\" content=\"index, follow, max-snippet:-1, max-image-preview:large, max-video-preview:-1\" \/>\n<link rel=\"canonical\" href=\"https:\/\/wildanger.hu\/de\/kontakt\/\" \/>\n<meta property=\"og:locale\" content=\"de_DE\" \/>\n<meta property=\"og:type\" content=\"article\" \/>\n<meta property=\"og:title\" content=\"Kontakt\" \/>\n<meta property=\"og:url\" content=\"https:\/\/wildanger.hu\/de\/kontakt\/\" \/>\n<meta property=\"og:site_name\" content=\"Wildanger\" \/>\n<meta property=\"article:modified_time\" content=\"2026-02-17T13:51:23+00:00\" \/>\n<meta name=\"twitter:card\" content=\"summary_large_image\" \/>\n<meta name=\"twitter:label1\" content=\"Gesch\u00e4tzte Lesezeit\" \/>\n\t<meta name=\"twitter:data1\" content=\"1\u00a0Minute\" \/>\n<script type=\"application\/ld+json\" class=\"yoast-schema-graph\">{\"@context\":\"https:\/\/schema.org\",\"@graph\":[{\"@type\":\"WebPage\",\"@id\":\"https:\/\/wildanger.hu\/de\/kontakt\/\",\"url\":\"https:\/\/wildanger.hu\/de\/kontakt\/\",\"name\":\"Kontakt - Wildanger\",\"isPartOf\":{\"@id\":\"https:\/\/wildanger.hu\/#website\"},\"datePublished\":\"2015-02-22T19:09:33+00:00\",\"dateModified\":\"2026-02-17T13:51:23+00:00\",\"breadcrumb\":{\"@id\":\"https:\/\/wildanger.hu\/de\/kontakt\/#breadcrumb\"},\"inLanguage\":\"de\",\"potentialAction\":[{\"@type\":\"ReadAction\",\"target\":[\"https:\/\/wildanger.hu\/de\/kontakt\/\"]}]},{\"@type\":\"BreadcrumbList\",\"@id\":\"https:\/\/wildanger.hu\/de\/kontakt\/#breadcrumb\",\"itemListElement\":[{\"@type\":\"ListItem\",\"position\":1,\"name\":\"Kezd\u0151lap\",\"item\":\"https:\/\/wildanger.hu\/de\/startseite\/\"},{\"@type\":\"ListItem\",\"position\":2,\"name\":\"Kontakt\"}]},{\"@type\":\"WebSite\",\"@id\":\"https:\/\/wildanger.hu\/#website\",\"url\":\"https:\/\/wildanger.hu\/\",\"name\":\"Wildanger\",\"description\":\"\",\"potentialAction\":[{\"@type\":\"SearchAction\",\"target\":{\"@type\":\"EntryPoint\",\"urlTemplate\":\"https:\/\/wildanger.hu\/?s={search_term_string}\"},\"query-input\":{\"@type\":\"PropertyValueSpecification\",\"valueRequired\":true,\"valueName\":\"search_term_string\"}}],\"inLanguage\":\"de\"}]}<\/script>\n<!-- \/ Yoast SEO Premium plugin. -->","yoast_head_json":{"title":"Kontakt - Wildanger","robots":{"index":"index","follow":"follow","max-snippet":"max-snippet:-1","max-image-preview":"max-image-preview:large","max-video-preview":"max-video-preview:-1"},"canonical":"https:\/\/wildanger.hu\/de\/kontakt\/","og_locale":"de_DE","og_type":"article","og_title":"Kontakt","og_url":"https:\/\/wildanger.hu\/de\/kontakt\/","og_site_name":"Wildanger","article_modified_time":"2026-02-17T13:51:23+00:00","twitter_card":"summary_large_image","twitter_misc":{"Gesch\u00e4tzte Lesezeit":"1\u00a0Minute"},"schema":{"@context":"https:\/\/schema.org","@graph":[{"@type":"WebPage","@id":"https:\/\/wildanger.hu\/de\/kontakt\/","url":"https:\/\/wildanger.hu\/de\/kontakt\/","name":"Kontakt - Wildanger","isPartOf":{"@id":"https:\/\/wildanger.hu\/#website"},"datePublished":"2015-02-22T19:09:33+00:00","dateModified":"2026-02-17T13:51:23+00:00","breadcrumb":{"@id":"https:\/\/wildanger.hu\/de\/kontakt\/#breadcrumb"},"inLanguage":"de","potentialAction":[{"@type":"ReadAction","target":["https:\/\/wildanger.hu\/de\/kontakt\/"]}]},{"@type":"BreadcrumbList","@id":"https:\/\/wildanger.hu\/de\/kontakt\/#breadcrumb","itemListElement":[{"@type":"ListItem","position":1,"name":"Kezd\u0151lap","item":"https:\/\/wildanger.hu\/de\/startseite\/"},{"@type":"ListItem","position":2,"name":"Kontakt"}]},{"@type":"WebSite","@id":"https:\/\/wildanger.hu\/#website","url":"https:\/\/wildanger.hu\/","name":"Wildanger","description":"","potentialAction":[{"@type":"SearchAction","target":{"@type":"EntryPoint","urlTemplate":"https:\/\/wildanger.hu\/?s={search_term_string}"},"query-input":{"@type":"PropertyValueSpecification","valueRequired":true,"valueName":"search_term_string"}}],"inLanguage":"de"}]}},"_links":{"self":[{"href":"https:\/\/wildanger.hu\/de\/wp-json\/wp\/v2\/pages\/1403","targetHints":{"allow":["GET"]}}],"collection":[{"href":"https:\/\/wildanger.hu\/de\/wp-json\/wp\/v2\/pages"}],"about":[{"href":"https:\/\/wildanger.hu\/de\/wp-json\/wp\/v2\/types\/page"}],"author":[{"embeddable":true,"href":"https:\/\/wildanger.hu\/de\/wp-json\/wp\/v2\/users\/1"}],"replies":[{"embeddable":true,"href":"https:\/\/wildanger.hu\/de\/wp-json\/wp\/v2\/comments?post=1403"}],"version-history":[{"count":5,"href":"https:\/\/wildanger.hu\/de\/wp-json\/wp\/v2\/pages\/1403\/revisions"}],"predecessor-version":[{"id":2167,"href":"https:\/\/wildanger.hu\/de\/wp-json\/wp\/v2\/pages\/1403\/revisions\/2167"}],"wp:attachment":[{"href":"https:\/\/wildanger.hu\/de\/wp-json\/wp\/v2\/media?parent=1403"}],"curies":[{"name":"wp","href":"https:\/\/api.w.org\/{rel}","templated":true}]}}