{"id":1339,"date":"2025-11-18T12:37:13","date_gmt":"2025-11-18T11:37:13","guid":{"rendered":"https:\/\/wildanger.hu\/?page_id=1339"},"modified":"2026-02-17T15:15:53","modified_gmt":"2026-02-17T14:15:53","slug":"nuss-spender","status":"publish","type":"page","link":"https:\/\/wildanger.hu\/de\/drechslerei\/unsere-produkte\/nuss-spender\/","title":{"rendered":"Nuss-Spender"},"content":{"rendered":"\n<style type=\"text\/css\" data-created_by=\"avia_inline_auto\" id=\"style-css-av-mj16f1ft-7caf1738512b705e84925e5f0f85033a\">\n.avia-section.av-mj16f1ft-7caf1738512b705e84925e5f0f85033a .av-parallax .av-parallax-inner{\nbackground-repeat:no-repeat;\nbackground-image:url(https:\/\/wildanger.hu\/wp-content\/uploads\/Mogyi-adagolok-1030x464.jpg);\nbackground-position:50% 50%;\nbackground-attachment:scroll;\n}\n.avia-section.av-mj16f1ft-7caf1738512b705e84925e5f0f85033a .av-section-color-overlay{\nopacity:0.2;\nbackground-color:#2b1a08;\n}\n<\/style>\n<div id='av_section_1'  class='avia-section av-mj16f1ft-7caf1738512b705e84925e5f0f85033a main_color avia-section-large avia-no-border-styling  avia-builder-el-0  el_before_av_section  avia-builder-el-first  avia-full-stretch av-parallax-section avia-bg-style-parallax av-section-color-overlay-active av-minimum-height av-minimum-height-50 av-height-50  container_wrap fullsize'  data-section-bg-repeat='stretch' data-av_minimum_height_pc='50' data-av_min_height_opt='50'><div class='av-parallax' data-avia-parallax-ratio='0.3' ><div class='av-parallax-inner main_color avia-full-stretch'><\/div><\/div><div class=\"av-section-color-overlay-wrap\"><div class=\"av-section-color-overlay\"><\/div><div class='container av-section-cont-open' ><main  role=\"main\" itemprop=\"mainContentOfPage\"  class='template-page content  av-content-full alpha units'><div class='post-entry post-entry-type-page post-entry-1339'><div class='entry-content-wrapper clearfix'>\n<div  class='flex_column av-r3r23-1c6bfaf65a62d169a50345ce4a9383cf av_one_fifth  avia-builder-el-1  el_before_av_three_fifth  avia-builder-el-first  first flex_column_div  '     ><\/div><div  class='flex_column av-lr2bv-69389166b6b0edc420a0c7529e8039a8 av_three_fifth  avia-builder-el-2  el_after_av_one_fifth  el_before_av_one_fifth  flex_column_div  '     ><p>\n<style type=\"text\/css\" data-created_by=\"avia_inline_auto\" id=\"style-css-av-mi36xkpj-d3fb83429a7fd8cb5d84880c47b478a8\">\n#top .av-special-heading.av-mi36xkpj-d3fb83429a7fd8cb5d84880c47b478a8{\npadding-bottom:10px;\ncolor:#ffffff;\nfont-size:40px;\n}\nbody .av-special-heading.av-mi36xkpj-d3fb83429a7fd8cb5d84880c47b478a8 .av-special-heading-tag .heading-char{\nfont-size:25px;\n}\n#top #wrap_all .av-special-heading.av-mi36xkpj-d3fb83429a7fd8cb5d84880c47b478a8 .av-special-heading-tag{\nfont-size:40px;\n}\n.av-special-heading.av-mi36xkpj-d3fb83429a7fd8cb5d84880c47b478a8 .special-heading-inner-border{\nborder-color:#ffffff;\n}\n.av-special-heading.av-mi36xkpj-d3fb83429a7fd8cb5d84880c47b478a8 .av-subheading{\nfont-size:15px;\n}\n\n@media only screen and (min-width: 480px) and (max-width: 767px){ \n#top #wrap_all .av-special-heading.av-mi36xkpj-d3fb83429a7fd8cb5d84880c47b478a8 .av-special-heading-tag{\nfont-size:0.8em;\n}\n}\n\n@media only screen and (max-width: 479px){ \n#top #wrap_all .av-special-heading.av-mi36xkpj-d3fb83429a7fd8cb5d84880c47b478a8 .av-special-heading-tag{\nfont-size:0.8em;\n}\n}\n<\/style>\n<div  class='av-special-heading av-mi36xkpj-d3fb83429a7fd8cb5d84880c47b478a8 av-special-heading-h1 custom-color-heading blockquote modern-quote modern-centered  avia-builder-el-3  el_before_av_hr  avia-builder-el-first  av-inherit-size'><h1 class='av-special-heading-tag '  itemprop=\"headline\"  >Nuss-Spender<\/h1><div class=\"special-heading-border\"><div class=\"special-heading-inner-border\"><\/div><\/div><\/div><br \/>\n\n<style type=\"text\/css\" data-created_by=\"avia_inline_auto\" id=\"style-css-av-h6jhn-34606b1224ec997edeaf7b6e30924210\">\n#top .hr.av-h6jhn-34606b1224ec997edeaf7b6e30924210{\nmargin-top:40px;\nmargin-bottom:40px;\n}\n.hr.av-h6jhn-34606b1224ec997edeaf7b6e30924210 .hr-inner{\nwidth:50px;\nborder-color:#ffffff;\n}\n<\/style>\n<div  class='hr av-h6jhn-34606b1224ec997edeaf7b6e30924210 hr-custom  avia-builder-el-4  el_after_av_heading  avia-builder-el-last  hr-center hr-icon-no'><span class='hr-inner inner-border-av-border-fat'><span class=\"hr-inner-style\"><\/span><\/span><\/div><\/p><\/div><div  class='flex_column av-76fr7-bec01d2d95fa267dca99ef614100c09c av_one_fifth  avia-builder-el-5  el_after_av_three_fifth  avia-builder-el-last  flex_column_div  '     ><\/div>\n\n<\/div><\/div><\/main><!-- close content main element --><\/div><\/div><\/div><div id='av_section_2'  class='avia-section av-8u4mf-878693cf1da2c16e7e950c96ecf433d9 main_color avia-section-default avia-no-border-styling  avia-builder-el-6  el_after_av_section  el_before_av_section  avia-bg-style-scroll container_wrap fullsize'  ><div class='container av-section-cont-open' ><div class='template-page content  av-content-full alpha units'><div class='post-entry post-entry-type-page post-entry-1339'><div class='entry-content-wrapper clearfix'>\n<div id='av-masonry-1' class='av-masonry av-mi36z3lo-58aee9844ea4d86672da884915b8ae71 noHover av-fixed-size av-large-gap av-hover-overlay- av-masonry-animation-active av-masonry-col-4 av-caption-always av-caption-style- av-masonry-gallery av-orientation-square ' data-post_id=\"1339\"><div class=\"av-masonry-container isotope av-js-disabled\"><div class='av-masonry-entry isotope-item av-masonry-item-no-image '><\/div><a href=\"https:\/\/wildanger.hu\/wp-content\/uploads\/Mogyi-adagolok-1030x464.jpg\" data-srcset=\"https:\/\/wildanger.hu\/wp-content\/uploads\/Mogyi-adagolok-1030x464.jpg 1030w, https:\/\/wildanger.hu\/wp-content\/uploads\/Mogyi-adagolok-300x135.jpg 300w, https:\/\/wildanger.hu\/wp-content\/uploads\/Mogyi-adagolok-768x346.jpg 768w, https:\/\/wildanger.hu\/wp-content\/uploads\/Mogyi-adagolok-1536x691.jpg 1536w, https:\/\/wildanger.hu\/wp-content\/uploads\/Mogyi-adagolok-2048x922.jpg 2048w, https:\/\/wildanger.hu\/wp-content\/uploads\/Mogyi-adagolok-1500x675.jpg 1500w, https:\/\/wildanger.hu\/wp-content\/uploads\/Mogyi-adagolok-705x317.jpg 705w\" data-sizes=\"(max-width: 1030px) 100vw, 1030px\"  aria-label=\"Bild Mogyi adagol\u00f3k\"  id='av-masonry-1-item-1338' data-av-masonry-item='1338' class='av-masonry-entry isotope-item post-1338 attachment type-attachment status-inherit hentry  av-masonry-item-with-image' title=\"\" alt=\"\"    itemprop=\"thumbnailUrl\" ><div class='av-inner-masonry-sizer'><\/div><figure class='av-inner-masonry main_color'><div class=\"av-masonry-outerimage-container\"><div class='av-masonry-image-container lazyload' style=\"background-image:inherit;\"  title=\"Mogyi adagol\u00f3k\"  data-bg-image=\"url(https:\/\/wildanger.hu\/wp-content\/uploads\/Mogyi-adagolok-705x317.jpg)\"><\/div><\/div><\/figure><\/a><!--end av-masonry entry--><a href=\"https:\/\/wildanger.hu\/wp-content\/uploads\/Mogyoro-adagolok-1030x773.jpg\" data-srcset=\"https:\/\/wildanger.hu\/wp-content\/uploads\/Mogyoro-adagolok-1030x773.jpg 1030w, https:\/\/wildanger.hu\/wp-content\/uploads\/Mogyoro-adagolok-300x225.jpg 300w, https:\/\/wildanger.hu\/wp-content\/uploads\/Mogyoro-adagolok-768x576.jpg 768w, https:\/\/wildanger.hu\/wp-content\/uploads\/Mogyoro-adagolok-1536x1152.jpg 1536w, https:\/\/wildanger.hu\/wp-content\/uploads\/Mogyoro-adagolok-2048x1536.jpg 2048w, https:\/\/wildanger.hu\/wp-content\/uploads\/Mogyoro-adagolok-1500x1125.jpg 1500w, https:\/\/wildanger.hu\/wp-content\/uploads\/Mogyoro-adagolok-705x529.jpg 705w\" data-sizes=\"(max-width: 1030px) 100vw, 1030px\"  aria-label=\"Bild Mogyor\u00f3 adagol\u00f3k\"  id='av-masonry-1-item-1315' data-av-masonry-item='1315' class='av-masonry-entry isotope-item post-1315 attachment type-attachment status-inherit hentry  av-masonry-item-with-image' title=\"\" alt=\"\"    itemprop=\"thumbnailUrl\" ><div class='av-inner-masonry-sizer'><\/div><figure class='av-inner-masonry main_color'><div class=\"av-masonry-outerimage-container\"><div class='av-masonry-image-container lazyload' style=\"background-image:inherit;\"  title=\"Mogyor\u00f3 adagol\u00f3k\"  data-bg-image=\"url(https:\/\/wildanger.hu\/wp-content\/uploads\/Mogyoro-adagolok-705x529.jpg)\"><\/div><\/div><\/figure><\/a><!--end av-masonry entry--><\/div><\/div>\n\n<\/div><\/div><\/div><!-- close content main div --><\/div><\/div><div id='av_section_3'  class='avia-section av-c5uugb-bb7466c5884ca0624d4dee520448e51e footer_color avia-section-default avia-no-border-styling  avia-builder-el-8  el_after_av_section  avia-builder-el-last  avia-bg-style-scroll av-minimum-height av-minimum-height-custom av-height-custom  container_wrap fullsize'   data-av_minimum_height_px='141'><div class='container av-section-cont-open' style='height:141px'><div class='template-page content  av-content-full alpha units'><div class='post-entry post-entry-type-page post-entry-1339'><div class='entry-content-wrapper clearfix'>\n<div class='flex_column_table av-bdbr57-40577ea2a835ac4e2164574289defd86 sc-av_one_fourth av-equal-height-column-flextable'><div  class='flex_column av-bdbr57-40577ea2a835ac4e2164574289defd86 av_one_fourth  avia-builder-el-9  el_before_av_one_half  avia-builder-el-first  first flex_column_table_cell av-equal-height-column av-align-top  '     ><style type=\"text\/css\" data-created_by=\"avia_inline_auto\" id=\"style-css-av-9fmr2j-1edf3b25b2ecd3bbe360629136be83f6\">\n.avia-image-container.av-9fmr2j-1edf3b25b2ecd3bbe360629136be83f6 img.avia_image{\nbox-shadow:none;\n}\n.avia-image-container.av-9fmr2j-1edf3b25b2ecd3bbe360629136be83f6 .av-image-caption-overlay-center{\ncolor:#ffffff;\n}\n<\/style>\n<div  class='avia-image-container av-9fmr2j-1edf3b25b2ecd3bbe360629136be83f6 av-styling- avia-align-center  avia-builder-el-10  avia-builder-el-no-sibling '   itemprop=\"image\" itemscope=\"itemscope\" itemtype=\"https:\/\/schema.org\/ImageObject\" ><div class=\"avia-image-container-inner\"><div class=\"avia-image-overlay-wrap\"><img decoding=\"async\" fetchpriority=\"high\" class='wp-image-1776 avia-img-lazy-loading-not-1776 avia_image ' src=\"https:\/\/wildanger.hu\/wp-content\/uploads\/DSP_logo_vector.svg\" alt='' title='DSP_logo_vector'  height=\"276\" width=\"500\"  itemprop=\"thumbnailUrl\"  \/><\/div><\/div><\/div><\/div><div class='av-flex-placeholder'><\/div><div  class='flex_column av-6ujex7-f5355169ec8c458dfd82787a92efdd59 av_one_half  avia-builder-el-11  el_after_av_one_fourth  el_before_av_one_fourth  flex_column_table_cell av-equal-height-column av-align-top  '     ><style type=\"text\/css\" data-created_by=\"avia_inline_auto\" id=\"style-css-av-617dy3-5d8d0a87effea4bc6444c663a14b9b8e\">\n#top .av_textblock_section.av-617dy3-5d8d0a87effea4bc6444c663a14b9b8e .avia_textblock{\nfont-size:18px;\n}\n<\/style>\n<section  class='av_textblock_section av-617dy3-5d8d0a87effea4bc6444c663a14b9b8e '   itemscope=\"itemscope\" itemtype=\"https:\/\/schema.org\/CreativeWork\" ><div class='avia_textblock demjan'  itemprop=\"text\" ><p style=\"text-align: center;\">Die Website wurde im Rahmen und mit Unterst\u00fctzung des Programms von S\u00e1ndor Demj\u00e1n erstellt.<\/p>\n<\/div><\/section><\/div><div class='av-flex-placeholder'><\/div><div  class='flex_column av-egv17-9e5f97b7397f145863f281d03a9c94e1 av_one_fourth  avia-builder-el-13  el_after_av_one_half  avia-builder-el-last  flex_column_table_cell av-equal-height-column av-align-top  '     ><style type=\"text\/css\" data-created_by=\"avia_inline_auto\" id=\"style-css-av-2ypz7v-72cb60b0e5db6c940e34d5271adb2a58\">\n.avia-image-container.av-2ypz7v-72cb60b0e5db6c940e34d5271adb2a58 img.avia_image{\nbox-shadow:none;\n}\n.avia-image-container.av-2ypz7v-72cb60b0e5db6c940e34d5271adb2a58 .av-image-caption-overlay-center{\ncolor:#ffffff;\n}\n<\/style>\n<div  class='avia-image-container av-2ypz7v-72cb60b0e5db6c940e34d5271adb2a58 av-styling- avia-align-center  avia-builder-el-14  avia-builder-el-no-sibling '   itemprop=\"image\" itemscope=\"itemscope\" itemtype=\"https:\/\/schema.org\/ImageObject\" ><div class=\"avia-image-container-inner\"><div class=\"avia-image-overlay-wrap\"><img decoding=\"async\" fetchpriority=\"high\" class='wp-image-1777 avia-img-lazy-loading-not-1777 avia_image ' src=\"https:\/\/wildanger.hu\/wp-content\/uploads\/NEUM_logo_vector.svg\" alt='' title='NEUM_logo_vector'  height=\"176\" width=\"500\"  itemprop=\"thumbnailUrl\"  \/><\/div><\/div><\/div><\/div><\/div><!--close column table wrapper. Autoclose: 1 -->\n\n","protected":false},"excerpt":{"rendered":"","protected":false},"author":1,"featured_media":0,"parent":1318,"menu_order":0,"comment_status":"closed","ping_status":"closed","template":"","meta":{"footnotes":""},"class_list":["post-1339","page","type-page","status-publish","hentry"],"yoast_head":"<!-- This site is optimized with the Yoast SEO Premium plugin v26.9 (Yoast SEO v26.9) - https:\/\/yoast.com\/product\/yoast-seo-premium-wordpress\/ -->\n<title>Nuss-Spender - Wildanger<\/title>\n<meta name=\"robots\" content=\"index, follow, max-snippet:-1, max-image-preview:large, max-video-preview:-1\" \/>\n<link rel=\"canonical\" href=\"https:\/\/wildanger.hu\/de\/drechslerei\/unsere-produkte\/nuss-spender\/\" \/>\n<meta property=\"og:locale\" content=\"de_DE\" \/>\n<meta property=\"og:type\" content=\"article\" \/>\n<meta property=\"og:title\" content=\"Nuss-Spender\" \/>\n<meta property=\"og:url\" content=\"https:\/\/wildanger.hu\/de\/drechslerei\/unsere-produkte\/nuss-spender\/\" \/>\n<meta property=\"og:site_name\" content=\"Wildanger\" \/>\n<meta property=\"article:modified_time\" content=\"2026-02-17T14:15:53+00:00\" \/>\n<meta name=\"twitter:card\" content=\"summary_large_image\" \/>\n<script type=\"application\/ld+json\" class=\"yoast-schema-graph\">{\"@context\":\"https:\/\/schema.org\",\"@graph\":[{\"@type\":\"WebPage\",\"@id\":\"https:\/\/wildanger.hu\/de\/drechslerei\/unsere-produkte\/nuss-spender\/\",\"url\":\"https:\/\/wildanger.hu\/de\/drechslerei\/unsere-produkte\/nuss-spender\/\",\"name\":\"Nuss-Spender - Wildanger\",\"isPartOf\":{\"@id\":\"https:\/\/wildanger.hu\/#website\"},\"datePublished\":\"2025-11-18T11:37:13+00:00\",\"dateModified\":\"2026-02-17T14:15:53+00:00\",\"breadcrumb\":{\"@id\":\"https:\/\/wildanger.hu\/de\/drechslerei\/unsere-produkte\/nuss-spender\/#breadcrumb\"},\"inLanguage\":\"de\",\"potentialAction\":[{\"@type\":\"ReadAction\",\"target\":[\"https:\/\/wildanger.hu\/de\/drechslerei\/unsere-produkte\/nuss-spender\/\"]}]},{\"@type\":\"BreadcrumbList\",\"@id\":\"https:\/\/wildanger.hu\/de\/drechslerei\/unsere-produkte\/nuss-spender\/#breadcrumb\",\"itemListElement\":[{\"@type\":\"ListItem\",\"position\":1,\"name\":\"Kezd\u0151lap\",\"item\":\"https:\/\/wildanger.hu\/de\/startseite\/\"},{\"@type\":\"ListItem\",\"position\":2,\"name\":\"Drechslerei\",\"item\":\"https:\/\/wildanger.hu\/de\/drechslerei\/\"},{\"@type\":\"ListItem\",\"position\":3,\"name\":\"Unsere Produkte\",\"item\":\"https:\/\/wildanger.hu\/de\/drechslerei\/unsere-produkte\/\"},{\"@type\":\"ListItem\",\"position\":4,\"name\":\"Nuss-Spender\"}]},{\"@type\":\"WebSite\",\"@id\":\"https:\/\/wildanger.hu\/#website\",\"url\":\"https:\/\/wildanger.hu\/\",\"name\":\"Wildanger\",\"description\":\"\",\"potentialAction\":[{\"@type\":\"SearchAction\",\"target\":{\"@type\":\"EntryPoint\",\"urlTemplate\":\"https:\/\/wildanger.hu\/?s={search_term_string}\"},\"query-input\":{\"@type\":\"PropertyValueSpecification\",\"valueRequired\":true,\"valueName\":\"search_term_string\"}}],\"inLanguage\":\"de\"}]}<\/script>\n<!-- \/ Yoast SEO Premium plugin. -->","yoast_head_json":{"title":"Nuss-Spender - Wildanger","robots":{"index":"index","follow":"follow","max-snippet":"max-snippet:-1","max-image-preview":"max-image-preview:large","max-video-preview":"max-video-preview:-1"},"canonical":"https:\/\/wildanger.hu\/de\/drechslerei\/unsere-produkte\/nuss-spender\/","og_locale":"de_DE","og_type":"article","og_title":"Nuss-Spender","og_url":"https:\/\/wildanger.hu\/de\/drechslerei\/unsere-produkte\/nuss-spender\/","og_site_name":"Wildanger","article_modified_time":"2026-02-17T14:15:53+00:00","twitter_card":"summary_large_image","schema":{"@context":"https:\/\/schema.org","@graph":[{"@type":"WebPage","@id":"https:\/\/wildanger.hu\/de\/drechslerei\/unsere-produkte\/nuss-spender\/","url":"https:\/\/wildanger.hu\/de\/drechslerei\/unsere-produkte\/nuss-spender\/","name":"Nuss-Spender - Wildanger","isPartOf":{"@id":"https:\/\/wildanger.hu\/#website"},"datePublished":"2025-11-18T11:37:13+00:00","dateModified":"2026-02-17T14:15:53+00:00","breadcrumb":{"@id":"https:\/\/wildanger.hu\/de\/drechslerei\/unsere-produkte\/nuss-spender\/#breadcrumb"},"inLanguage":"de","potentialAction":[{"@type":"ReadAction","target":["https:\/\/wildanger.hu\/de\/drechslerei\/unsere-produkte\/nuss-spender\/"]}]},{"@type":"BreadcrumbList","@id":"https:\/\/wildanger.hu\/de\/drechslerei\/unsere-produkte\/nuss-spender\/#breadcrumb","itemListElement":[{"@type":"ListItem","position":1,"name":"Kezd\u0151lap","item":"https:\/\/wildanger.hu\/de\/startseite\/"},{"@type":"ListItem","position":2,"name":"Drechslerei","item":"https:\/\/wildanger.hu\/de\/drechslerei\/"},{"@type":"ListItem","position":3,"name":"Unsere Produkte","item":"https:\/\/wildanger.hu\/de\/drechslerei\/unsere-produkte\/"},{"@type":"ListItem","position":4,"name":"Nuss-Spender"}]},{"@type":"WebSite","@id":"https:\/\/wildanger.hu\/#website","url":"https:\/\/wildanger.hu\/","name":"Wildanger","description":"","potentialAction":[{"@type":"SearchAction","target":{"@type":"EntryPoint","urlTemplate":"https:\/\/wildanger.hu\/?s={search_term_string}"},"query-input":{"@type":"PropertyValueSpecification","valueRequired":true,"valueName":"search_term_string"}}],"inLanguage":"de"}]}},"_links":{"self":[{"href":"https:\/\/wildanger.hu\/de\/wp-json\/wp\/v2\/pages\/1339","targetHints":{"allow":["GET"]}}],"collection":[{"href":"https:\/\/wildanger.hu\/de\/wp-json\/wp\/v2\/pages"}],"about":[{"href":"https:\/\/wildanger.hu\/de\/wp-json\/wp\/v2\/types\/page"}],"author":[{"embeddable":true,"href":"https:\/\/wildanger.hu\/de\/wp-json\/wp\/v2\/users\/1"}],"replies":[{"embeddable":true,"href":"https:\/\/wildanger.hu\/de\/wp-json\/wp\/v2\/comments?post=1339"}],"version-history":[{"count":7,"href":"https:\/\/wildanger.hu\/de\/wp-json\/wp\/v2\/pages\/1339\/revisions"}],"predecessor-version":[{"id":2222,"href":"https:\/\/wildanger.hu\/de\/wp-json\/wp\/v2\/pages\/1339\/revisions\/2222"}],"up":[{"embeddable":true,"href":"https:\/\/wildanger.hu\/de\/wp-json\/wp\/v2\/pages\/1318"}],"wp:attachment":[{"href":"https:\/\/wildanger.hu\/de\/wp-json\/wp\/v2\/media?parent=1339"}],"curies":[{"name":"wp","href":"https:\/\/api.w.org\/{rel}","templated":true}]}}