{"id":1306,"date":"2025-11-19T13:14:45","date_gmt":"2025-11-19T12:14:45","guid":{"rendered":"https:\/\/wildanger.hu\/?page_id=1306"},"modified":"2026-02-17T15:20:47","modified_gmt":"2026-02-17T14:20:47","slug":"drechsel-videos","status":"publish","type":"page","link":"https:\/\/wildanger.hu\/de\/drechslerei\/drechsel-videos\/","title":{"rendered":"Drechsel-Videos"},"content":{"rendered":"\n<style type=\"text\/css\" data-created_by=\"avia_inline_auto\" id=\"style-css-av-j1flo-9878f2040b718730a678fe1a776ceb5c\">\n.avia-section.av-j1flo-9878f2040b718730a678fe1a776ceb5c .av-parallax .av-parallax-inner{\nbackground-repeat:no-repeat;\nbackground-image:url(https:\/\/wildanger.hu\/wp-content\/uploads\/Esztergalas-vidok-boritokep-1030x370.jpg);\nbackground-position:50% 50%;\nbackground-attachment:scroll;\n}\n.avia-section.av-j1flo-9878f2040b718730a678fe1a776ceb5c .av-section-color-overlay{\nopacity:0.1;\nbackground-color:#2b1a08;\n}\n<\/style>\n<div id='av_section_1'  class='avia-section av-j1flo-9878f2040b718730a678fe1a776ceb5c main_color avia-section-large avia-no-border-styling  avia-builder-el-0  el_before_av_section  avia-builder-el-first  avia-full-stretch av-parallax-section avia-bg-style-parallax av-section-color-overlay-active av-minimum-height av-minimum-height-50 av-height-50  container_wrap fullsize'  data-section-bg-repeat='stretch' data-av_minimum_height_pc='50' data-av_min_height_opt='50'><div class='av-parallax' data-avia-parallax-ratio='0.3' ><div class='av-parallax-inner main_color avia-full-stretch'><\/div><\/div><div class=\"av-section-color-overlay-wrap\"><div class=\"av-section-color-overlay\"><\/div><div class='container av-section-cont-open' ><main  role=\"main\" itemprop=\"mainContentOfPage\"  class='template-page content  av-content-full alpha units'><div class='post-entry post-entry-type-page post-entry-1306'><div class='entry-content-wrapper clearfix'>\n<div  class='flex_column av-gix44-d19ba8a559e0e8720e55cb9faa12f340 av_one_fifth  avia-builder-el-1  el_before_av_three_fifth  avia-builder-el-first  first flex_column_div  '     ><\/div><div  class='flex_column av-391ylw-1133b9726a1c1c2f1f99f6afe6cdc40d av_three_fifth  avia-builder-el-2  el_after_av_one_fifth  el_before_av_one_fifth  flex_column_div  '     ><p>\n<style type=\"text\/css\" data-created_by=\"avia_inline_auto\" id=\"style-css-av-324v0k-918d59efa900d2adad9efc82f910aca9\">\n#top .av-special-heading.av-324v0k-918d59efa900d2adad9efc82f910aca9{\npadding-bottom:10px;\ncolor:#ffffff;\nfont-size:40px;\n}\nbody .av-special-heading.av-324v0k-918d59efa900d2adad9efc82f910aca9 .av-special-heading-tag .heading-char{\nfont-size:25px;\n}\n#top #wrap_all .av-special-heading.av-324v0k-918d59efa900d2adad9efc82f910aca9 .av-special-heading-tag{\nfont-size:40px;\n}\n.av-special-heading.av-324v0k-918d59efa900d2adad9efc82f910aca9 .special-heading-inner-border{\nborder-color:#ffffff;\n}\n.av-special-heading.av-324v0k-918d59efa900d2adad9efc82f910aca9 .av-subheading{\nfont-size:15px;\n}\n\n@media only screen and (min-width: 480px) and (max-width: 767px){ \n#top #wrap_all .av-special-heading.av-324v0k-918d59efa900d2adad9efc82f910aca9 .av-special-heading-tag{\nfont-size:0.8em;\n}\n}\n\n@media only screen and (max-width: 479px){ \n#top #wrap_all .av-special-heading.av-324v0k-918d59efa900d2adad9efc82f910aca9 .av-special-heading-tag{\nfont-size:0.8em;\n}\n}\n<\/style>\n<div  class='av-special-heading av-324v0k-918d59efa900d2adad9efc82f910aca9 av-special-heading-h1 custom-color-heading blockquote modern-quote modern-centered  avia-builder-el-3  el_before_av_hr  avia-builder-el-first  av-inherit-size'><h1 class='av-special-heading-tag '  itemprop=\"headline\"  >Drechsel videos<\/h1><div class=\"special-heading-border\"><div class=\"special-heading-inner-border\"><\/div><\/div><\/div><br \/>\n\n<style type=\"text\/css\" data-created_by=\"avia_inline_auto\" id=\"style-css-av-2w11fo-dc361a6e1ac29866758d53f853e5f747\">\n#top .hr.av-2w11fo-dc361a6e1ac29866758d53f853e5f747{\nmargin-top:40px;\nmargin-bottom:40px;\n}\n.hr.av-2w11fo-dc361a6e1ac29866758d53f853e5f747 .hr-inner{\nwidth:50px;\nborder-color:#ffffff;\n}\n<\/style>\n<div  class='hr av-2w11fo-dc361a6e1ac29866758d53f853e5f747 hr-custom  avia-builder-el-4  el_after_av_heading  avia-builder-el-last  hr-center hr-icon-no'><span class='hr-inner inner-border-av-border-fat'><span class=\"hr-inner-style\"><\/span><\/span><\/div><\/p><\/div><div  class='flex_column av-b9pdw-775c14a5995f2a79b9dd16bb8656d5ea av_one_fifth  avia-builder-el-5  el_after_av_three_fifth  avia-builder-el-last  flex_column_div  '     ><\/div>\n\n<\/div><\/div><\/main><!-- close content main element --><\/div><\/div><\/div><div id='av_section_2'  class='avia-section av-2l4cv0-a1fc67cc3dcb413105a2d39e1bfe4c08 main_color avia-section-default avia-no-border-styling  avia-builder-el-6  el_after_av_section  el_before_av_section  avia-bg-style-scroll container_wrap fullsize'  ><div class='container av-section-cont-open' ><div class='template-page content  av-content-full alpha units'><div class='post-entry post-entry-type-page post-entry-1306'><div class='entry-content-wrapper clearfix'>\n<div class='flex_column_table av-2ek5rw-66b31a0220fc92c107a40b83ca4322f4 sc-av_one_third av-equal-height-column-flextable'>\n<style type=\"text\/css\" data-created_by=\"avia_inline_auto\" id=\"style-css-av-2ek5rw-66b31a0220fc92c107a40b83ca4322f4\">\n@keyframes av_boxShadowEffect_av-2ek5rw-66b31a0220fc92c107a40b83ca4322f4-column {\n0%   { box-shadow:  0 0 0 0 #af7242; opacity: 1; }\n100% { box-shadow:  0 0 20px 0 #af7242; opacity: 1; }\n}\n.flex_column.av-2ek5rw-66b31a0220fc92c107a40b83ca4322f4{\nwidth:31.333333333333%;\nmargin-left:0;\nbox-shadow: 0 0 20px 0 #af7242;\nborder-radius:15px 15px 15px 15px;\npadding:10px 10px 10px 10px;\n}\n#top .flex_column_table.av-equal-height-column-flextable.av-2ek5rw-66b31a0220fc92c107a40b83ca4322f4 .av-flex-placeholder{\nwidth:3%;\n}\n<\/style>\n<div  class='flex_column av-2ek5rw-66b31a0220fc92c107a40b83ca4322f4 av_one_third  avia-builder-el-7  el_before_av_one_third  avia-builder-el-first  first flex_column_table_cell av-equal-height-column av-align-middle av-animated-generic top-to-bottom shadow-not-animated  '     ><section  class='av_textblock_section av-mj1817ld-156fa593f2da6400826ebf00db7f65cd '   itemscope=\"itemscope\" itemtype=\"https:\/\/schema.org\/CreativeWork\" ><div class='avia_textblock'  itemprop=\"text\" ><div class='avia-iframe-wrap'><iframe title=\"Gesztes b\u00fckk t\u00e1l bels\u0151 r\u00e9sz\u00e9nek eszterg\u00e1l\u00e1sa\" width=\"1500\" height=\"844\" data-src=\"https:\/\/www.youtube.com\/embed\/qzk4hKvCTTI?feature=oembed\" frameborder=\"0\" allow=\"accelerometer; autoplay; clipboard-write; encrypted-media; gyroscope; picture-in-picture; web-share\" referrerpolicy=\"strict-origin-when-cross-origin\" allowfullscreen src=\"data:image\/svg+xml;base64,PHN2ZyB3aWR0aD0iMSIgaGVpZ2h0PSIxIiB4bWxucz0iaHR0cDovL3d3dy53My5vcmcvMjAwMC9zdmciPjwvc3ZnPg==\" class=\"lazyload\" data-load-mode=\"1\"><\/iframe><\/div>\n<\/div><\/section><\/div><div class='av-flex-placeholder'><\/div>\n<style type=\"text\/css\" data-created_by=\"avia_inline_auto\" id=\"style-css-av-2tftk-4284c32c1c1227f663b46f3f2217601a\">\n@keyframes av_boxShadowEffect_av-2tftk-4284c32c1c1227f663b46f3f2217601a-column {\n0%   { box-shadow:  0 0 0 0 #af7242; opacity: 1; }\n100% { box-shadow:  0 0 20px 0 #af7242; opacity: 1; }\n}\n.flex_column.av-2tftk-4284c32c1c1227f663b46f3f2217601a{\nwidth:31.333333333333%;\nmargin-left:0;\nbox-shadow: 0 0 20px 0 #af7242;\nborder-radius:15px 15px 15px 15px;\npadding:10px 10px 10px 10px;\n}\n#top .flex_column_table.av-equal-height-column-flextable.av-2tftk-4284c32c1c1227f663b46f3f2217601a .av-flex-placeholder{\nwidth:3%;\n}\n<\/style>\n<div  class='flex_column av-2tftk-4284c32c1c1227f663b46f3f2217601a av_one_third  avia-builder-el-9  el_after_av_one_third  el_before_av_one_third  flex_column_table_cell av-equal-height-column av-align-middle av-animated-generic top-to-bottom shadow-not-animated  '     ><section  class='av_textblock_section av-mj18455a-75165e6fa8e2ae7de176cf18e59fa3c8 '   itemscope=\"itemscope\" itemtype=\"https:\/\/schema.org\/CreativeWork\" ><div class='avia_textblock'  itemprop=\"text\" ><div class='avia-iframe-wrap'><iframe title=\"Torn\u00e1coszlop eszterg\u00e1l\u00e1sa\" width=\"1500\" height=\"844\" data-src=\"https:\/\/www.youtube.com\/embed\/xiwuunlygzk?feature=oembed\" frameborder=\"0\" allow=\"accelerometer; autoplay; clipboard-write; encrypted-media; gyroscope; picture-in-picture; web-share\" referrerpolicy=\"strict-origin-when-cross-origin\" allowfullscreen src=\"data:image\/svg+xml;base64,PHN2ZyB3aWR0aD0iMSIgaGVpZ2h0PSIxIiB4bWxucz0iaHR0cDovL3d3dy53My5vcmcvMjAwMC9zdmciPjwvc3ZnPg==\" class=\"lazyload\" data-load-mode=\"1\"><\/iframe><\/div>\n<\/div><\/section><\/div><div class='av-flex-placeholder'><\/div>\n<style type=\"text\/css\" data-created_by=\"avia_inline_auto\" id=\"style-css-av-no8dc-7d42b905a88ed848952c64f3e6493c21\">\n@keyframes av_boxShadowEffect_av-no8dc-7d42b905a88ed848952c64f3e6493c21-column {\n0%   { box-shadow:  0 0 0 0 #af7242; opacity: 1; }\n100% { box-shadow:  0 0 20px 0 #af7242; opacity: 1; }\n}\n.flex_column.av-no8dc-7d42b905a88ed848952c64f3e6493c21{\nwidth:31.333333333333%;\nmargin-left:0;\nbox-shadow: 0 0 20px 0 #af7242;\nborder-radius:15px 15px 15px 15px;\npadding:10px 10px 10px 10px;\n}\n#top .flex_column_table.av-equal-height-column-flextable.av-no8dc-7d42b905a88ed848952c64f3e6493c21 .av-flex-placeholder{\nwidth:3%;\n}\n<\/style>\n<div  class='flex_column av-no8dc-7d42b905a88ed848952c64f3e6493c21 av_one_third  avia-builder-el-11  el_after_av_one_third  el_before_av_one_third  flex_column_table_cell av-equal-height-column av-align-middle av-animated-generic top-to-bottom shadow-not-animated  '     ><section  class='av_textblock_section av-mj184u63-6ae927852224e38f388fb52c75be2dae '   itemscope=\"itemscope\" itemtype=\"https:\/\/schema.org\/CreativeWork\" ><div class='avia_textblock'  itemprop=\"text\" ><div class='avia-iframe-wrap'><iframe title=\"V\u00e1za (di\u00f3, k\u0151ris) eszterg\u00e1l\u00e1sa\" width=\"1500\" height=\"844\" data-src=\"https:\/\/www.youtube.com\/embed\/BgDaV-2rUM8?feature=oembed\" frameborder=\"0\" allow=\"accelerometer; autoplay; clipboard-write; encrypted-media; gyroscope; picture-in-picture; web-share\" referrerpolicy=\"strict-origin-when-cross-origin\" allowfullscreen src=\"data:image\/svg+xml;base64,PHN2ZyB3aWR0aD0iMSIgaGVpZ2h0PSIxIiB4bWxucz0iaHR0cDovL3d3dy53My5vcmcvMjAwMC9zdmciPjwvc3ZnPg==\" class=\"lazyload\" data-load-mode=\"1\"><\/iframe><\/div>\n<\/div><\/section><\/div><\/div><!--close column table wrapper. Autoclose: 1 --><div class='flex_column_table av-g0ig0-6931c0c969c37ce35f9c7970095a211d sc-av_one_third av-equal-height-column-flextable'>\n<style type=\"text\/css\" data-created_by=\"avia_inline_auto\" id=\"style-css-av-g0ig0-6931c0c969c37ce35f9c7970095a211d\">\n@keyframes av_boxShadowEffect_av-g0ig0-6931c0c969c37ce35f9c7970095a211d-column {\n0%   { box-shadow:  0 0 0 0 #af7242; opacity: 1; }\n100% { box-shadow:  0 0 20px 0 #af7242; opacity: 1; }\n}\n.flex_column.av-g0ig0-6931c0c969c37ce35f9c7970095a211d{\nwidth:31.333333333333%;\nmargin-left:0;\nbox-shadow: 0 0 20px 0 #af7242;\nborder-radius:15px 15px 15px 15px;\npadding:10px 10px 10px 10px;\n}\n#top .flex_column_table.av-equal-height-column-flextable.av-g0ig0-6931c0c969c37ce35f9c7970095a211d .av-flex-placeholder{\nwidth:3%;\n}\n<\/style>\n<div  class='flex_column av-g0ig0-6931c0c969c37ce35f9c7970095a211d av_one_third  avia-builder-el-13  el_after_av_one_third  el_before_av_one_third  first flex_column_table_cell av-equal-height-column av-align-middle av-animated-generic top-to-bottom shadow-not-animated  column-top-margin'     ><section  class='av_textblock_section av-mj18592r-310ea23b160d4751070635bd6e0fb746 '   itemscope=\"itemscope\" itemtype=\"https:\/\/schema.org\/CreativeWork\" ><div class='avia_textblock'  itemprop=\"text\" ><div class='avia-iframe-wrap'><iframe title=\"D\u00edszbaba eszterg\u00e1l\u00e1sa (karnisv\u00e9g)\" width=\"1500\" height=\"844\" data-src=\"https:\/\/www.youtube.com\/embed\/V0Vbz6Ol5rQ?feature=oembed\" frameborder=\"0\" allow=\"accelerometer; autoplay; clipboard-write; encrypted-media; gyroscope; picture-in-picture; web-share\" referrerpolicy=\"strict-origin-when-cross-origin\" allowfullscreen src=\"data:image\/svg+xml;base64,PHN2ZyB3aWR0aD0iMSIgaGVpZ2h0PSIxIiB4bWxucz0iaHR0cDovL3d3dy53My5vcmcvMjAwMC9zdmciPjwvc3ZnPg==\" class=\"lazyload\" data-load-mode=\"1\"><\/iframe><\/div>\n<\/div><\/section><\/div><div class='av-flex-placeholder'><\/div>\n<style type=\"text\/css\" data-created_by=\"avia_inline_auto\" id=\"style-css-av-8r03c-903cbc312b5c4be41770c0a9258f0370\">\n@keyframes av_boxShadowEffect_av-8r03c-903cbc312b5c4be41770c0a9258f0370-column {\n0%   { box-shadow:  0 0 0 0 #af7242; opacity: 1; }\n100% { box-shadow:  0 0 20px 0 #af7242; opacity: 1; }\n}\n.flex_column.av-8r03c-903cbc312b5c4be41770c0a9258f0370{\nwidth:31.333333333333%;\nmargin-left:0;\nbox-shadow: 0 0 20px 0 #af7242;\nborder-radius:15px 15px 15px 15px;\npadding:10px 10px 10px 10px;\n}\n#top .flex_column_table.av-equal-height-column-flextable.av-8r03c-903cbc312b5c4be41770c0a9258f0370 .av-flex-placeholder{\nwidth:3%;\n}\n<\/style>\n<div  class='flex_column av-8r03c-903cbc312b5c4be41770c0a9258f0370 av_one_third  avia-builder-el-15  el_after_av_one_third  avia-builder-el-last  flex_column_table_cell av-equal-height-column av-align-middle av-animated-generic top-to-bottom shadow-not-animated  column-top-margin'     ><section  class='av_textblock_section av-mj185o47-247809ecbf10b083af4f356edc01b2fb '   itemscope=\"itemscope\" itemtype=\"https:\/\/schema.org\/CreativeWork\" ><div class='avia_textblock'  itemprop=\"text\" ><div class='avia-iframe-wrap'><iframe title=\"Torn\u00e1coszlop fels\u0151 n\u00e9gysz\u00f6gletes v\u00e9gz\u0151d\u00e9s\u00e9nek (fej\u00e9nek) eszterg\u00e1l\u00e1sa\" width=\"1500\" height=\"844\" data-src=\"https:\/\/www.youtube.com\/embed\/Ir5o5sb8Tzo?feature=oembed\" frameborder=\"0\" allow=\"accelerometer; autoplay; clipboard-write; encrypted-media; gyroscope; picture-in-picture; web-share\" referrerpolicy=\"strict-origin-when-cross-origin\" allowfullscreen src=\"data:image\/svg+xml;base64,PHN2ZyB3aWR0aD0iMSIgaGVpZ2h0PSIxIiB4bWxucz0iaHR0cDovL3d3dy53My5vcmcvMjAwMC9zdmciPjwvc3ZnPg==\" class=\"lazyload\" data-load-mode=\"1\"><\/iframe><\/div>\n<\/div><\/section><\/div><\/div><!--close column table wrapper. Autoclose: 1 -->\n\n<\/div><\/div><\/div><!-- close content main div --><\/div><\/div><div id='av_section_3'  class='avia-section av-cf5mwa-24e316a7e6e189cb944519ad0dc42886 footer_color avia-section-default avia-no-border-styling  avia-builder-el-17  el_after_av_section  avia-builder-el-last  avia-bg-style-scroll av-minimum-height av-minimum-height-custom av-height-custom  container_wrap fullsize'   data-av_minimum_height_px='141'><div class='container av-section-cont-open' style='height:141px'><div class='template-page content  av-content-full alpha units'><div class='post-entry post-entry-type-page post-entry-1306'><div class='entry-content-wrapper clearfix'>\n<div class='flex_column_table av-b1pde2-e5f4fa5a50d283db3d441d8f0dd93812 sc-av_one_fourth av-equal-height-column-flextable'><div  class='flex_column av-b1pde2-e5f4fa5a50d283db3d441d8f0dd93812 av_one_fourth  avia-builder-el-18  el_before_av_one_half  avia-builder-el-first  first flex_column_table_cell av-equal-height-column av-align-top  '     ><style type=\"text\/css\" data-created_by=\"avia_inline_auto\" id=\"style-css-av-98ou4q-bdb400c638dd5f747a3e0f421ac2ce49\">\n.avia-image-container.av-98ou4q-bdb400c638dd5f747a3e0f421ac2ce49 img.avia_image{\nbox-shadow:none;\n}\n.avia-image-container.av-98ou4q-bdb400c638dd5f747a3e0f421ac2ce49 .av-image-caption-overlay-center{\ncolor:#ffffff;\n}\n<\/style>\n<div  class='avia-image-container av-98ou4q-bdb400c638dd5f747a3e0f421ac2ce49 av-styling- avia-align-center  avia-builder-el-19  avia-builder-el-no-sibling '   itemprop=\"image\" itemscope=\"itemscope\" itemtype=\"https:\/\/schema.org\/ImageObject\" ><div class=\"avia-image-container-inner\"><div class=\"avia-image-overlay-wrap\"><img decoding=\"async\" fetchpriority=\"high\" class='wp-image-1776 avia-img-lazy-loading-not-1776 avia_image ' src=\"https:\/\/wildanger.hu\/wp-content\/uploads\/DSP_logo_vector.svg\" alt='' title='DSP_logo_vector'  height=\"276\" width=\"500\"  itemprop=\"thumbnailUrl\"  \/><\/div><\/div><\/div><\/div><div class='av-flex-placeholder'><\/div><div  class='flex_column av-6uuk4q-8acaf9f13cd81f20bbef5c172560ed10 av_one_half  avia-builder-el-20  el_after_av_one_fourth  el_before_av_one_fourth  flex_column_table_cell av-equal-height-column av-align-top  '     ><style type=\"text\/css\" data-created_by=\"avia_inline_auto\" id=\"style-css-av-59uqe2-be9b8bd9113b04d7dfce447358858d32\">\n#top .av_textblock_section.av-59uqe2-be9b8bd9113b04d7dfce447358858d32 .avia_textblock{\nfont-size:18px;\n}\n<\/style>\n<section  class='av_textblock_section av-59uqe2-be9b8bd9113b04d7dfce447358858d32 '   itemscope=\"itemscope\" itemtype=\"https:\/\/schema.org\/CreativeWork\" ><div class='avia_textblock demjan'  itemprop=\"text\" ><p style=\"text-align: center;\">Die Website wurde im Rahmen und mit Unterst\u00fctzung des Programms von S\u00e1ndor Demj\u00e1n erstellt.<\/p>\n<\/div><\/section><\/div><div class='av-flex-placeholder'><\/div><div  class='flex_column av-htbfe-3daa3510a2b6fe458570e0edf0dc0853 av_one_fourth  avia-builder-el-22  el_after_av_one_half  avia-builder-el-last  flex_column_table_cell av-equal-height-column av-align-top  '     ><style type=\"text\/css\" data-created_by=\"avia_inline_auto\" id=\"style-css-av-2fm6e2-24aa3b43bf514cd4fdcacc2d6ab7abc8\">\n.avia-image-container.av-2fm6e2-24aa3b43bf514cd4fdcacc2d6ab7abc8 img.avia_image{\nbox-shadow:none;\n}\n.avia-image-container.av-2fm6e2-24aa3b43bf514cd4fdcacc2d6ab7abc8 .av-image-caption-overlay-center{\ncolor:#ffffff;\n}\n<\/style>\n<div  class='avia-image-container av-2fm6e2-24aa3b43bf514cd4fdcacc2d6ab7abc8 av-styling- avia-align-center  avia-builder-el-23  avia-builder-el-no-sibling '   itemprop=\"image\" itemscope=\"itemscope\" itemtype=\"https:\/\/schema.org\/ImageObject\" ><div class=\"avia-image-container-inner\"><div class=\"avia-image-overlay-wrap\"><img decoding=\"async\" fetchpriority=\"high\" class='wp-image-1777 avia-img-lazy-loading-not-1777 avia_image ' src=\"https:\/\/wildanger.hu\/wp-content\/uploads\/NEUM_logo_vector.svg\" alt='' title='NEUM_logo_vector'  height=\"176\" width=\"500\"  itemprop=\"thumbnailUrl\"  \/><\/div><\/div><\/div><\/div><\/div><!--close column table wrapper. Autoclose: 1 -->\n\n","protected":false},"excerpt":{"rendered":"","protected":false},"author":1,"featured_media":0,"parent":1298,"menu_order":0,"comment_status":"closed","ping_status":"closed","template":"","meta":{"footnotes":""},"class_list":["post-1306","page","type-page","status-publish","hentry"],"yoast_head":"<!-- This site is optimized with the Yoast SEO Premium plugin v26.9 (Yoast SEO v26.9) - https:\/\/yoast.com\/product\/yoast-seo-premium-wordpress\/ -->\n<title>Drechsel-Videos - Wildanger<\/title>\n<meta name=\"robots\" content=\"index, follow, max-snippet:-1, max-image-preview:large, max-video-preview:-1\" \/>\n<link rel=\"canonical\" href=\"https:\/\/wildanger.hu\/de\/drechslerei\/drechsel-videos\/\" \/>\n<meta property=\"og:locale\" content=\"de_DE\" \/>\n<meta property=\"og:type\" content=\"article\" \/>\n<meta property=\"og:title\" content=\"Drechsel-Videos\" \/>\n<meta property=\"og:url\" content=\"https:\/\/wildanger.hu\/de\/drechslerei\/drechsel-videos\/\" \/>\n<meta property=\"og:site_name\" content=\"Wildanger\" \/>\n<meta property=\"article:modified_time\" content=\"2026-02-17T14:20:47+00:00\" \/>\n<meta name=\"twitter:card\" content=\"summary_large_image\" \/>\n<script type=\"application\/ld+json\" class=\"yoast-schema-graph\">{\"@context\":\"https:\/\/schema.org\",\"@graph\":[{\"@type\":\"WebPage\",\"@id\":\"https:\/\/wildanger.hu\/de\/drechslerei\/drechsel-videos\/\",\"url\":\"https:\/\/wildanger.hu\/de\/drechslerei\/drechsel-videos\/\",\"name\":\"Drechsel-Videos - Wildanger\",\"isPartOf\":{\"@id\":\"https:\/\/wildanger.hu\/#website\"},\"datePublished\":\"2025-11-19T12:14:45+00:00\",\"dateModified\":\"2026-02-17T14:20:47+00:00\",\"breadcrumb\":{\"@id\":\"https:\/\/wildanger.hu\/de\/drechslerei\/drechsel-videos\/#breadcrumb\"},\"inLanguage\":\"de\",\"potentialAction\":[{\"@type\":\"ReadAction\",\"target\":[\"https:\/\/wildanger.hu\/de\/drechslerei\/drechsel-videos\/\"]}]},{\"@type\":\"BreadcrumbList\",\"@id\":\"https:\/\/wildanger.hu\/de\/drechslerei\/drechsel-videos\/#breadcrumb\",\"itemListElement\":[{\"@type\":\"ListItem\",\"position\":1,\"name\":\"Kezd\u0151lap\",\"item\":\"https:\/\/wildanger.hu\/de\/startseite\/\"},{\"@type\":\"ListItem\",\"position\":2,\"name\":\"Drechslerei\",\"item\":\"https:\/\/wildanger.hu\/de\/drechslerei\/\"},{\"@type\":\"ListItem\",\"position\":3,\"name\":\"Drechsel-Videos\"}]},{\"@type\":\"WebSite\",\"@id\":\"https:\/\/wildanger.hu\/#website\",\"url\":\"https:\/\/wildanger.hu\/\",\"name\":\"Wildanger\",\"description\":\"\",\"potentialAction\":[{\"@type\":\"SearchAction\",\"target\":{\"@type\":\"EntryPoint\",\"urlTemplate\":\"https:\/\/wildanger.hu\/?s={search_term_string}\"},\"query-input\":{\"@type\":\"PropertyValueSpecification\",\"valueRequired\":true,\"valueName\":\"search_term_string\"}}],\"inLanguage\":\"de\"}]}<\/script>\n<!-- \/ Yoast SEO Premium plugin. -->","yoast_head_json":{"title":"Drechsel-Videos - Wildanger","robots":{"index":"index","follow":"follow","max-snippet":"max-snippet:-1","max-image-preview":"max-image-preview:large","max-video-preview":"max-video-preview:-1"},"canonical":"https:\/\/wildanger.hu\/de\/drechslerei\/drechsel-videos\/","og_locale":"de_DE","og_type":"article","og_title":"Drechsel-Videos","og_url":"https:\/\/wildanger.hu\/de\/drechslerei\/drechsel-videos\/","og_site_name":"Wildanger","article_modified_time":"2026-02-17T14:20:47+00:00","twitter_card":"summary_large_image","schema":{"@context":"https:\/\/schema.org","@graph":[{"@type":"WebPage","@id":"https:\/\/wildanger.hu\/de\/drechslerei\/drechsel-videos\/","url":"https:\/\/wildanger.hu\/de\/drechslerei\/drechsel-videos\/","name":"Drechsel-Videos - Wildanger","isPartOf":{"@id":"https:\/\/wildanger.hu\/#website"},"datePublished":"2025-11-19T12:14:45+00:00","dateModified":"2026-02-17T14:20:47+00:00","breadcrumb":{"@id":"https:\/\/wildanger.hu\/de\/drechslerei\/drechsel-videos\/#breadcrumb"},"inLanguage":"de","potentialAction":[{"@type":"ReadAction","target":["https:\/\/wildanger.hu\/de\/drechslerei\/drechsel-videos\/"]}]},{"@type":"BreadcrumbList","@id":"https:\/\/wildanger.hu\/de\/drechslerei\/drechsel-videos\/#breadcrumb","itemListElement":[{"@type":"ListItem","position":1,"name":"Kezd\u0151lap","item":"https:\/\/wildanger.hu\/de\/startseite\/"},{"@type":"ListItem","position":2,"name":"Drechslerei","item":"https:\/\/wildanger.hu\/de\/drechslerei\/"},{"@type":"ListItem","position":3,"name":"Drechsel-Videos"}]},{"@type":"WebSite","@id":"https:\/\/wildanger.hu\/#website","url":"https:\/\/wildanger.hu\/","name":"Wildanger","description":"","potentialAction":[{"@type":"SearchAction","target":{"@type":"EntryPoint","urlTemplate":"https:\/\/wildanger.hu\/?s={search_term_string}"},"query-input":{"@type":"PropertyValueSpecification","valueRequired":true,"valueName":"search_term_string"}}],"inLanguage":"de"}]}},"_links":{"self":[{"href":"https:\/\/wildanger.hu\/de\/wp-json\/wp\/v2\/pages\/1306","targetHints":{"allow":["GET"]}}],"collection":[{"href":"https:\/\/wildanger.hu\/de\/wp-json\/wp\/v2\/pages"}],"about":[{"href":"https:\/\/wildanger.hu\/de\/wp-json\/wp\/v2\/types\/page"}],"author":[{"embeddable":true,"href":"https:\/\/wildanger.hu\/de\/wp-json\/wp\/v2\/users\/1"}],"replies":[{"embeddable":true,"href":"https:\/\/wildanger.hu\/de\/wp-json\/wp\/v2\/comments?post=1306"}],"version-history":[{"count":10,"href":"https:\/\/wildanger.hu\/de\/wp-json\/wp\/v2\/pages\/1306\/revisions"}],"predecessor-version":[{"id":2235,"href":"https:\/\/wildanger.hu\/de\/wp-json\/wp\/v2\/pages\/1306\/revisions\/2235"}],"up":[{"embeddable":true,"href":"https:\/\/wildanger.hu\/de\/wp-json\/wp\/v2\/pages\/1298"}],"wp:attachment":[{"href":"https:\/\/wildanger.hu\/de\/wp-json\/wp\/v2\/media?parent=1306"}],"curies":[{"name":"wp","href":"https:\/\/api.w.org\/{rel}","templated":true}]}}