{"id":1298,"date":"2025-11-07T14:50:57","date_gmt":"2025-11-07T13:50:57","guid":{"rendered":"https:\/\/wildanger.hu\/?page_id=1298"},"modified":"2026-02-17T15:14:28","modified_gmt":"2026-02-17T14:14:28","slug":"drechslerei","status":"publish","type":"page","link":"https:\/\/wildanger.hu\/de\/drechslerei\/","title":{"rendered":"Drechslerei"},"content":{"rendered":"<div class='clear'><\/div><div id='sub_menu1'  class='av-submenu-container av-mhyypmwg-35adcaa51106ae957698c1ece5cdb6e3 header_color  avia-builder-el-0  el_before_av_section  avia-builder-el-first  av-sticky-submenu container_wrap fullsize' style='z-index:301' ><div class='container av-menu-mobile-disabled av-submenu-pos-center'><ul id='av-custom-submenu-1' class='av-subnav-menu' role='menu'>\n<li class='menu-item av-mhyypee0-c39742253aeb4bc6fa89554983b8a071 menu-item-top-level av-menu-button av-menu-button-bordered menu-item-top-level-1' role='menuitem'><a href='https:\/\/wildanger.hu\/de\/drechslerei\/unsere-produkte\/'  ><span class='avia-bullet'><\/span><span class='avia-menu-text'>Unsere Produkte<\/span><\/a><\/li>\n<li class='menu-item av-mi5yt0ad-3cdb83953e64a8cd0a9c4568132404a1 menu-item-top-level av-menu-button av-menu-button-bordered menu-item-top-level-2' role='menuitem'><a href='https:\/\/wildanger.hu\/de\/drechslerei\/drechsel-videos\/'  ><span class='avia-bullet'><\/span><span class='avia-menu-text'>Drechsel-Videos<\/span><\/a><\/li>\n<\/ul><\/div><\/div><div class='sticky_placeholder'><\/div>\n\n<style type=\"text\/css\" data-created_by=\"avia_inline_auto\" id=\"style-css-av-mhyycknu-8c532c9cbb9c25161a7cb9d558615d97\">\n.avia-section.av-mhyycknu-8c532c9cbb9c25161a7cb9d558615d97{\nbackground-repeat:no-repeat;\nbackground-image:url(https:\/\/wildanger.hu\/wp-content\/uploads\/Faesztergalas-borito-1030x464.jpg);\nbackground-position:50% 0%;\nbackground-attachment:scroll;\n}\n.avia-section.av-mhyycknu-8c532c9cbb9c25161a7cb9d558615d97 .av-section-color-overlay{\nopacity:0.2;\nbackground-color:#2b1a08;\n}\n<\/style>\n<div id='av_section_1'  class='avia-section av-mhyycknu-8c532c9cbb9c25161a7cb9d558615d97 main_color avia-section-large avia-no-border-styling  avia-builder-el-1  el_after_av_submenu  el_before_av_section  avia-full-stretch avia-bg-style-scroll av-section-color-overlay-active av-minimum-height av-minimum-height-50 av-height-50  container_wrap fullsize'  data-section-bg-repeat='stretch' data-av_minimum_height_pc='50' data-av_min_height_opt='50'><div class=\"av-section-color-overlay-wrap\"><div class=\"av-section-color-overlay\"><\/div><div class='container av-section-cont-open' ><div class='template-page content  av-content-full alpha units'><div class='post-entry post-entry-type-page post-entry-1298'><div class='entry-content-wrapper clearfix'>\n<div  class='flex_column av-1b8l36-5a294d6d61f88c2846d718d4c22f81df av_one_fifth  avia-builder-el-2  el_before_av_three_fifth  avia-builder-el-first  first flex_column_div  '     ><\/div><div  class='flex_column av-12fh6y-571a11cb0be87f1bad9c2737e22f456f av_three_fifth  avia-builder-el-3  el_after_av_one_fifth  el_before_av_one_fifth  flex_column_div  '     ><p>\n<style type=\"text\/css\" data-created_by=\"avia_inline_auto\" id=\"style-css-av-mhyycznt-d9cf39f785045bf968aa05f4ee1a202c\">\n#top .av-special-heading.av-mhyycznt-d9cf39f785045bf968aa05f4ee1a202c{\npadding-bottom:10px;\ncolor:#ffffff;\nfont-size:40px;\n}\nbody .av-special-heading.av-mhyycznt-d9cf39f785045bf968aa05f4ee1a202c .av-special-heading-tag .heading-char{\nfont-size:25px;\n}\n#top #wrap_all .av-special-heading.av-mhyycznt-d9cf39f785045bf968aa05f4ee1a202c .av-special-heading-tag{\nfont-size:40px;\n}\n.av-special-heading.av-mhyycznt-d9cf39f785045bf968aa05f4ee1a202c .special-heading-inner-border{\nborder-color:#ffffff;\n}\n.av-special-heading.av-mhyycznt-d9cf39f785045bf968aa05f4ee1a202c .av-subheading{\nfont-size:15px;\n}\n\n@media only screen and (min-width: 480px) and (max-width: 767px){ \n#top #wrap_all .av-special-heading.av-mhyycznt-d9cf39f785045bf968aa05f4ee1a202c .av-special-heading-tag{\nfont-size:0.8em;\n}\n}\n\n@media only screen and (max-width: 479px){ \n#top #wrap_all .av-special-heading.av-mhyycznt-d9cf39f785045bf968aa05f4ee1a202c .av-special-heading-tag{\nfont-size:0.8em;\n}\n}\n<\/style>\n<div  class='av-special-heading av-mhyycznt-d9cf39f785045bf968aa05f4ee1a202c av-special-heading-h1 custom-color-heading blockquote modern-quote modern-centered  avia-builder-el-4  el_before_av_hr  avia-builder-el-first  av-inherit-size'><h1 class='av-special-heading-tag '  itemprop=\"headline\"  >Drechslerei<\/h1><div class=\"special-heading-border\"><div class=\"special-heading-inner-border\"><\/div><\/div><\/div><br \/>\n\n<style type=\"text\/css\" data-created_by=\"avia_inline_auto\" id=\"style-css-av-wqsd6-6c812d5f3c7faf3e610853f44ffe2c4a\">\n#top .hr.av-wqsd6-6c812d5f3c7faf3e610853f44ffe2c4a{\nmargin-top:40px;\nmargin-bottom:40px;\n}\n.hr.av-wqsd6-6c812d5f3c7faf3e610853f44ffe2c4a .hr-inner{\nwidth:50px;\nborder-color:#ffffff;\n}\n<\/style>\n<div  class='hr av-wqsd6-6c812d5f3c7faf3e610853f44ffe2c4a hr-custom  avia-builder-el-5  el_after_av_heading  avia-builder-el-last  hr-center hr-icon-no'><span class='hr-inner inner-border-av-border-fat'><span class=\"hr-inner-style\"><\/span><\/span><\/div><\/p><\/div><div  class='flex_column av-a4lu-8e18e360484a2dbad19edcc863aebaf4 av_one_fifth  avia-builder-el-6  el_after_av_three_fifth  avia-builder-el-last  flex_column_div  '     ><\/div>\n\n<\/div><\/div><\/div><!-- close content main div --><\/div><\/div><\/div><div id='av_section_2'  class='avia-section av-mf0vm-f679820d1ce68c8461c1a6fab4548068 main_color avia-section-default avia-no-border-styling  avia-builder-el-7  el_after_av_section  el_before_av_section  avia-bg-style-scroll container_wrap fullsize'  ><div class='container av-section-cont-open' ><div class='template-page content  av-content-full alpha units'><div class='post-entry post-entry-type-page post-entry-1298'><div class='entry-content-wrapper clearfix'>\n<div class='flex_column_table av-ergcq-ea4f0189af245b90ba655287a8f98329 sc-av_two_third av-equal-height-column-flextable'>\n<style type=\"text\/css\" data-created_by=\"avia_inline_auto\" id=\"style-css-av-ergcq-ea4f0189af245b90ba655287a8f98329\">\n.flex_column.av-ergcq-ea4f0189af245b90ba655287a8f98329{\nwidth:65.666666666667%;\nmargin-left:0;\n}\n#top .flex_column_table.av-equal-height-column-flextable.av-ergcq-ea4f0189af245b90ba655287a8f98329 .av-flex-placeholder{\nwidth:3%;\n}\n<\/style>\n<div  class='flex_column av-ergcq-ea4f0189af245b90ba655287a8f98329 av_two_third  avia-builder-el-8  el_before_av_one_third  avia-builder-el-first  first flex_column_table_cell av-equal-height-column av-align-middle  '     ><section  class='av_textblock_section av-agma2-e9e9a8d75f72618a71b61fae99207251 '   itemscope=\"itemscope\" itemtype=\"https:\/\/schema.org\/CreativeWork\" ><div class='avia_textblock'  itemprop=\"text\" ><p><span style=\"font-weight: 400;\">Unsere Drechslerwerkstatt besteht seit 1890, seit mehr als einem Jahrhundert beliefern wir unsere Kunden mit anspruchsvollen und langlebigen Arbeiten. Zu unseren Hauptprofilen geh\u00f6ren besondere S\u00e4ulen f\u00fcr Veranden \u2013 bis zu 3,5 Meter L\u00e4nge \u2013, gedrechselte und mit Schilf geflochtene St\u00fchle und Kinderst\u00fchle sowie verschiedene Zierst\u00fccke wie Schalen, Vasen, Schmuckschatullen,\u00a0\u00a0Haselnussspender oder Kerzenhalter. Dar\u00fcber hinaus fertigen wir auch M\u00f6belteile, wobei wir stets gro\u00dfen Wert auf pr\u00e4zise Ausf\u00fchrung und den Erhalt der nat\u00fcrlichen Sch\u00f6nheit des Holzes legen. Unser Ziel ist es, dass jedes St\u00fcck ein einzigartiges, dauerhaftes und Freude bereitendes Werk wird, das seinem Besitzer viele Jahre lang dient.<\/span><\/p>\n<p><span style=\"font-weight: 400;\">Die verschiedenen Dekorationsartikel sind auch in unserem Webshop erh\u00e4ltlich.<\/span><\/p>\n<\/div><\/section><\/div><div class='av-flex-placeholder'><\/div>\n<style type=\"text\/css\" data-created_by=\"avia_inline_auto\" id=\"style-css-av-y39e-8f236b1521a3be22e84e24d5f150fa3b\">\n.flex_column.av-y39e-8f236b1521a3be22e84e24d5f150fa3b{\nwidth:31.333333333333%;\nmargin-left:0;\n}\n#top .flex_column_table.av-equal-height-column-flextable.av-y39e-8f236b1521a3be22e84e24d5f150fa3b .av-flex-placeholder{\nwidth:3%;\n}\n<\/style>\n<div  class='flex_column av-y39e-8f236b1521a3be22e84e24d5f150fa3b av_one_third  avia-builder-el-10  el_after_av_two_third  avia-builder-el-last  flex_column_table_cell av-equal-height-column av-align-middle  '     ><style type=\"text\/css\" data-created_by=\"avia_inline_auto\" id=\"style-css-av-mi4l8bdx-0f7573ad1a9f4044ab35e9007f456c0e\">\n.avia-image-container.av-mi4l8bdx-0f7573ad1a9f4044ab35e9007f456c0e img.avia_image{\nbox-shadow:none;\n}\n.avia-image-container.av-mi4l8bdx-0f7573ad1a9f4044ab35e9007f456c0e .av-image-caption-overlay-center{\ncolor:#ffffff;\n}\n<\/style>\n<div  class='avia-image-container av-mi4l8bdx-0f7573ad1a9f4044ab35e9007f456c0e av-styling- avia-align-center  avia-builder-el-11  avia-builder-el-no-sibling '   itemprop=\"image\" itemscope=\"itemscope\" itemtype=\"https:\/\/schema.org\/ImageObject\" ><div class=\"avia-image-container-inner\"><div class=\"avia-image-overlay-wrap\"><img decoding=\"async\" fetchpriority=\"high\" class='wp-image-1297 avia-img-lazy-loading-not-1297 avia_image ' src=\"https:\/\/wildanger.hu\/wp-content\/uploads\/Bemutatkozo-melletti-kep-317x705.jpg\" alt='' title='Bemutatkoz\u00f3 melletti k\u00e9p'  height=\"705\" width=\"317\"  itemprop=\"thumbnailUrl\" srcset=\"https:\/\/wildanger.hu\/wp-content\/uploads\/Bemutatkozo-melletti-kep-317x705.jpg 317w, https:\/\/wildanger.hu\/wp-content\/uploads\/Bemutatkozo-melletti-kep-135x300.jpg 135w, https:\/\/wildanger.hu\/wp-content\/uploads\/Bemutatkozo-melletti-kep-464x1030.jpg 464w, https:\/\/wildanger.hu\/wp-content\/uploads\/Bemutatkozo-melletti-kep-768x1707.jpg 768w, https:\/\/wildanger.hu\/wp-content\/uploads\/Bemutatkozo-melletti-kep-691x1536.jpg 691w, https:\/\/wildanger.hu\/wp-content\/uploads\/Bemutatkozo-melletti-kep-922x2048.jpg 922w, https:\/\/wildanger.hu\/wp-content\/uploads\/Bemutatkozo-melletti-kep-675x1500.jpg 675w, https:\/\/wildanger.hu\/wp-content\/uploads\/Bemutatkozo-melletti-kep-scaled.jpg 1152w\" sizes=\"(max-width: 317px) 100vw, 317px\" \/><\/div><\/div><\/div><\/div><\/div><!--close column table wrapper. Autoclose: 1 -->\n\n<\/div><\/div><\/div><!-- close content main div --><\/div><\/div><div id='av_section_3'  class='avia-section av-c4p1si-fc098947b660e560f31348ea878e3988 footer_color avia-section-default avia-no-border-styling  avia-builder-el-12  el_after_av_section  avia-builder-el-last  avia-bg-style-scroll av-minimum-height av-minimum-height-custom av-height-custom  container_wrap fullsize'   data-av_minimum_height_px='141'><div class='container av-section-cont-open' style='height:141px'><div class='template-page content  av-content-full alpha units'><div class='post-entry post-entry-type-page post-entry-1298'><div class='entry-content-wrapper clearfix'>\n<div class='flex_column_table av-ayjk5u-48544c75efea99e7acb8f6439db3ccbd sc-av_one_fourth av-equal-height-column-flextable'><div  class='flex_column av-ayjk5u-48544c75efea99e7acb8f6439db3ccbd av_one_fourth  avia-builder-el-13  el_before_av_one_half  avia-builder-el-first  first flex_column_table_cell av-equal-height-column av-align-top  '     ><style type=\"text\/css\" data-created_by=\"avia_inline_auto\" id=\"style-css-av-91duj6-4146086d5d9f350edb0754848a0b1576\">\n.avia-image-container.av-91duj6-4146086d5d9f350edb0754848a0b1576 img.avia_image{\nbox-shadow:none;\n}\n.avia-image-container.av-91duj6-4146086d5d9f350edb0754848a0b1576 .av-image-caption-overlay-center{\ncolor:#ffffff;\n}\n<\/style>\n<div  class='avia-image-container av-91duj6-4146086d5d9f350edb0754848a0b1576 av-styling- avia-align-center  avia-builder-el-14  avia-builder-el-no-sibling '   itemprop=\"image\" itemscope=\"itemscope\" itemtype=\"https:\/\/schema.org\/ImageObject\" ><div class=\"avia-image-container-inner\"><div class=\"avia-image-overlay-wrap\"><img decoding=\"async\" fetchpriority=\"high\" class='wp-image-1776 avia-img-lazy-loading-not-1776 avia_image ' src=\"https:\/\/wildanger.hu\/wp-content\/uploads\/DSP_logo_vector.svg\" alt='' title='DSP_logo_vector'  height=\"276\" width=\"500\"  itemprop=\"thumbnailUrl\"  \/><\/div><\/div><\/div><\/div><div class='av-flex-placeholder'><\/div><div  class='flex_column av-88je9u-def3291d7f44f34cb6622305c32ba2a9 av_one_half  avia-builder-el-15  el_after_av_one_fourth  el_before_av_one_fourth  flex_column_table_cell av-equal-height-column av-align-top  '     ><style type=\"text\/css\" data-created_by=\"avia_inline_auto\" id=\"style-css-av-5c76ia-9abe530dfd31e1df957f277051283c4a\">\n#top .av_textblock_section.av-5c76ia-9abe530dfd31e1df957f277051283c4a .avia_textblock{\nfont-size:18px;\n}\n<\/style>\n<section  class='av_textblock_section av-5c76ia-9abe530dfd31e1df957f277051283c4a '   itemscope=\"itemscope\" itemtype=\"https:\/\/schema.org\/CreativeWork\" ><div class='avia_textblock demjan'  itemprop=\"text\" ><p style=\"text-align: center;\">Die Website wurde im Rahmen und mit Unterst\u00fctzung des Programms von S\u00e1ndor Demj\u00e1n erstellt.<\/p>\n<\/div><\/section><\/div><div class='av-flex-placeholder'><\/div><div  class='flex_column av-ejv0y-4541c4e6f1c2aa0efee9f61dd082c001 av_one_fourth  avia-builder-el-17  el_after_av_one_half  avia-builder-el-last  flex_column_table_cell av-equal-height-column av-align-top  '     ><style type=\"text\/css\" data-created_by=\"avia_inline_auto\" id=\"style-css-av-21ws1e-b509a35bfc51b102067ee749c6363ad6\">\n.avia-image-container.av-21ws1e-b509a35bfc51b102067ee749c6363ad6 img.avia_image{\nbox-shadow:none;\n}\n.avia-image-container.av-21ws1e-b509a35bfc51b102067ee749c6363ad6 .av-image-caption-overlay-center{\ncolor:#ffffff;\n}\n<\/style>\n<div  class='avia-image-container av-21ws1e-b509a35bfc51b102067ee749c6363ad6 av-styling- avia-align-center  avia-builder-el-18  avia-builder-el-no-sibling '   itemprop=\"image\" itemscope=\"itemscope\" itemtype=\"https:\/\/schema.org\/ImageObject\" ><div class=\"avia-image-container-inner\"><div class=\"avia-image-overlay-wrap\"><img decoding=\"async\" fetchpriority=\"high\" class='wp-image-1777 avia-img-lazy-loading-not-1777 avia_image ' src=\"https:\/\/wildanger.hu\/wp-content\/uploads\/NEUM_logo_vector.svg\" alt='' title='NEUM_logo_vector'  height=\"176\" width=\"500\"  itemprop=\"thumbnailUrl\"  \/><\/div><\/div><\/div><\/div><\/div><!--close column table wrapper. Autoclose: 1 -->\n\n","protected":false},"excerpt":{"rendered":"","protected":false},"author":1,"featured_media":0,"parent":0,"menu_order":0,"comment_status":"closed","ping_status":"closed","template":"","meta":{"footnotes":""},"class_list":["post-1298","page","type-page","status-publish","hentry"],"yoast_head":"<!-- This site is optimized with the Yoast SEO Premium plugin v26.9 (Yoast SEO v26.9) - https:\/\/yoast.com\/product\/yoast-seo-premium-wordpress\/ -->\n<title>Drechslerei - Wildanger<\/title>\n<meta name=\"robots\" content=\"index, follow, max-snippet:-1, max-image-preview:large, max-video-preview:-1\" \/>\n<link rel=\"canonical\" href=\"https:\/\/wildanger.hu\/de\/drechslerei\/\" \/>\n<meta property=\"og:locale\" content=\"de_DE\" \/>\n<meta property=\"og:type\" content=\"article\" \/>\n<meta property=\"og:title\" content=\"Drechslerei\" \/>\n<meta property=\"og:url\" content=\"https:\/\/wildanger.hu\/de\/drechslerei\/\" \/>\n<meta property=\"og:site_name\" content=\"Wildanger\" \/>\n<meta property=\"article:modified_time\" content=\"2026-02-17T14:14:28+00:00\" \/>\n<meta name=\"twitter:card\" content=\"summary_large_image\" \/>\n<script type=\"application\/ld+json\" class=\"yoast-schema-graph\">{\"@context\":\"https:\/\/schema.org\",\"@graph\":[{\"@type\":\"WebPage\",\"@id\":\"https:\/\/wildanger.hu\/de\/drechslerei\/\",\"url\":\"https:\/\/wildanger.hu\/de\/drechslerei\/\",\"name\":\"Drechslerei - Wildanger\",\"isPartOf\":{\"@id\":\"https:\/\/wildanger.hu\/#website\"},\"datePublished\":\"2025-11-07T13:50:57+00:00\",\"dateModified\":\"2026-02-17T14:14:28+00:00\",\"breadcrumb\":{\"@id\":\"https:\/\/wildanger.hu\/de\/drechslerei\/#breadcrumb\"},\"inLanguage\":\"de\",\"potentialAction\":[{\"@type\":\"ReadAction\",\"target\":[\"https:\/\/wildanger.hu\/de\/drechslerei\/\"]}]},{\"@type\":\"BreadcrumbList\",\"@id\":\"https:\/\/wildanger.hu\/de\/drechslerei\/#breadcrumb\",\"itemListElement\":[{\"@type\":\"ListItem\",\"position\":1,\"name\":\"Kezd\u0151lap\",\"item\":\"https:\/\/wildanger.hu\/de\/startseite\/\"},{\"@type\":\"ListItem\",\"position\":2,\"name\":\"Drechslerei\"}]},{\"@type\":\"WebSite\",\"@id\":\"https:\/\/wildanger.hu\/#website\",\"url\":\"https:\/\/wildanger.hu\/\",\"name\":\"Wildanger\",\"description\":\"\",\"potentialAction\":[{\"@type\":\"SearchAction\",\"target\":{\"@type\":\"EntryPoint\",\"urlTemplate\":\"https:\/\/wildanger.hu\/?s={search_term_string}\"},\"query-input\":{\"@type\":\"PropertyValueSpecification\",\"valueRequired\":true,\"valueName\":\"search_term_string\"}}],\"inLanguage\":\"de\"}]}<\/script>\n<!-- \/ Yoast SEO Premium plugin. -->","yoast_head_json":{"title":"Drechslerei - Wildanger","robots":{"index":"index","follow":"follow","max-snippet":"max-snippet:-1","max-image-preview":"max-image-preview:large","max-video-preview":"max-video-preview:-1"},"canonical":"https:\/\/wildanger.hu\/de\/drechslerei\/","og_locale":"de_DE","og_type":"article","og_title":"Drechslerei","og_url":"https:\/\/wildanger.hu\/de\/drechslerei\/","og_site_name":"Wildanger","article_modified_time":"2026-02-17T14:14:28+00:00","twitter_card":"summary_large_image","schema":{"@context":"https:\/\/schema.org","@graph":[{"@type":"WebPage","@id":"https:\/\/wildanger.hu\/de\/drechslerei\/","url":"https:\/\/wildanger.hu\/de\/drechslerei\/","name":"Drechslerei - Wildanger","isPartOf":{"@id":"https:\/\/wildanger.hu\/#website"},"datePublished":"2025-11-07T13:50:57+00:00","dateModified":"2026-02-17T14:14:28+00:00","breadcrumb":{"@id":"https:\/\/wildanger.hu\/de\/drechslerei\/#breadcrumb"},"inLanguage":"de","potentialAction":[{"@type":"ReadAction","target":["https:\/\/wildanger.hu\/de\/drechslerei\/"]}]},{"@type":"BreadcrumbList","@id":"https:\/\/wildanger.hu\/de\/drechslerei\/#breadcrumb","itemListElement":[{"@type":"ListItem","position":1,"name":"Kezd\u0151lap","item":"https:\/\/wildanger.hu\/de\/startseite\/"},{"@type":"ListItem","position":2,"name":"Drechslerei"}]},{"@type":"WebSite","@id":"https:\/\/wildanger.hu\/#website","url":"https:\/\/wildanger.hu\/","name":"Wildanger","description":"","potentialAction":[{"@type":"SearchAction","target":{"@type":"EntryPoint","urlTemplate":"https:\/\/wildanger.hu\/?s={search_term_string}"},"query-input":{"@type":"PropertyValueSpecification","valueRequired":true,"valueName":"search_term_string"}}],"inLanguage":"de"}]}},"_links":{"self":[{"href":"https:\/\/wildanger.hu\/de\/wp-json\/wp\/v2\/pages\/1298","targetHints":{"allow":["GET"]}}],"collection":[{"href":"https:\/\/wildanger.hu\/de\/wp-json\/wp\/v2\/pages"}],"about":[{"href":"https:\/\/wildanger.hu\/de\/wp-json\/wp\/v2\/types\/page"}],"author":[{"embeddable":true,"href":"https:\/\/wildanger.hu\/de\/wp-json\/wp\/v2\/users\/1"}],"replies":[{"embeddable":true,"href":"https:\/\/wildanger.hu\/de\/wp-json\/wp\/v2\/comments?post=1298"}],"version-history":[{"count":16,"href":"https:\/\/wildanger.hu\/de\/wp-json\/wp\/v2\/pages\/1298\/revisions"}],"predecessor-version":[{"id":2219,"href":"https:\/\/wildanger.hu\/de\/wp-json\/wp\/v2\/pages\/1298\/revisions\/2219"}],"wp:attachment":[{"href":"https:\/\/wildanger.hu\/de\/wp-json\/wp\/v2\/media?parent=1298"}],"curies":[{"name":"wp","href":"https:\/\/api.w.org\/{rel}","templated":true}]}}